{"id":34,"date":"2024-12-24T18:42:05","date_gmt":"2024-12-24T18:42:05","guid":{"rendered":"https:\/\/blog.universofamilia.com\/?page_id=34"},"modified":"2025-10-27T18:34:19","modified_gmt":"2025-10-27T18:34:19","slug":"quienes-somos","status":"publish","type":"page","link":"https:\/\/blog.universofamilia.com\/zh\/quienes-somos\/","title":{"rendered":"\u6211\u5011\u662f\u8ab0"},"content":{"rendered":"<p>\u6b61\u8fce\u4f86\u5230 <strong>\u5bb6\u5ead\u5b87\u5b99\u535a\u5ba2<\/strong>\uff0c\u4e00\u500b\u65e8\u5728\u6fc0\u52f5\u60a8\u3001\u652f\u6301\u60a8\u4e26\u63d0\u4f9b\u512a\u8cea\u5167\u5bb9\u4ee5\u8c50\u5bcc\u60a8\u65e5\u5e38\u751f\u6d3b\u7684\u7a7a\u9593\u3002\u6211\u5011\u7684\u90e8\u843d\u683c\u8a95\u751f\u65bc\u63a2\u7d22\u4e16\u754c\u4e0d\u540c\u7dad\u5ea6\u7684\u71b1\u60c5\uff0c\u4e26\u5206\u4eab\u8207\u60a8\u7684\u5bb6\u4eba\u606f\u606f\u76f8\u95dc\u7684\u7368\u7279\u9ad4\u9a57\u3002<\/p>\n\n\n\n<h3 class=\"wp-block-heading\">\u60a8\u6703\u5728\u5bb6\u5ead\u5b87\u5b99\u90e8\u843d\u683c\u4e0a\u767c\u73fe\u4ec0\u9ebc\uff1f<\/h3>\n\n\n\n<h4 class=\"wp-block-heading\"><strong>\u570b\u969b\u76ee\u7684\u5730<\/strong><\/h4>\n\n\n\n<p>\u6211\u5011\u5c07\u5e36\u60a8\u8e0f\u4e0a\u65c5\u7a0b\uff0c\u63a2\u7d22\u5730\u7403\u4e0a\u6700\u7f8e\u5999\u7684\u89d2\u843d\u3002\u5f9e\u7530\u5712\u8a69\u822c\u7684\u6d77\u7058\u5230\u6b77\u53f2\u6587\u5316\u5e95\u860a\u6df1\u539a\u7684\u57ce\u5e02\uff0c\u60a8\u5c07\u5728\u9019\u88e1\u627e\u5230\u4e0b\u4e00\u6b21\u5bb6\u5ead\u63a2\u96aa\u7684\u9748\u611f\u3002\u6e96\u5099\u597d\u5922\u60f3\u3001\u8a08\u5283\uff0c\u4e26\u5728\u6211\u5011\u7684\u6307\u5357\u548c\u63a8\u85a6\u4e0b\u63a2\u7d22\u4e00\u756a\u5427\u3002<\/p>\n\n\n\n<h4 class=\"wp-block-heading\"><strong>\u7f8e\u98df\u9ad4\u9a57<\/strong><\/h4>\n\n\n\n<p>\u98a8\u5473\u4e5f\u662f\u4e00\u7a2e\u65c5\u884c\u7684\u65b9\u5f0f\u3002\u5728\u9019\u500b\u985e\u5225\u4e2d\uff0c\u6211\u5011\u5206\u4eab\u98df\u8b5c\u3001\u9910\u5ef3\u8a55\u8ad6\u4ee5\u53ca\u4f86\u81ea\u4e0d\u540c\u6587\u5316\u7684\u7d93\u5178\u83dc\u991a\u3002\u5f9e\u5bb6\u5e38\u83dc\u5230\u7f8e\u98df\u9ad4\u9a57\uff0c\u6211\u5011\u5e0c\u671b\u559a\u9192\u60a8\u7684\u5473\u857e\uff0c\u8b93\u60a8\u76e1\u60c5\u4eab\u53d7\u6bcf\u4e00\u53e3\u3002<\/p>\n\n\n\n<h4 class=\"wp-block-heading\"><strong>\u79d1\u6280<\/strong><\/h4>\n\n\n\n<p>\u6211\u5011\u6df1\u77e5\u79d1\u6280\u662f\u73fe\u4ee3\u751f\u6d3b\u4e0d\u53ef\u6216\u7f3a\u7684\u4e00\u90e8\u5206\u3002\u56e0\u6b64\uff0c\u6211\u5011\u5728\u672c\u7248\u584a\u63d0\u4f9b\u5be6\u7528\u6280\u5de7\u3001\u8a2d\u5099\u63a8\u85a6\u548c\u6f6e\u6d41\u8da8\u52e2\uff0c\u8b93\u60a8\u96a8\u6642\u638c\u63e1\u6700\u65b0\u8cc7\u8a0a\u3002\u6211\u5011\u5e0c\u671b\u5e6b\u52a9\u60a8\u904b\u7528\u79d1\u6280\uff0c\u63d0\u5347\u60a8\u548c\u5bb6\u4eba\u7684\u751f\u6d3b\u54c1\u8cea\u3002<\/p>\n\n\n\n<p>\u5728 <strong>\u5bb6\u5ead\u5b87\u5b99\u535a\u5ba2<\/strong>\u6211\u5011\u7684\u4f7f\u547d\u662f\u900f\u904e\u6545\u4e8b\u3001\u5efa\u8b70\u548c\u8a0a\u606f\u8207\u60a8\u5efa\u7acb\u806f\u7e6b\uff0c\u8c50\u5bcc\u60a8\u548c\u60a8\u5bb6\u4eba\u7684\u4e16\u754c\u3002\u611f\u8b1d\u60a8\u52a0\u5165\u9019\u500b\u793e\u7fa4\uff01\u6211\u5011\u8aa0\u646f\u9080\u8acb\u60a8\u8207\u6211\u5011\u4e00\u8d77\u63a2\u7d22\u3001\u4eab\u53d7\u4e26\u5206\u4eab\u9019\u6bb5\u7cbe\u5f69\u7684\u5192\u96aa\u3002<\/p>","protected":false},"excerpt":{"rendered":"<p>Bienvenidos a Blog Universo Familia, un espacio creado para inspirarte, acompa\u00f1arte y ofrecerte contenido de calidad para enriquecer tu d\u00eda a d\u00eda. Nuestro blog nace con la pasi\u00f3n de explorar el mundo en sus diferentes dimensiones y compartir contigo experiencias \u00fanicas que conecten con tu familia. \u00bfQu\u00e9 encontrar\u00e1s en Blog Universo Familia? Destinos Internacionales Te [&hellip;]<\/p>","protected":false},"author":218,"featured_media":0,"parent":0,"menu_order":0,"comment_status":"closed","ping_status":"closed","template":"page-nosidebar.php","meta":{"footnotes":""},"yoast_head":"<!-- This site is optimized with the Yoast SEO plugin v23.3 - https:\/\/yoast.com\/wordpress\/plugins\/seo\/ -->\n<title>Qui\u00e9nes somos - Blog Universo Fam\u00edlia<\/title>\n<meta name=\"robots\" content=\"index, follow, max-snippet:-1, max-image-preview:large, max-video-preview:-1\" \/>\n<link rel=\"canonical\" href=\"https:\/\/blog.universofamilia.com\/zh\/quienes-somos\/\" \/>\n<meta property=\"og:locale\" content=\"zh_TW\" \/>\n<meta property=\"og:type\" content=\"article\" \/>\n<meta property=\"og:title\" content=\"Qui\u00e9nes somos - Blog Universo Fam\u00edlia\" \/>\n<meta property=\"og:description\" content=\"Bienvenidos a Blog Universo Familia, un espacio creado para inspirarte, acompa\u00f1arte y ofrecerte contenido de calidad para enriquecer tu d\u00eda a d\u00eda. Nuestro blog nace con la pasi\u00f3n de explorar el mundo en sus diferentes dimensiones y compartir contigo experiencias \u00fanicas que conecten con tu familia. \u00bfQu\u00e9 encontrar\u00e1s en Blog Universo Familia? Destinos Internacionales Te [&hellip;]\" \/>\n<meta property=\"og:url\" content=\"https:\/\/blog.universofamilia.com\/zh\/quienes-somos\/\" \/>\n<meta property=\"og:site_name\" content=\"Blog Universo Fam\u00edlia\" \/>\n<meta property=\"article:modified_time\" content=\"2025-10-27T18:34:19+00:00\" \/>\n<meta name=\"twitter:card\" content=\"summary_large_image\" \/>\n<meta name=\"twitter:label1\" content=\"Est. reading time\" \/>\n\t<meta name=\"twitter:data1\" content=\"2 \u5206\u9418\" \/>\n<script type=\"application\/ld+json\" class=\"yoast-schema-graph\">{\"@context\":\"https:\/\/schema.org\",\"@graph\":[{\"@type\":\"WebPage\",\"@id\":\"http:\/\/blog.universofamilia.com\/quienes-somos\/\",\"url\":\"http:\/\/blog.universofamilia.com\/quienes-somos\/\",\"name\":\"Qui\u00e9nes somos - Blog Universo Fam\u00edlia\",\"isPartOf\":{\"@id\":\"https:\/\/blog.universofamilia.com\/en\/#website\"},\"datePublished\":\"2024-12-24T18:42:05+00:00\",\"dateModified\":\"2025-10-27T18:34:19+00:00\",\"breadcrumb\":{\"@id\":\"http:\/\/blog.universofamilia.com\/quienes-somos\/#breadcrumb\"},\"inLanguage\":\"zh-TW\",\"potentialAction\":[{\"@type\":\"ReadAction\",\"target\":[\"http:\/\/blog.universofamilia.com\/quienes-somos\/\"]}]},{\"@type\":\"BreadcrumbList\",\"@id\":\"http:\/\/blog.universofamilia.com\/quienes-somos\/#breadcrumb\",\"itemListElement\":[{\"@type\":\"ListItem\",\"position\":1,\"name\":\"Home\",\"item\":\"https:\/\/blog.universofamilia.com\/en\/\"},{\"@type\":\"ListItem\",\"position\":2,\"name\":\"Qui\u00e9nes somos\"}]},{\"@type\":\"WebSite\",\"@id\":\"https:\/\/blog.universofamilia.com\/en\/#website\",\"url\":\"https:\/\/blog.universofamilia.com\/en\/\",\"name\":\"Blog Universo Fam\u00edlia\",\"description\":\"\",\"potentialAction\":[{\"@type\":\"SearchAction\",\"target\":{\"@type\":\"EntryPoint\",\"urlTemplate\":\"https:\/\/blog.universofamilia.com\/en\/?s={search_term_string}\"},\"query-input\":\"required name=search_term_string\"}],\"inLanguage\":\"zh-TW\"}]}<\/script>\n<!-- \/ Yoast SEO plugin. -->","yoast_head_json":{"title":"Qui\u00e9nes somos - Blog Universo Fam\u00edlia","robots":{"index":"index","follow":"follow","max-snippet":"max-snippet:-1","max-image-preview":"max-image-preview:large","max-video-preview":"max-video-preview:-1"},"canonical":"https:\/\/blog.universofamilia.com\/zh\/quienes-somos\/","og_locale":"zh_TW","og_type":"article","og_title":"Qui\u00e9nes somos - Blog Universo Fam\u00edlia","og_description":"Bienvenidos a Blog Universo Familia, un espacio creado para inspirarte, acompa\u00f1arte y ofrecerte contenido de calidad para enriquecer tu d\u00eda a d\u00eda. Nuestro blog nace con la pasi\u00f3n de explorar el mundo en sus diferentes dimensiones y compartir contigo experiencias \u00fanicas que conecten con tu familia. \u00bfQu\u00e9 encontrar\u00e1s en Blog Universo Familia? Destinos Internacionales Te [&hellip;]","og_url":"https:\/\/blog.universofamilia.com\/zh\/quienes-somos\/","og_site_name":"Blog Universo Fam\u00edlia","article_modified_time":"2025-10-27T18:34:19+00:00","twitter_card":"summary_large_image","twitter_misc":{"Est. reading time":"2 \u5206\u9418"},"schema":{"@context":"https:\/\/schema.org","@graph":[{"@type":"WebPage","@id":"http:\/\/blog.universofamilia.com\/quienes-somos\/","url":"http:\/\/blog.universofamilia.com\/quienes-somos\/","name":"Qui\u00e9nes somos - Blog Universo Fam\u00edlia","isPartOf":{"@id":"https:\/\/blog.universofamilia.com\/en\/#website"},"datePublished":"2024-12-24T18:42:05+00:00","dateModified":"2025-10-27T18:34:19+00:00","breadcrumb":{"@id":"http:\/\/blog.universofamilia.com\/quienes-somos\/#breadcrumb"},"inLanguage":"zh-TW","potentialAction":[{"@type":"ReadAction","target":["http:\/\/blog.universofamilia.com\/quienes-somos\/"]}]},{"@type":"BreadcrumbList","@id":"http:\/\/blog.universofamilia.com\/quienes-somos\/#breadcrumb","itemListElement":[{"@type":"ListItem","position":1,"name":"Home","item":"https:\/\/blog.universofamilia.com\/en\/"},{"@type":"ListItem","position":2,"name":"Qui\u00e9nes somos"}]},{"@type":"WebSite","@id":"https:\/\/blog.universofamilia.com\/en\/#website","url":"https:\/\/blog.universofamilia.com\/en\/","name":"Blog Universo Fam\u00edlia","description":"","potentialAction":[{"@type":"SearchAction","target":{"@type":"EntryPoint","urlTemplate":"https:\/\/blog.universofamilia.com\/en\/?s={search_term_string}"},"query-input":"required name=search_term_string"}],"inLanguage":"zh-TW"}]}},"_links":{"self":[{"href":"https:\/\/blog.universofamilia.com\/zh\/wp-json\/wp\/v2\/pages\/34"}],"collection":[{"href":"https:\/\/blog.universofamilia.com\/zh\/wp-json\/wp\/v2\/pages"}],"about":[{"href":"https:\/\/blog.universofamilia.com\/zh\/wp-json\/wp\/v2\/types\/page"}],"author":[{"embeddable":true,"href":"https:\/\/blog.universofamilia.com\/zh\/wp-json\/wp\/v2\/users\/218"}],"replies":[{"embeddable":true,"href":"https:\/\/blog.universofamilia.com\/zh\/wp-json\/wp\/v2\/comments?post=34"}],"version-history":[{"count":1,"href":"https:\/\/blog.universofamilia.com\/zh\/wp-json\/wp\/v2\/pages\/34\/revisions"}],"predecessor-version":[{"id":1324,"href":"https:\/\/blog.universofamilia.com\/zh\/wp-json\/wp\/v2\/pages\/34\/revisions\/1324"}],"wp:attachment":[{"href":"https:\/\/blog.universofamilia.com\/zh\/wp-json\/wp\/v2\/media?parent=34"}],"curies":[{"name":"wp","href":"https:\/\/api.w.org\/{rel}","templated":true}]}}