{"id":34,"date":"2024-12-24T18:42:05","date_gmt":"2024-12-24T18:42:05","guid":{"rendered":"https:\/\/blog.universofamilia.com\/?page_id=34"},"modified":"2025-10-27T18:34:19","modified_gmt":"2025-10-27T18:34:19","slug":"quienes-somos","status":"publish","type":"page","link":"https:\/\/blog.universofamilia.com\/tr\/quienes-somos\/","title":{"rendered":"Biz kimiz"},"content":{"rendered":"<p>Ho\u015f geldiniz <strong>Aile Evreni Blogu<\/strong>, size ilham vermek, sizi desteklemek ve g\u00fcnl\u00fck hayat\u0131n\u0131z\u0131 zenginle\u015ftirecek kaliteli i\u00e7erikler sunmak i\u00e7in tasarlanm\u0131\u015f bir alan. Blogumuz, d\u00fcnyay\u0131 farkl\u0131 boyutlar\u0131yla ke\u015ffetme ve ailenizle ba\u011f kuran benzersiz deneyimler payla\u015fma tutkusuyla do\u011fdu.<\/p>\n\n\n\n<h3 class=\"wp-block-heading\">Family Universe Blog\u2019da neler bulacaks\u0131n\u0131z?<\/h3>\n\n\n\n<h4 class=\"wp-block-heading\"><strong>Uluslararas\u0131 Destinasyonlar<\/strong><\/h4>\n\n\n\n<p>Sizi gezegenin en g\u00fczel k\u00f6\u015felerine bir yolculu\u011fa \u00e7\u0131karaca\u011f\u0131z. Pastoral plajlardan tarih ve k\u00fclt\u00fcrle dolu \u015fehirlere kadar, bir sonraki aile maceralar\u0131n\u0131z i\u00e7in fikirler burada bulacaks\u0131n\u0131z. Rehberlerimiz ve \u00f6nerilerimizle hayal kurmaya, planlamaya ve ke\u015ffetmeye haz\u0131r olun.<\/p>\n\n\n\n<h4 class=\"wp-block-heading\"><strong>Gastronomik Deneyimler<\/strong><\/h4>\n\n\n\n<p>Lezzet ayn\u0131 zamanda bir yolculuktur. Bu kategoride, farkl\u0131 k\u00fclt\u00fcrlerden tarifler, restoran incelemeleri ve en ikonik yemekleri payla\u015f\u0131yoruz. Ev yemeklerinden gurme deneyimlere kadar, damak tad\u0131n\u0131z\u0131 uyand\u0131rmak ve her lokman\u0131n tad\u0131n\u0131 \u00e7\u0131karman\u0131za yard\u0131mc\u0131 olmak istiyoruz.<\/p>\n\n\n\n<h4 class=\"wp-block-heading\"><strong>Teknoloji<\/strong><\/h4>\n\n\n\n<p>Teknolojinin modern ya\u015fam\u0131n vazge\u00e7ilmez bir par\u00e7as\u0131 oldu\u011funu biliyoruz. Bu nedenle, bu b\u00f6l\u00fcmde sizi g\u00fcncel tutacak ipu\u00e7lar\u0131, cihaz \u00f6nerileri ve trendler sunuyoruz. Teknolojiyi kullanarak hem sizin hem de ailenizin ya\u015fam kalitesini art\u0131rman\u0131za yard\u0131mc\u0131 olmak istiyoruz.<\/p>\n\n\n\n<p>\u0130\u00e7inde <strong>Aile Evreni Blogu<\/strong>Misyonumuz, sizin ve ailenizin d\u00fcnyas\u0131n\u0131 zenginle\u015ftiren hikayeler, tavsiyeler ve bilgiler arac\u0131l\u0131\u011f\u0131yla sizinle ba\u011flant\u0131 kurmakt\u0131r. Bu toplulu\u011fun bir par\u00e7as\u0131 oldu\u011funuz i\u00e7in te\u015fekk\u00fcr ederiz! Bu harika maceray\u0131 bizimle ke\u015ffetmeye, keyfini \u00e7\u0131karmaya ve payla\u015fmaya davet ediyoruz.<\/p>","protected":false},"excerpt":{"rendered":"<p>Bienvenidos a Blog Universo Familia, un espacio creado para inspirarte, acompa\u00f1arte y ofrecerte contenido de calidad para enriquecer tu d\u00eda a d\u00eda. Nuestro blog nace con la pasi\u00f3n de explorar el mundo en sus diferentes dimensiones y compartir contigo experiencias \u00fanicas que conecten con tu familia. \u00bfQu\u00e9 encontrar\u00e1s en Blog Universo Familia? Destinos Internacionales Te [&hellip;]<\/p>","protected":false},"author":218,"featured_media":0,"parent":0,"menu_order":0,"comment_status":"closed","ping_status":"closed","template":"page-nosidebar.php","meta":{"footnotes":""},"yoast_head":"<!-- This site is optimized with the Yoast SEO plugin v23.3 - https:\/\/yoast.com\/wordpress\/plugins\/seo\/ -->\n<title>Qui\u00e9nes somos - Blog Universo Fam\u00edlia<\/title>\n<meta name=\"robots\" content=\"index, follow, max-snippet:-1, max-image-preview:large, max-video-preview:-1\" \/>\n<link rel=\"canonical\" href=\"https:\/\/blog.universofamilia.com\/tr\/quienes-somos\/\" \/>\n<meta property=\"og:locale\" content=\"tr_TR\" \/>\n<meta property=\"og:type\" content=\"article\" \/>\n<meta property=\"og:title\" content=\"Qui\u00e9nes somos - Blog Universo Fam\u00edlia\" \/>\n<meta property=\"og:description\" content=\"Bienvenidos a Blog Universo Familia, un espacio creado para inspirarte, acompa\u00f1arte y ofrecerte contenido de calidad para enriquecer tu d\u00eda a d\u00eda. Nuestro blog nace con la pasi\u00f3n de explorar el mundo en sus diferentes dimensiones y compartir contigo experiencias \u00fanicas que conecten con tu familia. \u00bfQu\u00e9 encontrar\u00e1s en Blog Universo Familia? Destinos Internacionales Te [&hellip;]\" \/>\n<meta property=\"og:url\" content=\"https:\/\/blog.universofamilia.com\/tr\/quienes-somos\/\" \/>\n<meta property=\"og:site_name\" content=\"Blog Universo Fam\u00edlia\" \/>\n<meta property=\"article:modified_time\" content=\"2025-10-27T18:34:19+00:00\" \/>\n<meta name=\"twitter:card\" content=\"summary_large_image\" \/>\n<meta name=\"twitter:label1\" content=\"Est. reading time\" \/>\n\t<meta name=\"twitter:data1\" content=\"2 dakika\" \/>\n<script type=\"application\/ld+json\" class=\"yoast-schema-graph\">{\"@context\":\"https:\/\/schema.org\",\"@graph\":[{\"@type\":\"WebPage\",\"@id\":\"http:\/\/blog.universofamilia.com\/quienes-somos\/\",\"url\":\"http:\/\/blog.universofamilia.com\/quienes-somos\/\",\"name\":\"Qui\u00e9nes somos - Blog Universo Fam\u00edlia\",\"isPartOf\":{\"@id\":\"https:\/\/blog.universofamilia.com\/en\/#website\"},\"datePublished\":\"2024-12-24T18:42:05+00:00\",\"dateModified\":\"2025-10-27T18:34:19+00:00\",\"breadcrumb\":{\"@id\":\"http:\/\/blog.universofamilia.com\/quienes-somos\/#breadcrumb\"},\"inLanguage\":\"tr\",\"potentialAction\":[{\"@type\":\"ReadAction\",\"target\":[\"http:\/\/blog.universofamilia.com\/quienes-somos\/\"]}]},{\"@type\":\"BreadcrumbList\",\"@id\":\"http:\/\/blog.universofamilia.com\/quienes-somos\/#breadcrumb\",\"itemListElement\":[{\"@type\":\"ListItem\",\"position\":1,\"name\":\"Home\",\"item\":\"https:\/\/blog.universofamilia.com\/en\/\"},{\"@type\":\"ListItem\",\"position\":2,\"name\":\"Qui\u00e9nes somos\"}]},{\"@type\":\"WebSite\",\"@id\":\"https:\/\/blog.universofamilia.com\/en\/#website\",\"url\":\"https:\/\/blog.universofamilia.com\/en\/\",\"name\":\"Blog Universo Fam\u00edlia\",\"description\":\"\",\"potentialAction\":[{\"@type\":\"SearchAction\",\"target\":{\"@type\":\"EntryPoint\",\"urlTemplate\":\"https:\/\/blog.universofamilia.com\/en\/?s={search_term_string}\"},\"query-input\":\"required name=search_term_string\"}],\"inLanguage\":\"tr\"}]}<\/script>\n<!-- \/ Yoast SEO plugin. -->","yoast_head_json":{"title":"Qui\u00e9nes somos - Blog Universo Fam\u00edlia","robots":{"index":"index","follow":"follow","max-snippet":"max-snippet:-1","max-image-preview":"max-image-preview:large","max-video-preview":"max-video-preview:-1"},"canonical":"https:\/\/blog.universofamilia.com\/tr\/quienes-somos\/","og_locale":"tr_TR","og_type":"article","og_title":"Qui\u00e9nes somos - Blog Universo Fam\u00edlia","og_description":"Bienvenidos a Blog Universo Familia, un espacio creado para inspirarte, acompa\u00f1arte y ofrecerte contenido de calidad para enriquecer tu d\u00eda a d\u00eda. Nuestro blog nace con la pasi\u00f3n de explorar el mundo en sus diferentes dimensiones y compartir contigo experiencias \u00fanicas que conecten con tu familia. \u00bfQu\u00e9 encontrar\u00e1s en Blog Universo Familia? Destinos Internacionales Te [&hellip;]","og_url":"https:\/\/blog.universofamilia.com\/tr\/quienes-somos\/","og_site_name":"Blog Universo Fam\u00edlia","article_modified_time":"2025-10-27T18:34:19+00:00","twitter_card":"summary_large_image","twitter_misc":{"Est. reading time":"2 dakika"},"schema":{"@context":"https:\/\/schema.org","@graph":[{"@type":"WebPage","@id":"http:\/\/blog.universofamilia.com\/quienes-somos\/","url":"http:\/\/blog.universofamilia.com\/quienes-somos\/","name":"Qui\u00e9nes somos - Blog Universo Fam\u00edlia","isPartOf":{"@id":"https:\/\/blog.universofamilia.com\/en\/#website"},"datePublished":"2024-12-24T18:42:05+00:00","dateModified":"2025-10-27T18:34:19+00:00","breadcrumb":{"@id":"http:\/\/blog.universofamilia.com\/quienes-somos\/#breadcrumb"},"inLanguage":"tr","potentialAction":[{"@type":"ReadAction","target":["http:\/\/blog.universofamilia.com\/quienes-somos\/"]}]},{"@type":"BreadcrumbList","@id":"http:\/\/blog.universofamilia.com\/quienes-somos\/#breadcrumb","itemListElement":[{"@type":"ListItem","position":1,"name":"Home","item":"https:\/\/blog.universofamilia.com\/en\/"},{"@type":"ListItem","position":2,"name":"Qui\u00e9nes somos"}]},{"@type":"WebSite","@id":"https:\/\/blog.universofamilia.com\/en\/#website","url":"https:\/\/blog.universofamilia.com\/en\/","name":"Blog Universo Fam\u00edlia","description":"","potentialAction":[{"@type":"SearchAction","target":{"@type":"EntryPoint","urlTemplate":"https:\/\/blog.universofamilia.com\/en\/?s={search_term_string}"},"query-input":"required name=search_term_string"}],"inLanguage":"tr"}]}},"_links":{"self":[{"href":"https:\/\/blog.universofamilia.com\/tr\/wp-json\/wp\/v2\/pages\/34"}],"collection":[{"href":"https:\/\/blog.universofamilia.com\/tr\/wp-json\/wp\/v2\/pages"}],"about":[{"href":"https:\/\/blog.universofamilia.com\/tr\/wp-json\/wp\/v2\/types\/page"}],"author":[{"embeddable":true,"href":"https:\/\/blog.universofamilia.com\/tr\/wp-json\/wp\/v2\/users\/218"}],"replies":[{"embeddable":true,"href":"https:\/\/blog.universofamilia.com\/tr\/wp-json\/wp\/v2\/comments?post=34"}],"version-history":[{"count":1,"href":"https:\/\/blog.universofamilia.com\/tr\/wp-json\/wp\/v2\/pages\/34\/revisions"}],"predecessor-version":[{"id":1324,"href":"https:\/\/blog.universofamilia.com\/tr\/wp-json\/wp\/v2\/pages\/34\/revisions\/1324"}],"wp:attachment":[{"href":"https:\/\/blog.universofamilia.com\/tr\/wp-json\/wp\/v2\/media?parent=34"}],"curies":[{"name":"wp","href":"https:\/\/api.w.org\/{rel}","templated":true}]}}