{"id":34,"date":"2024-12-24T18:42:05","date_gmt":"2024-12-24T18:42:05","guid":{"rendered":"https:\/\/blog.universofamilia.com\/?page_id=34"},"modified":"2025-10-27T18:34:19","modified_gmt":"2025-10-27T18:34:19","slug":"quienes-somos","status":"publish","type":"page","link":"https:\/\/blog.universofamilia.com\/sk\/quienes-somos\/","title":{"rendered":"Kto sme"},"content":{"rendered":"<p>Vitajte na <strong>Blog Rodinn\u00e9ho vesm\u00edru<\/strong>, priestor vytvoren\u00fd s cie\u013eom in\u0161pirova\u0165 v\u00e1s, podporova\u0165 v\u00e1s a pon\u00faka\u0165 kvalitn\u00fd obsah, ktor\u00fd obohat\u00ed v\u00e1\u0161 ka\u017edodenn\u00fd \u017eivot. N\u00e1\u0161 blog vznikol s v\u00e1\u0161\u0148ou objavova\u0165 svet v jeho r\u00f4znych dimenzi\u00e1ch a zdie\u013ea\u0165 jedine\u010dn\u00e9 z\u00e1\u017eitky, ktor\u00e9 sa sp\u00e1jaj\u00fa s va\u0161ou rodinou.<\/p>\n\n\n\n<h3 class=\"wp-block-heading\">\u010co n\u00e1jdete na blogu Rodinn\u00fd vesm\u00edr?<\/h3>\n\n\n\n<h4 class=\"wp-block-heading\"><strong>Medzin\u00e1rodn\u00e9 destin\u00e1cie<\/strong><\/h4>\n\n\n\n<p>Vezmeme v\u00e1s na cestu do najkraj\u0161\u00edch k\u00fatov plan\u00e9ty. Od idylick\u00fdch pl\u00e1\u017e\u00ed a\u017e po mest\u00e1 opraden\u00e9 hist\u00f3riou a kult\u00farou, tu objav\u00edte n\u00e1pady na va\u0161e \u010fal\u0161ie rodinn\u00e9 dobrodru\u017estv\u00e1. Pripravte sa sn\u00edva\u0165, pl\u00e1nova\u0165 a objavova\u0165 s na\u0161imi sprievodcami a odpor\u00fa\u010daniami.<\/p>\n\n\n\n<h4 class=\"wp-block-heading\"><strong>Gastronomick\u00e9 z\u00e1\u017eitky<\/strong><\/h4>\n\n\n\n<p>Chu\u0165 je aj sp\u00f4sob cestovania. V tejto kateg\u00f3rii zdie\u013eame recepty, recenzie re\u0161taur\u00e1ci\u00ed a najikonickej\u0161ie jedl\u00e1 z r\u00f4znych kult\u00far. Od dom\u00e1cej kuchyne a\u017e po gurm\u00e1nske z\u00e1\u017eitky, chceme prebudi\u0165 va\u0161e chu\u0165ov\u00e9 poh\u00e1riky a pom\u00f4c\u0165 v\u00e1m vychutna\u0165 si ka\u017ed\u00e9 s\u00fasto.<\/p>\n\n\n\n<h4 class=\"wp-block-heading\"><strong>Technol\u00f3gia<\/strong><\/h4>\n\n\n\n<p>Vieme, \u017ee technol\u00f3gie s\u00fa neoddelite\u013enou s\u00fa\u010das\u0165ou modern\u00e9ho \u017eivota. Preto v tejto sekcii pon\u00fakame tipy, odpor\u00fa\u010dania zariaden\u00ed a trendy, aby ste boli informovan\u00ed o najnov\u0161\u00edch trendoch. Chceme v\u00e1m pom\u00f4c\u0165 pou\u017e\u00edva\u0165 technol\u00f3gie na zlep\u0161enie kvality v\u00e1\u0161ho \u017eivota a \u017eivota va\u0161ej rodiny.<\/p>\n\n\n\n<p>V <strong>Blog Rodinn\u00e9ho vesm\u00edru<\/strong>Na\u0161\u00edm poslan\u00edm je spoji\u0165 sa s vami prostredn\u00edctvom pr\u00edbehov, r\u00e1d a inform\u00e1ci\u00ed, ktor\u00e9 obohatia v\u00e1\u0161 svet a svet va\u0161ej rodiny. \u010eakujeme, \u017ee ste s\u00fa\u010das\u0165ou tejto komunity! Poz\u00fdvame v\u00e1s, aby ste s nami presk\u00famali, u\u017eili si a zdie\u013eali toto skvel\u00e9 dobrodru\u017estvo.<\/p>","protected":false},"excerpt":{"rendered":"<p>Bienvenidos a Blog Universo Familia, un espacio creado para inspirarte, acompa\u00f1arte y ofrecerte contenido de calidad para enriquecer tu d\u00eda a d\u00eda. Nuestro blog nace con la pasi\u00f3n de explorar el mundo en sus diferentes dimensiones y compartir contigo experiencias \u00fanicas que conecten con tu familia. \u00bfQu\u00e9 encontrar\u00e1s en Blog Universo Familia? Destinos Internacionales Te [&hellip;]<\/p>","protected":false},"author":218,"featured_media":0,"parent":0,"menu_order":0,"comment_status":"closed","ping_status":"closed","template":"page-nosidebar.php","meta":{"footnotes":""},"yoast_head":"<!-- This site is optimized with the Yoast SEO plugin v23.3 - https:\/\/yoast.com\/wordpress\/plugins\/seo\/ -->\n<title>Qui\u00e9nes somos - Blog Universo Fam\u00edlia<\/title>\n<meta name=\"robots\" content=\"index, follow, max-snippet:-1, max-image-preview:large, max-video-preview:-1\" \/>\n<link rel=\"canonical\" href=\"https:\/\/blog.universofamilia.com\/sk\/quienes-somos\/\" \/>\n<meta property=\"og:locale\" content=\"sk_SK\" \/>\n<meta property=\"og:type\" content=\"article\" \/>\n<meta property=\"og:title\" content=\"Qui\u00e9nes somos - Blog Universo Fam\u00edlia\" \/>\n<meta property=\"og:description\" content=\"Bienvenidos a Blog Universo Familia, un espacio creado para inspirarte, acompa\u00f1arte y ofrecerte contenido de calidad para enriquecer tu d\u00eda a d\u00eda. Nuestro blog nace con la pasi\u00f3n de explorar el mundo en sus diferentes dimensiones y compartir contigo experiencias \u00fanicas que conecten con tu familia. \u00bfQu\u00e9 encontrar\u00e1s en Blog Universo Familia? Destinos Internacionales Te [&hellip;]\" \/>\n<meta property=\"og:url\" content=\"https:\/\/blog.universofamilia.com\/sk\/quienes-somos\/\" \/>\n<meta property=\"og:site_name\" content=\"Blog Universo Fam\u00edlia\" \/>\n<meta property=\"article:modified_time\" content=\"2025-10-27T18:34:19+00:00\" \/>\n<meta name=\"twitter:card\" content=\"summary_large_image\" \/>\n<meta name=\"twitter:label1\" content=\"Est. reading time\" \/>\n\t<meta name=\"twitter:data1\" content=\"2 min\u00faty\" \/>\n<script type=\"application\/ld+json\" class=\"yoast-schema-graph\">{\"@context\":\"https:\/\/schema.org\",\"@graph\":[{\"@type\":\"WebPage\",\"@id\":\"http:\/\/blog.universofamilia.com\/quienes-somos\/\",\"url\":\"http:\/\/blog.universofamilia.com\/quienes-somos\/\",\"name\":\"Qui\u00e9nes somos - Blog Universo Fam\u00edlia\",\"isPartOf\":{\"@id\":\"https:\/\/blog.universofamilia.com\/en\/#website\"},\"datePublished\":\"2024-12-24T18:42:05+00:00\",\"dateModified\":\"2025-10-27T18:34:19+00:00\",\"breadcrumb\":{\"@id\":\"http:\/\/blog.universofamilia.com\/quienes-somos\/#breadcrumb\"},\"inLanguage\":\"sk-SK\",\"potentialAction\":[{\"@type\":\"ReadAction\",\"target\":[\"http:\/\/blog.universofamilia.com\/quienes-somos\/\"]}]},{\"@type\":\"BreadcrumbList\",\"@id\":\"http:\/\/blog.universofamilia.com\/quienes-somos\/#breadcrumb\",\"itemListElement\":[{\"@type\":\"ListItem\",\"position\":1,\"name\":\"Home\",\"item\":\"https:\/\/blog.universofamilia.com\/en\/\"},{\"@type\":\"ListItem\",\"position\":2,\"name\":\"Qui\u00e9nes somos\"}]},{\"@type\":\"WebSite\",\"@id\":\"https:\/\/blog.universofamilia.com\/en\/#website\",\"url\":\"https:\/\/blog.universofamilia.com\/en\/\",\"name\":\"Blog Universo Fam\u00edlia\",\"description\":\"\",\"potentialAction\":[{\"@type\":\"SearchAction\",\"target\":{\"@type\":\"EntryPoint\",\"urlTemplate\":\"https:\/\/blog.universofamilia.com\/en\/?s={search_term_string}\"},\"query-input\":\"required name=search_term_string\"}],\"inLanguage\":\"sk-SK\"}]}<\/script>\n<!-- \/ Yoast SEO plugin. -->","yoast_head_json":{"title":"Qui\u00e9nes somos - Blog Universo Fam\u00edlia","robots":{"index":"index","follow":"follow","max-snippet":"max-snippet:-1","max-image-preview":"max-image-preview:large","max-video-preview":"max-video-preview:-1"},"canonical":"https:\/\/blog.universofamilia.com\/sk\/quienes-somos\/","og_locale":"sk_SK","og_type":"article","og_title":"Qui\u00e9nes somos - Blog Universo Fam\u00edlia","og_description":"Bienvenidos a Blog Universo Familia, un espacio creado para inspirarte, acompa\u00f1arte y ofrecerte contenido de calidad para enriquecer tu d\u00eda a d\u00eda. Nuestro blog nace con la pasi\u00f3n de explorar el mundo en sus diferentes dimensiones y compartir contigo experiencias \u00fanicas que conecten con tu familia. \u00bfQu\u00e9 encontrar\u00e1s en Blog Universo Familia? Destinos Internacionales Te [&hellip;]","og_url":"https:\/\/blog.universofamilia.com\/sk\/quienes-somos\/","og_site_name":"Blog Universo Fam\u00edlia","article_modified_time":"2025-10-27T18:34:19+00:00","twitter_card":"summary_large_image","twitter_misc":{"Est. reading time":"2 min\u00faty"},"schema":{"@context":"https:\/\/schema.org","@graph":[{"@type":"WebPage","@id":"http:\/\/blog.universofamilia.com\/quienes-somos\/","url":"http:\/\/blog.universofamilia.com\/quienes-somos\/","name":"Qui\u00e9nes somos - Blog Universo Fam\u00edlia","isPartOf":{"@id":"https:\/\/blog.universofamilia.com\/en\/#website"},"datePublished":"2024-12-24T18:42:05+00:00","dateModified":"2025-10-27T18:34:19+00:00","breadcrumb":{"@id":"http:\/\/blog.universofamilia.com\/quienes-somos\/#breadcrumb"},"inLanguage":"sk-SK","potentialAction":[{"@type":"ReadAction","target":["http:\/\/blog.universofamilia.com\/quienes-somos\/"]}]},{"@type":"BreadcrumbList","@id":"http:\/\/blog.universofamilia.com\/quienes-somos\/#breadcrumb","itemListElement":[{"@type":"ListItem","position":1,"name":"Home","item":"https:\/\/blog.universofamilia.com\/en\/"},{"@type":"ListItem","position":2,"name":"Qui\u00e9nes somos"}]},{"@type":"WebSite","@id":"https:\/\/blog.universofamilia.com\/en\/#website","url":"https:\/\/blog.universofamilia.com\/en\/","name":"Blog Universo Fam\u00edlia","description":"","potentialAction":[{"@type":"SearchAction","target":{"@type":"EntryPoint","urlTemplate":"https:\/\/blog.universofamilia.com\/en\/?s={search_term_string}"},"query-input":"required name=search_term_string"}],"inLanguage":"sk-SK"}]}},"_links":{"self":[{"href":"https:\/\/blog.universofamilia.com\/sk\/wp-json\/wp\/v2\/pages\/34"}],"collection":[{"href":"https:\/\/blog.universofamilia.com\/sk\/wp-json\/wp\/v2\/pages"}],"about":[{"href":"https:\/\/blog.universofamilia.com\/sk\/wp-json\/wp\/v2\/types\/page"}],"author":[{"embeddable":true,"href":"https:\/\/blog.universofamilia.com\/sk\/wp-json\/wp\/v2\/users\/218"}],"replies":[{"embeddable":true,"href":"https:\/\/blog.universofamilia.com\/sk\/wp-json\/wp\/v2\/comments?post=34"}],"version-history":[{"count":1,"href":"https:\/\/blog.universofamilia.com\/sk\/wp-json\/wp\/v2\/pages\/34\/revisions"}],"predecessor-version":[{"id":1324,"href":"https:\/\/blog.universofamilia.com\/sk\/wp-json\/wp\/v2\/pages\/34\/revisions\/1324"}],"wp:attachment":[{"href":"https:\/\/blog.universofamilia.com\/sk\/wp-json\/wp\/v2\/media?parent=34"}],"curies":[{"name":"wp","href":"https:\/\/api.w.org\/{rel}","templated":true}]}}