{"id":38,"date":"2024-12-24T18:44:05","date_gmt":"2024-12-24T18:44:05","guid":{"rendered":"https:\/\/blog.universofamilia.com\/?page_id=38"},"modified":"2025-10-27T18:58:03","modified_gmt":"2025-10-27T18:58:03","slug":"condiciones-de-uso","status":"publish","type":"page","link":"https:\/\/blog.universofamilia.com\/pl\/condiciones-de-uso\/","title":{"rendered":"Warunki korzystania"},"content":{"rendered":"<h2 class=\"wp-block-heading\">1. Warunki<\/h2>\n\n\n\n<p>Uzyskuj\u0105c dost\u0119p do witryny internetowej\u00a0<a href=\"https:\/\/blog.universofamilia.com\/pl\/\">Z bloga Family Universe<\/a>\u00a0Korzystaj\u0105c z tej witryny, zgadzasz si\u0119 przestrzega\u0107 niniejszych warunk\u00f3w korzystania z us\u0142ugi, wszystkich obowi\u0105zuj\u0105cych przepis\u00f3w i regulacji oraz ponosisz odpowiedzialno\u015b\u0107 za przestrzeganie wszystkich obowi\u0105zuj\u0105cych przepis\u00f3w lokalnych. W przypadku braku zgody na kt\u00f3rykolwiek z tych warunk\u00f3w korzystanie z tej witryny lub uzyskiwanie do niej dost\u0119pu jest zabronione. Materia\u0142y zawarte w tej witrynie s\u0105 chronione obowi\u0105zuj\u0105cymi prawami autorskimi i prawami do znak\u00f3w towarowych.<\/p>\n\n\n\n<h2 class=\"wp-block-heading\">2. Licencja na u\u017cytkowanie<\/h2>\n\n\n\n<p>Udziela si\u0119 pozwolenia na tymczasowe pobranie jednej kopii materia\u0142\u00f3w (informacji lub oprogramowania) ze strony internetowej Blog Universo Familia, wy\u0142\u0105cznie do osobistego, niekomercyjnego u\u017cytku. Niniejsza licencja stanowi udzielenie licencji, a nie przeniesienie w\u0142asno\u015bci, i zgodnie z ni\u0105 nie wolno:&nbsp;<\/p>\n\n\n\n<ol>\n<li>modyfikowa\u0107 lub kopiowa\u0107 materia\u0142y;&nbsp;<\/li>\n\n\n\n<li>u\u017cywa\u0107 materia\u0142\u00f3w w celach komercyjnych lub do publicznego wy\u015bwietlania (komercyjnego lub niekomercyjnego);&nbsp;<\/li>\n\n\n\n<li>Pr\u00f3ba dekompilowania lub dokonywania in\u017cynierii wstecznej jakiegokolwiek oprogramowania zawartego na stronie internetowej Blog Universo Familia;&nbsp;<\/li>\n\n\n\n<li>usun\u0105\u0107 z materia\u0142\u00f3w wszelkie informacje o prawach autorskich lub inne informacje o w\u0142asno\u015bci; lub&nbsp;<\/li>\n\n\n\n<li>przekazywa\u0107 materia\u0142\u00f3w innej osobie lub \u201ekopiowa\u0107\u201d materia\u0142y na jakimkolwiek innym serwerze.<\/li>\n<\/ol>\n\n\n\n<p>Niniejsza licencja automatycznie wygasa w przypadku naruszenia kt\u00f3regokolwiek z tych ogranicze\u0144, a Blog Universo Familia mo\u017ce j\u0105 wypowiedzie\u0107 w dowolnym momencie. Po zako\u0144czeniu przegl\u0105dania tych materia\u0142\u00f3w lub po wyga\u015bni\u0119ciu niniejszej licencji, musisz zniszczy\u0107 wszystkie pobrane materia\u0142y b\u0119d\u0105ce w Twoim posiadaniu, zar\u00f3wno w formie elektronicznej, jak i drukowanej.<\/p>\n\n\n\n<h2 class=\"wp-block-heading\">3. Zastrze\u017cenie<\/h2>\n\n\n\n<ol>\n<li>Materia\u0142y na stronie internetowej Blog Universo Familia s\u0105 udost\u0119pniane \u201etak jak s\u0105\u201d. Blog Universo Familia nie udziela \u017cadnych gwarancji, wyra\u017anych ani dorozumianych, i niniejszym zrzeka si\u0119 i neguje wszelkie inne gwarancje, w tym mi\u0119dzy innymi dorozumiane gwarancje lub warunki przydatno\u015bci handlowej, przydatno\u015bci do okre\u015blonego celu lub nienaruszania praw w\u0142asno\u015bci intelektualnej lub innych narusze\u0144 praw.<\/li>\n\n\n\n<li>Ponadto Blog Universo Familia nie gwarantuje i nie sk\u0142ada \u017cadnych o\u015bwiadcze\u0144 dotycz\u0105cych dok\u0142adno\u015bci, prawdopodobnych wynik\u00f3w lub niezawodno\u015bci korzystania z materia\u0142\u00f3w zamieszczonych na swojej stronie internetowej lub w inny spos\u00f3b powi\u0105zanych z takimi materia\u0142ami b\u0105d\u017a na stronach internetowych powi\u0105zanych z t\u0105 stron\u0105 internetow\u0105.<\/li>\n<\/ol>\n\n\n\n<h2 class=\"wp-block-heading\">4. Ograniczenia<\/h2>\n\n\n\n<p>Ani Blog Universo Familia, ani jego dostawcy nie ponosz\u0105 w \u017cadnym wypadku odpowiedzialno\u015bci za jakiekolwiek szkody (w tym, mi\u0119dzy innymi, szkody z tytu\u0142u utraty danych lub zysk\u00f3w, b\u0105d\u017a przerwy w dzia\u0142alno\u015bci) wynikaj\u0105ce z korzystania z materia\u0142\u00f3w Blog Universo Familia lub niemo\u017cno\u015bci korzystania z nich, nawet je\u015bli Blog Universo Familia lub upowa\u017cniony przedstawiciel Blog Universo Familia zosta\u0142 powiadomiony ustnie lub pisemnie o mo\u017cliwo\u015bci wyst\u0105pienia takich szk\u00f3d. Poniewa\u017c niekt\u00f3re jurysdykcje nie zezwalaj\u0105 na ograniczenia gwarancji dorozumianych ani ograniczenia odpowiedzialno\u015bci za szkody nast\u0119pcze lub przypadkowe, ograniczenia te mog\u0105 nie mie\u0107 zastosowania w Pa\u0144stwa przypadku.<\/p>\n\n\n\n<h2 class=\"wp-block-heading\">5. Precyzja materia\u0142\u00f3w<\/h2>\n\n\n\n<p>Materia\u0142y publikowane na stronie internetowej Blog Universo Familia mog\u0105 zawiera\u0107 b\u0142\u0119dy techniczne, typograficzne lub fotograficzne. Blog Universo Familia nie gwarantuje dok\u0142adno\u015bci, kompletno\u015bci ani aktualno\u015bci materia\u0142\u00f3w na swojej stronie internetowej. Blog Universo Familia mo\u017ce modyfikowa\u0107 materia\u0142y na swojej stronie internetowej w dowolnym momencie i bez uprzedniego powiadomienia. Blog Universo Familia nie zobowi\u0105zuje si\u0119 jednak do ich aktualizacji.<\/p>\n\n\n\n<h2 class=\"wp-block-heading\">6. Linki<\/h2>\n\n\n\n<p>Blog Universo Familia nie sprawdzi\u0142 wszystkich stron, do kt\u00f3rych prowadz\u0105 linki z jego witryny, i nie ponosi odpowiedzialno\u015bci za ich tre\u015b\u0107. Zamieszczenie linku nie oznacza rekomendacji strony przez Blog Universo Familia. Korzystanie z linkowanych stron odbywa si\u0119 na w\u0142asne ryzyko u\u017cytkownika.<\/p>\n\n\n\n<h3 class=\"wp-block-heading\">Modyfikacje<\/h3>\n\n\n\n<p>Blog Universo Familia mo\u017ce w dowolnym momencie i bez uprzedzenia zmieni\u0107 niniejszy regulamin korzystania ze strony internetowej. Korzystaj\u0105c z tej strony internetowej, akceptujesz aktualn\u0105 wersj\u0119 niniejszego regulaminu.<\/p>","protected":false},"excerpt":{"rendered":"<p>1. Condiciones Al acceder al sitio web\u00a0de Blog Universo Familia\u00a0, usted acepta cumplir con estos t\u00e9rminos de servicio, todas las leyes y regulaciones aplicables, y se responsabiliza del cumplimiento de todas las leyes locales aplicables. Si no acepta alguno de estos t\u00e9rminos, se le proh\u00edbe usar o acceder a este sitio. Los materiales contenidos en [&hellip;]<\/p>","protected":false},"author":139,"featured_media":0,"parent":0,"menu_order":0,"comment_status":"closed","ping_status":"closed","template":"page-nosidebar.php","meta":{"footnotes":""},"yoast_head":"<!-- This site is optimized with the Yoast SEO plugin v23.3 - https:\/\/yoast.com\/wordpress\/plugins\/seo\/ -->\n<title>Condiciones de uso - Blog Universo Fam\u00edlia<\/title>\n<meta name=\"robots\" content=\"index, follow, max-snippet:-1, max-image-preview:large, max-video-preview:-1\" \/>\n<link rel=\"canonical\" href=\"https:\/\/blog.universofamilia.com\/pl\/condiciones-de-uso\/\" \/>\n<meta property=\"og:locale\" content=\"pl_PL\" \/>\n<meta property=\"og:type\" content=\"article\" \/>\n<meta property=\"og:title\" content=\"Condiciones de uso - Blog Universo Fam\u00edlia\" \/>\n<meta property=\"og:description\" content=\"1. Condiciones Al acceder al sitio web\u00a0de Blog Universo Familia\u00a0, usted acepta cumplir con estos t\u00e9rminos de servicio, todas las leyes y regulaciones aplicables, y se responsabiliza del cumplimiento de todas las leyes locales aplicables. Si no acepta alguno de estos t\u00e9rminos, se le proh\u00edbe usar o acceder a este sitio. Los materiales contenidos en [&hellip;]\" \/>\n<meta property=\"og:url\" content=\"https:\/\/blog.universofamilia.com\/pl\/condiciones-de-uso\/\" \/>\n<meta property=\"og:site_name\" content=\"Blog Universo Fam\u00edlia\" \/>\n<meta property=\"article:modified_time\" content=\"2025-10-27T18:58:03+00:00\" \/>\n<meta name=\"twitter:card\" content=\"summary_large_image\" \/>\n<meta name=\"twitter:label1\" content=\"Est. reading time\" \/>\n\t<meta name=\"twitter:data1\" content=\"4 minuty\" \/>\n<script type=\"application\/ld+json\" class=\"yoast-schema-graph\">{\"@context\":\"https:\/\/schema.org\",\"@graph\":[{\"@type\":\"WebPage\",\"@id\":\"http:\/\/blog.universofamilia.com\/condiciones-de-uso\/\",\"url\":\"http:\/\/blog.universofamilia.com\/condiciones-de-uso\/\",\"name\":\"Condiciones de uso - Blog Universo Fam\u00edlia\",\"isPartOf\":{\"@id\":\"https:\/\/blog.universofamilia.com\/en\/#website\"},\"datePublished\":\"2024-12-24T18:44:05+00:00\",\"dateModified\":\"2025-10-27T18:58:03+00:00\",\"breadcrumb\":{\"@id\":\"http:\/\/blog.universofamilia.com\/condiciones-de-uso\/#breadcrumb\"},\"inLanguage\":\"pl-PL\",\"potentialAction\":[{\"@type\":\"ReadAction\",\"target\":[\"http:\/\/blog.universofamilia.com\/condiciones-de-uso\/\"]}]},{\"@type\":\"BreadcrumbList\",\"@id\":\"http:\/\/blog.universofamilia.com\/condiciones-de-uso\/#breadcrumb\",\"itemListElement\":[{\"@type\":\"ListItem\",\"position\":1,\"name\":\"Home\",\"item\":\"https:\/\/blog.universofamilia.com\/en\/\"},{\"@type\":\"ListItem\",\"position\":2,\"name\":\"Condiciones de uso\"}]},{\"@type\":\"WebSite\",\"@id\":\"https:\/\/blog.universofamilia.com\/en\/#website\",\"url\":\"https:\/\/blog.universofamilia.com\/en\/\",\"name\":\"Blog Universo Fam\u00edlia\",\"description\":\"\",\"potentialAction\":[{\"@type\":\"SearchAction\",\"target\":{\"@type\":\"EntryPoint\",\"urlTemplate\":\"https:\/\/blog.universofamilia.com\/en\/?s={search_term_string}\"},\"query-input\":\"required name=search_term_string\"}],\"inLanguage\":\"pl-PL\"}]}<\/script>\n<!-- \/ Yoast SEO plugin. -->","yoast_head_json":{"title":"Condiciones de uso - Blog Universo Fam\u00edlia","robots":{"index":"index","follow":"follow","max-snippet":"max-snippet:-1","max-image-preview":"max-image-preview:large","max-video-preview":"max-video-preview:-1"},"canonical":"https:\/\/blog.universofamilia.com\/pl\/condiciones-de-uso\/","og_locale":"pl_PL","og_type":"article","og_title":"Condiciones de uso - Blog Universo Fam\u00edlia","og_description":"1. Condiciones Al acceder al sitio web\u00a0de Blog Universo Familia\u00a0, usted acepta cumplir con estos t\u00e9rminos de servicio, todas las leyes y regulaciones aplicables, y se responsabiliza del cumplimiento de todas las leyes locales aplicables. Si no acepta alguno de estos t\u00e9rminos, se le proh\u00edbe usar o acceder a este sitio. Los materiales contenidos en [&hellip;]","og_url":"https:\/\/blog.universofamilia.com\/pl\/condiciones-de-uso\/","og_site_name":"Blog Universo Fam\u00edlia","article_modified_time":"2025-10-27T18:58:03+00:00","twitter_card":"summary_large_image","twitter_misc":{"Est. reading time":"4 minuty"},"schema":{"@context":"https:\/\/schema.org","@graph":[{"@type":"WebPage","@id":"http:\/\/blog.universofamilia.com\/condiciones-de-uso\/","url":"http:\/\/blog.universofamilia.com\/condiciones-de-uso\/","name":"Condiciones de uso - Blog Universo Fam\u00edlia","isPartOf":{"@id":"https:\/\/blog.universofamilia.com\/en\/#website"},"datePublished":"2024-12-24T18:44:05+00:00","dateModified":"2025-10-27T18:58:03+00:00","breadcrumb":{"@id":"http:\/\/blog.universofamilia.com\/condiciones-de-uso\/#breadcrumb"},"inLanguage":"pl-PL","potentialAction":[{"@type":"ReadAction","target":["http:\/\/blog.universofamilia.com\/condiciones-de-uso\/"]}]},{"@type":"BreadcrumbList","@id":"http:\/\/blog.universofamilia.com\/condiciones-de-uso\/#breadcrumb","itemListElement":[{"@type":"ListItem","position":1,"name":"Home","item":"https:\/\/blog.universofamilia.com\/en\/"},{"@type":"ListItem","position":2,"name":"Condiciones de uso"}]},{"@type":"WebSite","@id":"https:\/\/blog.universofamilia.com\/en\/#website","url":"https:\/\/blog.universofamilia.com\/en\/","name":"Blog Universo Fam\u00edlia","description":"","potentialAction":[{"@type":"SearchAction","target":{"@type":"EntryPoint","urlTemplate":"https:\/\/blog.universofamilia.com\/en\/?s={search_term_string}"},"query-input":"required name=search_term_string"}],"inLanguage":"pl-PL"}]}},"_links":{"self":[{"href":"https:\/\/blog.universofamilia.com\/pl\/wp-json\/wp\/v2\/pages\/38"}],"collection":[{"href":"https:\/\/blog.universofamilia.com\/pl\/wp-json\/wp\/v2\/pages"}],"about":[{"href":"https:\/\/blog.universofamilia.com\/pl\/wp-json\/wp\/v2\/types\/page"}],"author":[{"embeddable":true,"href":"https:\/\/blog.universofamilia.com\/pl\/wp-json\/wp\/v2\/users\/139"}],"replies":[{"embeddable":true,"href":"https:\/\/blog.universofamilia.com\/pl\/wp-json\/wp\/v2\/comments?post=38"}],"version-history":[{"count":2,"href":"https:\/\/blog.universofamilia.com\/pl\/wp-json\/wp\/v2\/pages\/38\/revisions"}],"predecessor-version":[{"id":1321,"href":"https:\/\/blog.universofamilia.com\/pl\/wp-json\/wp\/v2\/pages\/38\/revisions\/1321"}],"wp:attachment":[{"href":"https:\/\/blog.universofamilia.com\/pl\/wp-json\/wp\/v2\/media?parent=38"}],"curies":[{"name":"wp","href":"https:\/\/api.w.org\/{rel}","templated":true}]}}