{"id":31,"date":"2024-12-24T18:41:31","date_gmt":"2024-12-24T18:41:31","guid":{"rendered":"https:\/\/blog.universofamilia.com\/?page_id=31"},"modified":"2025-10-27T18:35:05","modified_gmt":"2025-10-27T18:35:05","slug":"contacto","status":"publish","type":"page","link":"https:\/\/blog.universofamilia.com\/pl\/contacto\/","title":{"rendered":"Kontakt"},"content":{"rendered":"<p>Uwielbiamy s\u0142ysze\u0107 od Was! W Imedias cenimy sobie otwart\u0105, jasn\u0105 i szczer\u0105 komunikacj\u0119 z naszymi czytelnikami i klientami.<\/p>\n\n\n\n<p>Je\u015bli masz pytania, sugestie, komentarze lub po prostu chcesz z nami porozmawia\u0107, skorzystaj z poni\u017cszego formularza. Ch\u0119tnie Ci\u0119 wys\u0142uchamy.<\/p>\n\n\n\n<h3 class=\"wp-block-heading\"><strong>Porozmawiajmy<\/strong><\/h3>\n\n\n\n<p>Masz jakie\u015b pytania lub sugestie? Skontaktuj si\u0119 z nami, korzystaj\u0105c z poni\u017cszego formularza. Jeste\u015bmy tu, aby pom\u00f3c.<\/p>\n\n\n<div class=\"wpforms-container wpforms-container-full wpforms-block wpforms-block-6d5ce1cb-4b8e-4c33-b774-ce998b06339c wpforms-render-modern\" id=\"wpforms-972\"><form id=\"wpforms-form-972\" class=\"wpforms-validate wpforms-form wpforms-ajax-form\" data-formid=\"972\" method=\"post\" enctype=\"multipart\/form-data\" action=\"\/pl\/wp-json\/wp\/v2\/pages\/31\" data-token=\"bcf1d0bbe18ce901bd4492056b42ef88\" data-token-time=\"1775632306\" data-trp-original-action=\"\/pl\/wp-json\/wp\/v2\/pages\/31\"><noscript class=\"wpforms-error-noscript\">Aby wype\u0142ni\u0107 ten formularz, w\u0142\u0105cz obs\u0142ug\u0119 JavaScript w przegl\u0105darce.<\/noscript><div class=\"wpforms-hidden\" id=\"wpforms-error-noscript\">Aby wype\u0142ni\u0107 ten formularz, w\u0142\u0105cz obs\u0142ug\u0119 JavaScript w przegl\u0105darce.<\/div><div class=\"wpforms-field-container\"><div id=\"wpforms-972-field_1-container\" class=\"wpforms-field wpforms-field-name\" data-field-id=\"1\"><label class=\"wpforms-field-label\" for=\"wpforms-972-field_1\">Nazwa <span class=\"wpforms-required-label\" aria-hidden=\"true\">*<\/span><\/label><input type=\"text\" id=\"wpforms-972-field_1\" class=\"wpforms-field-medium wpforms-field-required\" name=\"wpforms[fields][1]\" aria-errormessage=\"wpforms-972-field_1-error\" required><\/div><div id=\"wpforms-972-field_4-container\" class=\"wpforms-field wpforms-field-text\" data-field-id=\"4\"><label class=\"wpforms-field-label\" for=\"wpforms-972-field_4\">Romans<\/label><input type=\"text\" id=\"wpforms-972-field_4\" class=\"wpforms-field-medium\" name=\"wpforms[fields][4]\" aria-errormessage=\"wpforms-972-field_4-error\" ><\/div>\t\t<div id=\"wpforms-972-field_5-container\"\n\t\t\tclass=\"wpforms-field wpforms-field-text\"\n\t\t\tdata-field-type=\"text\"\n\t\t\tdata-field-id=\"5\"\n\t\t\t>\n\t\t\t<label class=\"wpforms-field-label\" for=\"wpforms-972-field_5\" >o mensaje Comentario<\/label>\n\t\t\t<input type=\"text\" id=\"wpforms-972-field_5\" class=\"wpforms-field-medium\" name=\"wpforms[fields][5]\" >\n\t\t<\/div>\n\t\t<div id=\"wpforms-972-field_2-container\" class=\"wpforms-field wpforms-field-email\" data-field-id=\"2\"><label class=\"wpforms-field-label\" for=\"wpforms-972-field_2\">E-mail <span class=\"wpforms-required-label\" aria-hidden=\"true\">*<\/span><\/label><input type=\"email\" id=\"wpforms-972-field_2\" class=\"wpforms-field-medium wpforms-field-required\" name=\"wpforms[fields][2]\" spellcheck=\"false\" aria-errormessage=\"wpforms-972-field_2-error\" required><\/div><div id=\"wpforms-972-field_3-container\" class=\"wpforms-field wpforms-field-textarea\" data-field-id=\"3\"><label class=\"wpforms-field-label\" for=\"wpforms-972-field_3\">Komentarz lub wiadomo\u015b\u0107<\/label><textarea id=\"wpforms-972-field_3\" class=\"wpforms-field-medium\" name=\"wpforms[fields][3]\" aria-errormessage=\"wpforms-972-field_3-error\" ><\/textarea><\/div><script>\n\t\t\t\t( function() {\n\t\t\t\t\tconst style = document.createElement( 'style' );\n\t\t\t\t\tstyle.appendChild( document.createTextNode( '#wpforms-972-field_5-container { position: absolute !important; overflow: hidden !important; display: inline !important; height: 1px !important; width: 1px !important; z-index: -1000 !important; padding: 0 !important; } #wpforms-972-field_5-container input { visibility: hidden; } #wpforms-conversational-form-page #wpforms-972-field_5-container label { counter-increment: none; }' ) );\n\t\t\t\t\tdocument.head.appendChild( style );\n\t\t\t\t\tdocument.currentScript?.remove();\n\t\t\t\t} )();\n\t\t\t<\/script><\/div><!-- .wpforms-field-container --><div class=\"wpforms-submit-container\" ><input type=\"hidden\" name=\"wpforms[id]\" value=\"972\"><input type=\"hidden\" name=\"page_title\" value=\"\"><input type=\"hidden\" name=\"page_url\" value=\"https:\/\/blog.universofamilia.com\/pl\/wp-json\/wp\/v2\/pages\/31\"><input type=\"hidden\" name=\"url_referer\" value=\"\"><button type=\"submit\" name=\"wpforms[submit]\" id=\"wpforms-submit-972\" class=\"wpforms-submit\" data-alt-text=\"Enviando\u2026\" data-submit-text=\"Enviar\" aria-live=\"assertive\" value=\"wpforms-submit\">Wys\u0142a\u0107<\/button><img loading=\"lazy\" decoding=\"async\" src=\"https:\/\/blog.universofamilia.com\/wp-content\/plugins\/wpforms-lite\/assets\/images\/submit-spin.svg\" class=\"wpforms-submit-spinner\" style=\"display: none;\" width=\"26\" height=\"26\" alt=\"Wczytywanie\"><\/div><input type=\"hidden\" name=\"trp-form-language\" value=\"pl\"\/><\/form><\/div>  <!-- .wpforms-container -->","protected":false},"excerpt":{"rendered":"<p>\u00a1Nos encanta saber de ti! En Imedias valoramos la comunicaci\u00f3n cercana, clara y honesta con nuestros lectores y clientes. Si tienes preguntas, sugerencias, comentarios o simplemente quieres hablar con nosotros, utiliza el formulario a continuaci\u00f3n. Estaremos encantados de responderte. Hablemos \u00bfTienes alguna duda o recomendaci\u00f3n? No dudes en escribirnos a trav\u00e9s del siguiente formulario. Estamos [&hellip;]<\/p>","protected":false},"author":139,"featured_media":0,"parent":0,"menu_order":0,"comment_status":"closed","ping_status":"closed","template":"page-nosidebar.php","meta":{"footnotes":""},"yoast_head":"<!-- This site is optimized with the Yoast SEO plugin v23.3 - https:\/\/yoast.com\/wordpress\/plugins\/seo\/ -->\n<title>Contacto - Blog Universo Fam\u00edlia<\/title>\n<meta name=\"description\" content=\"Contacto\" \/>\n<meta name=\"robots\" content=\"index, follow, max-snippet:-1, max-image-preview:large, max-video-preview:-1\" \/>\n<link rel=\"canonical\" href=\"https:\/\/blog.universofamilia.com\/pl\/contacto\/\" \/>\n<meta property=\"og:locale\" content=\"pl_PL\" \/>\n<meta property=\"og:type\" content=\"article\" \/>\n<meta property=\"og:title\" content=\"Contacto - Blog Universo Fam\u00edlia\" \/>\n<meta property=\"og:description\" content=\"Contacto\" \/>\n<meta property=\"og:url\" content=\"https:\/\/blog.universofamilia.com\/pl\/contacto\/\" \/>\n<meta property=\"og:site_name\" content=\"Blog Universo Fam\u00edlia\" \/>\n<meta property=\"article:modified_time\" content=\"2025-10-27T18:35:05+00:00\" \/>\n<meta name=\"twitter:card\" content=\"summary_large_image\" \/>\n<meta name=\"twitter:label1\" content=\"Est. reading time\" \/>\n\t<meta name=\"twitter:data1\" content=\"1 minuta\" \/>\n<script type=\"application\/ld+json\" class=\"yoast-schema-graph\">{\"@context\":\"https:\/\/schema.org\",\"@graph\":[{\"@type\":\"WebPage\",\"@id\":\"https:\/\/blog.universofamilia.com\/contacto\/\",\"url\":\"https:\/\/blog.universofamilia.com\/contacto\/\",\"name\":\"Contacto - Blog Universo Fam\u00edlia\",\"isPartOf\":{\"@id\":\"https:\/\/blog.universofamilia.com\/en\/#website\"},\"datePublished\":\"2024-12-24T18:41:31+00:00\",\"dateModified\":\"2025-10-27T18:35:05+00:00\",\"description\":\"Contacto\",\"breadcrumb\":{\"@id\":\"https:\/\/blog.universofamilia.com\/contacto\/#breadcrumb\"},\"inLanguage\":\"pl-PL\",\"potentialAction\":[{\"@type\":\"ReadAction\",\"target\":[\"https:\/\/blog.universofamilia.com\/contacto\/\"]}]},{\"@type\":\"BreadcrumbList\",\"@id\":\"https:\/\/blog.universofamilia.com\/contacto\/#breadcrumb\",\"itemListElement\":[{\"@type\":\"ListItem\",\"position\":1,\"name\":\"Home\",\"item\":\"https:\/\/blog.universofamilia.com\/en\/\"},{\"@type\":\"ListItem\",\"position\":2,\"name\":\"Contacto\"}]},{\"@type\":\"WebSite\",\"@id\":\"https:\/\/blog.universofamilia.com\/en\/#website\",\"url\":\"https:\/\/blog.universofamilia.com\/en\/\",\"name\":\"Blog Universo Fam\u00edlia\",\"description\":\"\",\"potentialAction\":[{\"@type\":\"SearchAction\",\"target\":{\"@type\":\"EntryPoint\",\"urlTemplate\":\"https:\/\/blog.universofamilia.com\/en\/?s={search_term_string}\"},\"query-input\":\"required name=search_term_string\"}],\"inLanguage\":\"pl-PL\"}]}<\/script>\n<!-- \/ Yoast SEO plugin. -->","yoast_head_json":{"title":"Contacto - Blog Universo Fam\u00edlia","description":"Contacto","robots":{"index":"index","follow":"follow","max-snippet":"max-snippet:-1","max-image-preview":"max-image-preview:large","max-video-preview":"max-video-preview:-1"},"canonical":"https:\/\/blog.universofamilia.com\/pl\/contacto\/","og_locale":"pl_PL","og_type":"article","og_title":"Contacto - Blog Universo Fam\u00edlia","og_description":"Contacto","og_url":"https:\/\/blog.universofamilia.com\/pl\/contacto\/","og_site_name":"Blog Universo Fam\u00edlia","article_modified_time":"2025-10-27T18:35:05+00:00","twitter_card":"summary_large_image","twitter_misc":{"Est. reading time":"1 minuta"},"schema":{"@context":"https:\/\/schema.org","@graph":[{"@type":"WebPage","@id":"https:\/\/blog.universofamilia.com\/contacto\/","url":"https:\/\/blog.universofamilia.com\/contacto\/","name":"Contacto - Blog Universo Fam\u00edlia","isPartOf":{"@id":"https:\/\/blog.universofamilia.com\/en\/#website"},"datePublished":"2024-12-24T18:41:31+00:00","dateModified":"2025-10-27T18:35:05+00:00","description":"Contacto","breadcrumb":{"@id":"https:\/\/blog.universofamilia.com\/contacto\/#breadcrumb"},"inLanguage":"pl-PL","potentialAction":[{"@type":"ReadAction","target":["https:\/\/blog.universofamilia.com\/contacto\/"]}]},{"@type":"BreadcrumbList","@id":"https:\/\/blog.universofamilia.com\/contacto\/#breadcrumb","itemListElement":[{"@type":"ListItem","position":1,"name":"Home","item":"https:\/\/blog.universofamilia.com\/en\/"},{"@type":"ListItem","position":2,"name":"Contacto"}]},{"@type":"WebSite","@id":"https:\/\/blog.universofamilia.com\/en\/#website","url":"https:\/\/blog.universofamilia.com\/en\/","name":"Blog Universo Fam\u00edlia","description":"","potentialAction":[{"@type":"SearchAction","target":{"@type":"EntryPoint","urlTemplate":"https:\/\/blog.universofamilia.com\/en\/?s={search_term_string}"},"query-input":"required name=search_term_string"}],"inLanguage":"pl-PL"}]}},"_links":{"self":[{"href":"https:\/\/blog.universofamilia.com\/pl\/wp-json\/wp\/v2\/pages\/31"}],"collection":[{"href":"https:\/\/blog.universofamilia.com\/pl\/wp-json\/wp\/v2\/pages"}],"about":[{"href":"https:\/\/blog.universofamilia.com\/pl\/wp-json\/wp\/v2\/types\/page"}],"author":[{"embeddable":true,"href":"https:\/\/blog.universofamilia.com\/pl\/wp-json\/wp\/v2\/users\/139"}],"replies":[{"embeddable":true,"href":"https:\/\/blog.universofamilia.com\/pl\/wp-json\/wp\/v2\/comments?post=31"}],"version-history":[{"count":3,"href":"https:\/\/blog.universofamilia.com\/pl\/wp-json\/wp\/v2\/pages\/31\/revisions"}],"predecessor-version":[{"id":975,"href":"https:\/\/blog.universofamilia.com\/pl\/wp-json\/wp\/v2\/pages\/31\/revisions\/975"}],"wp:attachment":[{"href":"https:\/\/blog.universofamilia.com\/pl\/wp-json\/wp\/v2\/media?parent=31"}],"curies":[{"name":"wp","href":"https:\/\/api.w.org\/{rel}","templated":true}]}}