{"id":36,"date":"2024-12-24T18:43:12","date_gmt":"2024-12-24T18:43:12","guid":{"rendered":"https:\/\/blog.universofamilia.com\/?page_id=36"},"modified":"2025-10-27T18:44:48","modified_gmt":"2025-10-27T18:44:48","slug":"politica-de-privacidad","status":"publish","type":"page","link":"https:\/\/blog.universofamilia.com\/nl\/politica-de-privacidad\/","title":{"rendered":"Privacybeleid"},"content":{"rendered":"<p>Uw privacy is belangrijk voor ons. Het beleid van Blog Universo Fam\u00edlia is erop gericht uw privacy te respecteren met betrekking tot alle informatie die we van u verzamelen op de website.&nbsp;<a href=\"https:\/\/blog.universofamilia.com\/nl\/\">van Blog Universo Fam\u00edlia<\/a>&nbsp;en op andere websites die wij bezitten en beheren.<\/p>\n\n\n\n<p>We vragen alleen om persoonsgegevens wanneer we deze echt nodig hebben om u een dienst te verlenen. We verzamelen deze op eerlijke en rechtmatige wijze, met uw medeweten en toestemming. We informeren u ook waarom we deze verzamelen en hoe we deze gebruiken.<\/p>\n\n\n\n<p>We bewaren de verzamelde informatie alleen zo lang als nodig is om u de gevraagde dienst te verlenen. We beschermen de gegevens die we opslaan met commercieel aanvaardbare middelen om verlies en diefstal, evenals ongeoorloofde toegang, openbaarmaking, kopi\u00ebren, gebruik of wijziging, te voorkomen.<\/p>\n\n\n\n<p>Wij delen uw persoonlijke identificeerbare informatie niet openbaar of met derden, behalve wanneer wij daartoe wettelijk verplicht zijn.<\/p>\n\n\n\n<p>Onze website kan links bevatten naar externe websites die wij niet beheren. Houd er rekening mee dat wij geen controle hebben over de inhoud of de werkwijze van deze websites en niet verantwoordelijk zijn voor hun werkwijze.&nbsp;&nbsp;<a href=\"https:\/\/politicaprivacidade.com\/\" rel=\"noreferrer noopener\" target=\"_blank\">privacybeleid<\/a>&nbsp;.<\/p>\n\n\n\n<p>U kunt ons verzoek om uw persoonsgegevens te weigeren, maar u begrijpt wel dat wij u dan mogelijk niet alle gewenste diensten kunnen leveren.<\/p>\n\n\n\n<p>Uw voortgezette gebruik van onze website wordt beschouwd als acceptatie van onze privacy- en persoonsgegevenspraktijken. Als u vragen heeft over hoe wij omgaan met gebruikersgegevens en persoonsgegevens, neem dan contact met ons op.<\/p>\n\n\n\n<ul>\n<li>De Google AdSense-service die wij gebruiken om advertenties weer te geven, maakt gebruik van een cookie. <a href=\"https:\/\/myadcenter.google.com\/home?sasb=true&amp;ref=ad-settings\">Dubbelklik<\/a> om relevantere advertenties op het web te tonen en het aantal keren dat een bepaalde advertentie aan u wordt getoond, te beperken.<\/li>\n\n\n\n<li>Voor meer informatie over Google AdSense kunt u de offici\u00eble FAQ&#039;s raadplegen. <a href=\"https:\/\/policies.google.com\/technologies\/partner-sites\">Google AdSense-privacy<\/a>.<\/li>\n\n\n\n<li>We gebruiken advertenties om de exploitatiekosten van deze website te dekken en de toekomstige ontwikkeling ervan te financieren. De cookies voor gedragsgerichte advertenties die deze website gebruikt, zijn ontworpen om ervoor te zorgen dat we de meest relevante advertenties aanbieden door uw interesses anoniem te volgen en vergelijkbare content te presenteren die mogelijk interessant voor u is.<\/li>\n\n\n\n<li>Verschillende partners adverteren namens ons. Dankzij cookies voor affiliate tracking kunnen wij zien of onze klanten via de sites van een van onze partners op onze site terecht zijn gekomen. Zo kunnen we ze op de juiste manier crediteren en, indien van toepassing, onze affiliate partners de mogelijkheid bieden om een incentive te bieden als ze een aankoop doen.<\/li>\n<\/ul>\n\n\n\n<h3 class=\"wp-block-heading\">Gebruikersbetrokkenheid<\/h3>\n\n\n\n<p>De gebruiker stemt ermee in om op gepaste wijze gebruik te maken van de inhoud en informatie die de Universo Fam\u00edlia Blog op de website aanbiedt en, bij wijze van voorbeeld maar niet beperkt tot:<\/p>\n\n\n\n<ul>\n<li>A) Geen illegale activiteiten of activiteiten die in strijd zijn met de goede trouw en de openbare orde, te ondernemen;<\/li>\n\n\n\n<li>B) Verspreid geen propaganda of inhoud die racistisch, xenofoob, gokkend of illegaal pornografisch van aard is, of die terrorisme verdedigt of de mensenrechten aantast;<\/li>\n\n\n\n<li>C) U mag geen schade toebrengen aan de fysieke (hardware) en logische (software) systemen van de blog Universo Fam\u00edlia, haar leveranciers of derden, en u mag geen computervirussen of andere fysieke of logische systemen introduceren of verspreiden die de hiervoor genoemde schade kunnen veroorzaken.<\/li>\n<\/ul>\n\n\n\n<h3 class=\"wp-block-heading\">Meer informatie<\/h3>\n\n\n\n<p>We hopen dat dit de zaken voor u heeft verduidelijkt. Zoals eerder vermeld: als u twijfelt of u cookies nodig hebt, is het over het algemeen veiliger om cookies ingeschakeld te laten voor het geval u een van de functies op onze site gebruikt.<\/p>\n\n\n\n<p>Dit beleid treedt in werking op 27 oktober 2025 om 18:14 uur.<\/p>","protected":false},"excerpt":{"rendered":"<p>Uw privacy is belangrijk voor ons. Het beleid van Blog Universo Fam\u00edlia is om uw privacy te respecteren met betrekking tot alle informatie die we van u verzamelen op de website van Blog Universo Fam\u00edlia en andere websites die we bezitten en beheren. We vragen alleen om persoonlijke informatie wanneer we die echt nodig hebben om u een dienst te kunnen leveren. We verzamelen deze informatie door [\u2026]<\/p>","protected":false},"author":219,"featured_media":0,"parent":0,"menu_order":0,"comment_status":"closed","ping_status":"closed","template":"page-nosidebar.php","meta":{"footnotes":""},"yoast_head":"<!-- This site is optimized with the Yoast SEO plugin v23.3 - https:\/\/yoast.com\/wordpress\/plugins\/seo\/ -->\n<title>Pol\u00edtica de Privacidad - Blog Universo Fam\u00edlia<\/title>\n<meta name=\"description\" content=\"Pol\u00edtica de privacidad. Su privacidad es importante para nosotros. Es pol\u00edtica de Blog Universo Fam\u00edlia respetar su privacidad en relaci\u00f3n...\" \/>\n<meta name=\"robots\" content=\"index, follow, max-snippet:-1, max-image-preview:large, max-video-preview:-1\" \/>\n<link rel=\"canonical\" href=\"https:\/\/blog.universofamilia.com\/nl\/politica-de-privacidad\/\" \/>\n<meta property=\"og:locale\" content=\"nl_NL\" \/>\n<meta property=\"og:type\" content=\"article\" \/>\n<meta property=\"og:title\" content=\"Pol\u00edtica de Privacidad - Blog Universo Fam\u00edlia\" \/>\n<meta property=\"og:description\" content=\"Pol\u00edtica de privacidad. Su privacidad es importante para nosotros. Es pol\u00edtica de Blog Universo Fam\u00edlia respetar su privacidad en relaci\u00f3n...\" \/>\n<meta property=\"og:url\" content=\"https:\/\/blog.universofamilia.com\/nl\/politica-de-privacidad\/\" \/>\n<meta property=\"og:site_name\" content=\"Blog Universo Fam\u00edlia\" \/>\n<meta property=\"article:modified_time\" content=\"2025-10-27T18:44:48+00:00\" \/>\n<meta name=\"twitter:card\" content=\"summary_large_image\" \/>\n<meta name=\"twitter:label1\" content=\"Est. reading time\" \/>\n\t<meta name=\"twitter:data1\" content=\"4 minuten\" \/>\n<script type=\"application\/ld+json\" class=\"yoast-schema-graph\">{\"@context\":\"https:\/\/schema.org\",\"@graph\":[{\"@type\":\"WebPage\",\"@id\":\"http:\/\/blog.universofamilia.com\/politica-de-privacidad\/\",\"url\":\"http:\/\/blog.universofamilia.com\/politica-de-privacidad\/\",\"name\":\"Pol\u00edtica de Privacidad - Blog Universo Fam\u00edlia\",\"isPartOf\":{\"@id\":\"https:\/\/blog.universofamilia.com\/en\/#website\"},\"datePublished\":\"2024-12-24T18:43:12+00:00\",\"dateModified\":\"2025-10-27T18:44:48+00:00\",\"description\":\"Pol\u00edtica de privacidad. Su privacidad es importante para nosotros. Es pol\u00edtica de Blog Universo Fam\u00edlia respetar su privacidad en relaci\u00f3n...\",\"breadcrumb\":{\"@id\":\"http:\/\/blog.universofamilia.com\/politica-de-privacidad\/#breadcrumb\"},\"inLanguage\":\"nl-NL\",\"potentialAction\":[{\"@type\":\"ReadAction\",\"target\":[\"http:\/\/blog.universofamilia.com\/politica-de-privacidad\/\"]}]},{\"@type\":\"BreadcrumbList\",\"@id\":\"http:\/\/blog.universofamilia.com\/politica-de-privacidad\/#breadcrumb\",\"itemListElement\":[{\"@type\":\"ListItem\",\"position\":1,\"name\":\"Home\",\"item\":\"https:\/\/blog.universofamilia.com\/en\/\"},{\"@type\":\"ListItem\",\"position\":2,\"name\":\"Pol\u00edtica de Privacidad\"}]},{\"@type\":\"WebSite\",\"@id\":\"https:\/\/blog.universofamilia.com\/en\/#website\",\"url\":\"https:\/\/blog.universofamilia.com\/en\/\",\"name\":\"Blog Universo Fam\u00edlia\",\"description\":\"\",\"potentialAction\":[{\"@type\":\"SearchAction\",\"target\":{\"@type\":\"EntryPoint\",\"urlTemplate\":\"https:\/\/blog.universofamilia.com\/en\/?s={search_term_string}\"},\"query-input\":\"required name=search_term_string\"}],\"inLanguage\":\"nl-NL\"}]}<\/script>\n<!-- \/ Yoast SEO plugin. -->","yoast_head_json":{"title":"Pol\u00edtica de Privacidad - Blog Universo Fam\u00edlia","description":"Pol\u00edtica de privacidad. Su privacidad es importante para nosotros. Es pol\u00edtica de Blog Universo Fam\u00edlia respetar su privacidad en relaci\u00f3n...","robots":{"index":"index","follow":"follow","max-snippet":"max-snippet:-1","max-image-preview":"max-image-preview:large","max-video-preview":"max-video-preview:-1"},"canonical":"https:\/\/blog.universofamilia.com\/nl\/politica-de-privacidad\/","og_locale":"nl_NL","og_type":"article","og_title":"Pol\u00edtica de Privacidad - Blog Universo Fam\u00edlia","og_description":"Pol\u00edtica de privacidad. Su privacidad es importante para nosotros. Es pol\u00edtica de Blog Universo Fam\u00edlia respetar su privacidad en relaci\u00f3n...","og_url":"https:\/\/blog.universofamilia.com\/nl\/politica-de-privacidad\/","og_site_name":"Blog Universo Fam\u00edlia","article_modified_time":"2025-10-27T18:44:48+00:00","twitter_card":"summary_large_image","twitter_misc":{"Est. reading time":"4 minuten"},"schema":{"@context":"https:\/\/schema.org","@graph":[{"@type":"WebPage","@id":"http:\/\/blog.universofamilia.com\/politica-de-privacidad\/","url":"http:\/\/blog.universofamilia.com\/politica-de-privacidad\/","name":"Pol\u00edtica de Privacidad - Blog Universo Fam\u00edlia","isPartOf":{"@id":"https:\/\/blog.universofamilia.com\/en\/#website"},"datePublished":"2024-12-24T18:43:12+00:00","dateModified":"2025-10-27T18:44:48+00:00","description":"Pol\u00edtica de privacidad. Su privacidad es importante para nosotros. Es pol\u00edtica de Blog Universo Fam\u00edlia respetar su privacidad en relaci\u00f3n...","breadcrumb":{"@id":"http:\/\/blog.universofamilia.com\/politica-de-privacidad\/#breadcrumb"},"inLanguage":"nl-NL","potentialAction":[{"@type":"ReadAction","target":["http:\/\/blog.universofamilia.com\/politica-de-privacidad\/"]}]},{"@type":"BreadcrumbList","@id":"http:\/\/blog.universofamilia.com\/politica-de-privacidad\/#breadcrumb","itemListElement":[{"@type":"ListItem","position":1,"name":"Home","item":"https:\/\/blog.universofamilia.com\/en\/"},{"@type":"ListItem","position":2,"name":"Pol\u00edtica de Privacidad"}]},{"@type":"WebSite","@id":"https:\/\/blog.universofamilia.com\/en\/#website","url":"https:\/\/blog.universofamilia.com\/en\/","name":"Blog Universo Fam\u00edlia","description":"","potentialAction":[{"@type":"SearchAction","target":{"@type":"EntryPoint","urlTemplate":"https:\/\/blog.universofamilia.com\/en\/?s={search_term_string}"},"query-input":"required name=search_term_string"}],"inLanguage":"nl-NL"}]}},"_links":{"self":[{"href":"https:\/\/blog.universofamilia.com\/nl\/wp-json\/wp\/v2\/pages\/36"}],"collection":[{"href":"https:\/\/blog.universofamilia.com\/nl\/wp-json\/wp\/v2\/pages"}],"about":[{"href":"https:\/\/blog.universofamilia.com\/nl\/wp-json\/wp\/v2\/types\/page"}],"author":[{"embeddable":true,"href":"https:\/\/blog.universofamilia.com\/nl\/wp-json\/wp\/v2\/users\/219"}],"replies":[{"embeddable":true,"href":"https:\/\/blog.universofamilia.com\/nl\/wp-json\/wp\/v2\/comments?post=36"}],"version-history":[{"count":4,"href":"https:\/\/blog.universofamilia.com\/nl\/wp-json\/wp\/v2\/pages\/36\/revisions"}],"predecessor-version":[{"id":1326,"href":"https:\/\/blog.universofamilia.com\/nl\/wp-json\/wp\/v2\/pages\/36\/revisions\/1326"}],"wp:attachment":[{"href":"https:\/\/blog.universofamilia.com\/nl\/wp-json\/wp\/v2\/media?parent=36"}],"curies":[{"name":"wp","href":"https:\/\/api.w.org\/{rel}","templated":true}]}}