{"id":34,"date":"2024-12-24T18:42:05","date_gmt":"2024-12-24T18:42:05","guid":{"rendered":"https:\/\/blog.universofamilia.com\/?page_id=34"},"modified":"2025-10-27T18:34:19","modified_gmt":"2025-10-27T18:34:19","slug":"quienes-somos","status":"publish","type":"page","link":"https:\/\/blog.universofamilia.com\/hu\/quienes-somos\/","title":{"rendered":"Kik vagyunk"},"content":{"rendered":"<p>\u00dcdv\u00f6z\u00f6lj\u00fck a <strong>Csal\u00e1di Univerzum Blog<\/strong>, egy olyan t\u00e9r, amelyet az\u00e9rt hoztak l\u00e9tre, hogy inspir\u00e1ljon, t\u00e1mogasson \u00e9s min\u0151s\u00e9gi tartalmakat k\u00edn\u00e1ljon a mindennapi \u00e9leted gazdag\u00edt\u00e1s\u00e1hoz. Blogunk azzal a szenved\u00e9llyel sz\u00fcletett, hogy felfedezz\u00fck a vil\u00e1got k\u00fcl\u00f6nb\u00f6z\u0151 dimenzi\u00f3iban, \u00e9s megosszuk azokat az egyedi \u00e9lm\u00e9nyeket, amelyek \u00f6sszekapcsolj\u00e1k a csal\u00e1dodat.<\/p>\n\n\n\n<h3 class=\"wp-block-heading\">Mit tal\u00e1lsz a Family Universe blogon?<\/h3>\n\n\n\n<h4 class=\"wp-block-heading\"><strong>Nemzetk\u00f6zi \u00fati c\u00e9lok<\/strong><\/h4>\n\n\n\n<p>Elvisz\u00fcnk egy utaz\u00e1sra a bolyg\u00f3 legcsod\u00e1latosabb szegleteibe. Az idilli strandokt\u00f3l a t\u00f6rt\u00e9nelemmel \u00e9s kult\u00far\u00e1val \u00e1titatott v\u00e1rosokig, itt \u00f6tleteket tal\u00e1lhatsz a k\u00f6vetkez\u0151 csal\u00e1di kalandjaidhoz. K\u00e9sz\u00fclj fel az \u00e1lmodoz\u00e1sra, a tervez\u00e9sre \u00e9s a felfedez\u00e9sre \u00fatmutat\u00f3inkkal \u00e9s aj\u00e1nl\u00e1sainkkal.<\/p>\n\n\n\n<h4 class=\"wp-block-heading\"><strong>Gasztron\u00f3miai \u00e9lm\u00e9nyek<\/strong><\/h4>\n\n\n\n<p>Az \u00edzek az utaz\u00e1s egyik m\u00f3dja is. Ebben a kateg\u00f3ri\u00e1ban recepteket, \u00e9tteremkritik\u00e1kat \u00e9s a k\u00fcl\u00f6nb\u00f6z\u0151 kult\u00far\u00e1k legikonikusabb \u00e9teleit osztjuk meg. Az otthoni f\u0151z\u00e9st\u0151l az \u00ednyenc \u00e9lm\u00e9nyekig, fel akarjuk kelteni az \u00edzlel\u0151bimb\u00f3idat, \u00e9s seg\u00edteni akarunk, hogy minden falatot \u00e9lvezhess.<\/p>\n\n\n\n<h4 class=\"wp-block-heading\"><strong>Technol\u00f3gia<\/strong><\/h4>\n\n\n\n<p>Tudjuk, hogy a technol\u00f3gia a modern \u00e9let elengedhetetlen r\u00e9sze. Ez\u00e9rt ebben a r\u00e9szben tippeket, eszk\u00f6zaj\u00e1nl\u00e1sokat \u00e9s trendeket k\u00edn\u00e1lunk, hogy naprak\u00e9sz maradjon. Seg\u00edteni szeretn\u00e9nk, hogy a technol\u00f3gia seg\u00edts\u00e9g\u00e9vel jav\u00edthassa saj\u00e1t \u00e9s csal\u00e1dja \u00e9letmin\u0151s\u00e9g\u00e9t.<\/p>\n\n\n\n<p>Be <strong>Csal\u00e1di Univerzum Blog<\/strong>K\u00fcldet\u00e9s\u00fcnk, hogy t\u00f6rt\u00e9neteken, tan\u00e1csokon \u00e9s inform\u00e1ci\u00f3kon kereszt\u00fcl kapcsolatba l\u00e9pj\u00fcnk veled, amelyek gazdag\u00edtj\u00e1k a vil\u00e1godat \u00e9s csal\u00e1dod\u00e9t. K\u00f6sz\u00f6nj\u00fck, hogy ennek a k\u00f6z\u00f6ss\u00e9gnek a tagja vagy! Megh\u00edvunk, hogy fedezd fel, \u00e9lvezd \u00e9s oszd meg vel\u00fcnk ezt a nagyszer\u0171 kalandot.<\/p>","protected":false},"excerpt":{"rendered":"<p>Bienvenidos a Blog Universo Familia, un espacio creado para inspirarte, acompa\u00f1arte y ofrecerte contenido de calidad para enriquecer tu d\u00eda a d\u00eda. Nuestro blog nace con la pasi\u00f3n de explorar el mundo en sus diferentes dimensiones y compartir contigo experiencias \u00fanicas que conecten con tu familia. \u00bfQu\u00e9 encontrar\u00e1s en Blog Universo Familia? Destinos Internacionales Te [&hellip;]<\/p>","protected":false},"author":218,"featured_media":0,"parent":0,"menu_order":0,"comment_status":"closed","ping_status":"closed","template":"page-nosidebar.php","meta":{"footnotes":""},"yoast_head":"<!-- This site is optimized with the Yoast SEO plugin v23.3 - https:\/\/yoast.com\/wordpress\/plugins\/seo\/ -->\n<title>Qui\u00e9nes somos - Blog Universo Fam\u00edlia<\/title>\n<meta name=\"robots\" content=\"index, follow, max-snippet:-1, max-image-preview:large, max-video-preview:-1\" \/>\n<link rel=\"canonical\" href=\"https:\/\/blog.universofamilia.com\/hu\/quienes-somos\/\" \/>\n<meta property=\"og:locale\" content=\"hu_HU\" \/>\n<meta property=\"og:type\" content=\"article\" \/>\n<meta property=\"og:title\" content=\"Qui\u00e9nes somos - Blog Universo Fam\u00edlia\" \/>\n<meta property=\"og:description\" content=\"Bienvenidos a Blog Universo Familia, un espacio creado para inspirarte, acompa\u00f1arte y ofrecerte contenido de calidad para enriquecer tu d\u00eda a d\u00eda. Nuestro blog nace con la pasi\u00f3n de explorar el mundo en sus diferentes dimensiones y compartir contigo experiencias \u00fanicas que conecten con tu familia. \u00bfQu\u00e9 encontrar\u00e1s en Blog Universo Familia? Destinos Internacionales Te [&hellip;]\" \/>\n<meta property=\"og:url\" content=\"https:\/\/blog.universofamilia.com\/hu\/quienes-somos\/\" \/>\n<meta property=\"og:site_name\" content=\"Blog Universo Fam\u00edlia\" \/>\n<meta property=\"article:modified_time\" content=\"2025-10-27T18:34:19+00:00\" \/>\n<meta name=\"twitter:card\" content=\"summary_large_image\" \/>\n<meta name=\"twitter:label1\" content=\"Est. reading time\" \/>\n\t<meta name=\"twitter:data1\" content=\"2 perc\" \/>\n<script type=\"application\/ld+json\" class=\"yoast-schema-graph\">{\"@context\":\"https:\/\/schema.org\",\"@graph\":[{\"@type\":\"WebPage\",\"@id\":\"http:\/\/blog.universofamilia.com\/quienes-somos\/\",\"url\":\"http:\/\/blog.universofamilia.com\/quienes-somos\/\",\"name\":\"Qui\u00e9nes somos - Blog Universo Fam\u00edlia\",\"isPartOf\":{\"@id\":\"https:\/\/blog.universofamilia.com\/en\/#website\"},\"datePublished\":\"2024-12-24T18:42:05+00:00\",\"dateModified\":\"2025-10-27T18:34:19+00:00\",\"breadcrumb\":{\"@id\":\"http:\/\/blog.universofamilia.com\/quienes-somos\/#breadcrumb\"},\"inLanguage\":\"hu\",\"potentialAction\":[{\"@type\":\"ReadAction\",\"target\":[\"http:\/\/blog.universofamilia.com\/quienes-somos\/\"]}]},{\"@type\":\"BreadcrumbList\",\"@id\":\"http:\/\/blog.universofamilia.com\/quienes-somos\/#breadcrumb\",\"itemListElement\":[{\"@type\":\"ListItem\",\"position\":1,\"name\":\"Home\",\"item\":\"https:\/\/blog.universofamilia.com\/en\/\"},{\"@type\":\"ListItem\",\"position\":2,\"name\":\"Qui\u00e9nes somos\"}]},{\"@type\":\"WebSite\",\"@id\":\"https:\/\/blog.universofamilia.com\/en\/#website\",\"url\":\"https:\/\/blog.universofamilia.com\/en\/\",\"name\":\"Blog Universo Fam\u00edlia\",\"description\":\"\",\"potentialAction\":[{\"@type\":\"SearchAction\",\"target\":{\"@type\":\"EntryPoint\",\"urlTemplate\":\"https:\/\/blog.universofamilia.com\/en\/?s={search_term_string}\"},\"query-input\":\"required name=search_term_string\"}],\"inLanguage\":\"hu\"}]}<\/script>\n<!-- \/ Yoast SEO plugin. -->","yoast_head_json":{"title":"Qui\u00e9nes somos - Blog Universo Fam\u00edlia","robots":{"index":"index","follow":"follow","max-snippet":"max-snippet:-1","max-image-preview":"max-image-preview:large","max-video-preview":"max-video-preview:-1"},"canonical":"https:\/\/blog.universofamilia.com\/hu\/quienes-somos\/","og_locale":"hu_HU","og_type":"article","og_title":"Qui\u00e9nes somos - Blog Universo Fam\u00edlia","og_description":"Bienvenidos a Blog Universo Familia, un espacio creado para inspirarte, acompa\u00f1arte y ofrecerte contenido de calidad para enriquecer tu d\u00eda a d\u00eda. Nuestro blog nace con la pasi\u00f3n de explorar el mundo en sus diferentes dimensiones y compartir contigo experiencias \u00fanicas que conecten con tu familia. \u00bfQu\u00e9 encontrar\u00e1s en Blog Universo Familia? Destinos Internacionales Te [&hellip;]","og_url":"https:\/\/blog.universofamilia.com\/hu\/quienes-somos\/","og_site_name":"Blog Universo Fam\u00edlia","article_modified_time":"2025-10-27T18:34:19+00:00","twitter_card":"summary_large_image","twitter_misc":{"Est. reading time":"2 perc"},"schema":{"@context":"https:\/\/schema.org","@graph":[{"@type":"WebPage","@id":"http:\/\/blog.universofamilia.com\/quienes-somos\/","url":"http:\/\/blog.universofamilia.com\/quienes-somos\/","name":"Qui\u00e9nes somos - Blog Universo Fam\u00edlia","isPartOf":{"@id":"https:\/\/blog.universofamilia.com\/en\/#website"},"datePublished":"2024-12-24T18:42:05+00:00","dateModified":"2025-10-27T18:34:19+00:00","breadcrumb":{"@id":"http:\/\/blog.universofamilia.com\/quienes-somos\/#breadcrumb"},"inLanguage":"hu","potentialAction":[{"@type":"ReadAction","target":["http:\/\/blog.universofamilia.com\/quienes-somos\/"]}]},{"@type":"BreadcrumbList","@id":"http:\/\/blog.universofamilia.com\/quienes-somos\/#breadcrumb","itemListElement":[{"@type":"ListItem","position":1,"name":"Home","item":"https:\/\/blog.universofamilia.com\/en\/"},{"@type":"ListItem","position":2,"name":"Qui\u00e9nes somos"}]},{"@type":"WebSite","@id":"https:\/\/blog.universofamilia.com\/en\/#website","url":"https:\/\/blog.universofamilia.com\/en\/","name":"Blog Universo Fam\u00edlia","description":"","potentialAction":[{"@type":"SearchAction","target":{"@type":"EntryPoint","urlTemplate":"https:\/\/blog.universofamilia.com\/en\/?s={search_term_string}"},"query-input":"required name=search_term_string"}],"inLanguage":"hu"}]}},"_links":{"self":[{"href":"https:\/\/blog.universofamilia.com\/hu\/wp-json\/wp\/v2\/pages\/34"}],"collection":[{"href":"https:\/\/blog.universofamilia.com\/hu\/wp-json\/wp\/v2\/pages"}],"about":[{"href":"https:\/\/blog.universofamilia.com\/hu\/wp-json\/wp\/v2\/types\/page"}],"author":[{"embeddable":true,"href":"https:\/\/blog.universofamilia.com\/hu\/wp-json\/wp\/v2\/users\/218"}],"replies":[{"embeddable":true,"href":"https:\/\/blog.universofamilia.com\/hu\/wp-json\/wp\/v2\/comments?post=34"}],"version-history":[{"count":1,"href":"https:\/\/blog.universofamilia.com\/hu\/wp-json\/wp\/v2\/pages\/34\/revisions"}],"predecessor-version":[{"id":1324,"href":"https:\/\/blog.universofamilia.com\/hu\/wp-json\/wp\/v2\/pages\/34\/revisions\/1324"}],"wp:attachment":[{"href":"https:\/\/blog.universofamilia.com\/hu\/wp-json\/wp\/v2\/media?parent=34"}],"curies":[{"name":"wp","href":"https:\/\/api.w.org\/{rel}","templated":true}]}}