{"id":34,"date":"2024-12-24T18:42:05","date_gmt":"2024-12-24T18:42:05","guid":{"rendered":"https:\/\/blog.universofamilia.com\/?page_id=34"},"modified":"2025-10-27T18:34:19","modified_gmt":"2025-10-27T18:34:19","slug":"quienes-somos","status":"publish","type":"page","link":"https:\/\/blog.universofamilia.com\/hi\/quienes-somos\/","title":{"rendered":"\u0939\u092e \u091c\u094b \u0939\u0948\u0902"},"content":{"rendered":"<p>\u0906\u092a\u0915\u093e \u0938\u094d\u0935\u093e\u0917\u0924 \u0939\u0948 <strong>\u092b\u0948\u092e\u093f\u0932\u0940 \u092f\u0942\u0928\u093f\u0935\u0930\u094d\u0938 \u092c\u094d\u0932\u0949\u0917<\/strong>, \u090f\u0915 \u0910\u0938\u093e \u092e\u0902\u091a \u091c\u094b \u0906\u092a\u0915\u094b \u092a\u094d\u0930\u0947\u0930\u093f\u0924 \u0915\u0930\u0928\u0947, \u0906\u092a\u0915\u093e \u0938\u092e\u0930\u094d\u0925\u0928 \u0915\u0930\u0928\u0947 \u0914\u0930 \u0906\u092a\u0915\u0947 \u0926\u0948\u0928\u093f\u0915 \u091c\u0940\u0935\u0928 \u0915\u094b \u0938\u092e\u0943\u0926\u094d\u0927 \u092c\u0928\u093e\u0928\u0947 \u0915\u0947 \u0932\u093f\u090f \u0917\u0941\u0923\u0935\u0924\u094d\u0924\u093e\u092a\u0942\u0930\u094d\u0923 \u0938\u093e\u092e\u0917\u094d\u0930\u0940 \u092a\u094d\u0930\u0926\u093e\u0928 \u0915\u0930\u0928\u0947 \u0915\u0947 \u0932\u093f\u090f \u092c\u0928\u093e\u092f\u093e \u0917\u092f\u093e \u0939\u0948\u0964 \u0939\u092e\u093e\u0930\u093e \u092c\u094d\u0932\u0949\u0917 \u0926\u0941\u0928\u093f\u092f\u093e \u0915\u094b \u0909\u0938\u0915\u0947 \u0935\u093f\u092d\u093f\u0928\u094d\u0928 \u0906\u092f\u093e\u092e\u094b\u0902 \u092e\u0947\u0902 \u091c\u093e\u0928\u0928\u0947 \u0914\u0930 \u0906\u092a\u0915\u0947 \u092a\u0930\u093f\u0935\u093e\u0930 \u0938\u0947 \u091c\u0941\u0921\u093c\u0928\u0947 \u0935\u093e\u0932\u0947 \u0905\u0928\u094b\u0916\u0947 \u0905\u0928\u0941\u092d\u0935\u094b\u0902 \u0915\u094b \u0938\u093e\u091d\u093e \u0915\u0930\u0928\u0947 \u0915\u0947 \u091c\u0941\u0928\u0942\u0928 \u0915\u0947 \u0938\u093e\u0925 \u0936\u0941\u0930\u0942 \u0939\u0941\u0906 \u0925\u093e\u0964<\/p>\n\n\n\n<h3 class=\"wp-block-heading\">\u092b\u0948\u092e\u093f\u0932\u0940 \u092f\u0942\u0928\u093f\u0935\u0930\u094d\u0938 \u092c\u094d\u0932\u0949\u0917 \u092a\u0930 \u0906\u092a\u0915\u094b \u0915\u094d\u092f\u093e \u092e\u093f\u0932\u0947\u0917\u093e?<\/h3>\n\n\n\n<h4 class=\"wp-block-heading\"><strong>\u0905\u0902\u0924\u0930\u094d\u0930\u093e\u0937\u094d\u091f\u094d\u0930\u0940\u092f \u0917\u0902\u0924\u0935\u094d\u092f<\/strong><\/h4>\n\n\n\n<p>\u0939\u092e \u0906\u092a\u0915\u094b \u0927\u0930\u0924\u0940 \u0915\u0947 \u0938\u092c\u0938\u0947 \u0916\u0942\u092c\u0938\u0942\u0930\u0924 \u0915\u094b\u0928\u094b\u0902 \u0915\u0940 \u0938\u0948\u0930 \u092a\u0930 \u0932\u0947 \u091a\u0932\u0947\u0902\u0917\u0947\u0964 \u0930\u092e\u0923\u0940\u092f \u0938\u092e\u0941\u0926\u094d\u0930 \u0924\u091f\u094b\u0902 \u0938\u0947 \u0932\u0947\u0915\u0930 \u0907\u0924\u093f\u0939\u093e\u0938 \u0914\u0930 \u0938\u0902\u0938\u094d\u0915\u0943\u0924\u093f \u0938\u0947 \u0938\u0930\u093e\u092c\u094b\u0930 \u0936\u0939\u0930\u094b\u0902 \u0924\u0915, \u0906\u092a\u0915\u094b \u092f\u0939\u093e\u0901 \u0905\u092a\u0928\u0947 \u0905\u0917\u0932\u0947 \u092a\u093e\u0930\u093f\u0935\u093e\u0930\u093f\u0915 \u0930\u094b\u092e\u093e\u0902\u091a \u0915\u0947 \u0932\u093f\u090f \u0928\u090f-\u0928\u090f \u0906\u0907\u0921\u093f\u092f\u093e \u092e\u093f\u0932\u0947\u0902\u0917\u0947\u0964 \u0939\u092e\u093e\u0930\u0947 \u0917\u093e\u0907\u0921 \u0914\u0930 \u0938\u0941\u091d\u093e\u0935\u094b\u0902 \u0915\u0947 \u0938\u093e\u0925 \u0938\u092a\u0928\u0947 \u0926\u0947\u0916\u0928\u0947, \u092f\u094b\u091c\u0928\u093e \u092c\u0928\u093e\u0928\u0947 \u0914\u0930 \u0905\u0928\u094d\u0935\u0947\u0937\u0923 \u0915\u0930\u0928\u0947 \u0915\u0947 \u0932\u093f\u090f \u0924\u0948\u092f\u093e\u0930 \u0939\u094b \u091c\u093e\u0907\u090f\u0964<\/p>\n\n\n\n<h4 class=\"wp-block-heading\"><strong>\u0932\u091c\u0940\u091c \u0905\u0928\u0941\u092d\u0935<\/strong><\/h4>\n\n\n\n<p>\u0938\u094d\u0935\u093e\u0926 \u092d\u0940 \u092f\u093e\u0924\u094d\u0930\u093e \u0915\u093e \u090f\u0915 \u0924\u0930\u0940\u0915\u093e \u0939\u0948\u0964 \u0907\u0938 \u0936\u094d\u0930\u0947\u0923\u0940 \u092e\u0947\u0902, \u0939\u092e \u0930\u0947\u0938\u093f\u092a\u0940, \u0930\u0947\u0938\u094d\u091f\u094b\u0930\u0947\u0902\u091f \u0930\u093f\u0935\u094d\u092f\u0942 \u0914\u0930 \u0935\u093f\u092d\u093f\u0928\u094d\u0928 \u0938\u0902\u0938\u094d\u0915\u0943\u0924\u093f\u092f\u094b\u0902 \u0915\u0947 \u0938\u092c\u0938\u0947 \u092a\u094d\u0930\u0938\u093f\u0926\u094d\u0927 \u0935\u094d\u092f\u0902\u091c\u0928 \u0938\u093e\u091d\u093e \u0915\u0930\u0924\u0947 \u0939\u0948\u0902\u0964 \u0918\u0930\u0947\u0932\u0942 \u0916\u093e\u0928\u093e \u092a\u0915\u093e\u0928\u0947 \u0938\u0947 \u0932\u0947\u0915\u0930 \u0932\u091c\u093c\u0940\u091c\u093c \u0905\u0928\u0941\u092d\u0935\u094b\u0902 \u0924\u0915, \u0939\u092e \u0906\u092a\u0915\u0947 \u0938\u094d\u0935\u093e\u0926 \u0915\u094b \u091c\u0917\u093e\u0928\u093e \u091a\u093e\u0939\u0924\u0947 \u0939\u0948\u0902 \u0914\u0930 \u0906\u092a\u0915\u094b \u0939\u0930 \u0928\u093f\u0935\u093e\u0932\u0947 \u0915\u093e \u0906\u0928\u0902\u0926 \u0932\u0947\u0928\u0947 \u092e\u0947\u0902 \u092e\u0926\u0926 \u0915\u0930\u0928\u093e \u091a\u093e\u0939\u0924\u0947 \u0939\u0948\u0902\u0964<\/p>\n\n\n\n<h4 class=\"wp-block-heading\"><strong>\u0924\u0915\u0928\u0940\u0915\u0940<\/strong><\/h4>\n\n\n\n<p>\u0939\u092e \u091c\u093e\u0928\u0924\u0947 \u0939\u0948\u0902 \u0915\u093f \u0924\u0915\u0928\u0940\u0915 \u0906\u0927\u0941\u0928\u093f\u0915 \u091c\u0940\u0935\u0928 \u0915\u093e \u090f\u0915 \u0905\u092d\u093f\u0928\u094d\u0928 \u0905\u0902\u0917 \u0939\u0948\u0964 \u0907\u0938\u0932\u093f\u090f, \u0907\u0938 \u0916\u0902\u0921 \u092e\u0947\u0902, \u0939\u092e \u0906\u092a\u0915\u094b \u0928\u0935\u0940\u0928\u0924\u092e \u091c\u093e\u0928\u0915\u093e\u0930\u0940 \u092a\u094d\u0930\u0926\u093e\u0928 \u0915\u0930\u0928\u0947 \u0915\u0947 \u0932\u093f\u090f \u0938\u0941\u091d\u093e\u0935, \u0909\u092a\u0915\u0930\u0923 \u0938\u0902\u092c\u0902\u0927\u0940 \u0938\u0941\u091d\u093e\u0935 \u0914\u0930 \u0930\u0941\u091d\u093e\u0928 \u092a\u094d\u0930\u0926\u093e\u0928 \u0915\u0930\u0924\u0947 \u0939\u0948\u0902\u0964 \u0939\u092e \u0906\u092a\u0915\u0947 \u0914\u0930 \u0906\u092a\u0915\u0947 \u092a\u0930\u093f\u0935\u093e\u0930 \u0915\u0947 \u091c\u0940\u0935\u0928 \u0938\u094d\u0924\u0930 \u0915\u094b \u092c\u0947\u0939\u0924\u0930 \u092c\u0928\u093e\u0928\u0947 \u0915\u0947 \u0932\u093f\u090f \u0924\u0915\u0928\u0940\u0915 \u0915\u093e \u0909\u092a\u092f\u094b\u0917 \u0915\u0930\u0928\u0947 \u092e\u0947\u0902 \u0906\u092a\u0915\u0940 \u092e\u0926\u0926 \u0915\u0930\u0928\u093e \u091a\u093e\u0939\u0924\u0947 \u0939\u0948\u0902\u0964<\/p>\n\n\n\n<p>\u092e\u0947\u0902 <strong>\u092b\u0948\u092e\u093f\u0932\u0940 \u092f\u0942\u0928\u093f\u0935\u0930\u094d\u0938 \u092c\u094d\u0932\u0949\u0917<\/strong>\u0939\u092e\u093e\u0930\u093e \u092e\u093f\u0936\u0928 \u0906\u092a\u0915\u094b \u0915\u0939\u093e\u0928\u093f\u092f\u094b\u0902, \u0938\u0932\u093e\u0939 \u0914\u0930 \u091c\u093e\u0928\u0915\u093e\u0930\u0940 \u0915\u0947 \u091c\u093c\u0930\u093f\u090f \u0906\u092a\u0938\u0947 \u091c\u094b\u0921\u093c\u0928\u093e \u0939\u0948 \u091c\u094b \u0906\u092a\u0915\u0940 \u0914\u0930 \u0906\u092a\u0915\u0947 \u092a\u0930\u093f\u0935\u093e\u0930 \u0915\u0940 \u0926\u0941\u0928\u093f\u092f\u093e \u0915\u094b \u0938\u092e\u0943\u0926\u094d\u0927 \u092c\u0928\u093e\u090f\u0964 \u0907\u0938 \u0938\u092e\u0941\u0926\u093e\u092f \u0915\u093e \u0939\u093f\u0938\u094d\u0938\u093e \u092c\u0928\u0928\u0947 \u0915\u0947 \u0932\u093f\u090f \u0927\u0928\u094d\u092f\u0935\u093e\u0926! \u0939\u092e \u0906\u092a\u0915\u094b \u0907\u0938 \u0936\u093e\u0928\u0926\u093e\u0930 \u0905\u0928\u0941\u092d\u0935 \u0915\u094b \u0924\u0932\u093e\u0936\u0928\u0947, \u0909\u0938\u0915\u093e \u0906\u0928\u0902\u0926 \u0932\u0947\u0928\u0947 \u0914\u0930 \u0939\u092e\u093e\u0930\u0947 \u0938\u093e\u0925 \u0938\u093e\u091d\u093e \u0915\u0930\u0928\u0947 \u0915\u0947 \u0932\u093f\u090f \u0906\u092e\u0902\u0924\u094d\u0930\u093f\u0924 \u0915\u0930\u0924\u0947 \u0939\u0948\u0902\u0964<\/p>","protected":false},"excerpt":{"rendered":"<p>Bienvenidos a Blog Universo Familia, un espacio creado para inspirarte, acompa\u00f1arte y ofrecerte contenido de calidad para enriquecer tu d\u00eda a d\u00eda. Nuestro blog nace con la pasi\u00f3n de explorar el mundo en sus diferentes dimensiones y compartir contigo experiencias \u00fanicas que conecten con tu familia. \u00bfQu\u00e9 encontrar\u00e1s en Blog Universo Familia? Destinos Internacionales Te [&hellip;]<\/p>","protected":false},"author":218,"featured_media":0,"parent":0,"menu_order":0,"comment_status":"closed","ping_status":"closed","template":"page-nosidebar.php","meta":{"footnotes":""},"yoast_head":"<!-- This site is optimized with the Yoast SEO plugin v23.3 - https:\/\/yoast.com\/wordpress\/plugins\/seo\/ -->\n<title>Qui\u00e9nes somos - Blog Universo Fam\u00edlia<\/title>\n<meta name=\"robots\" content=\"index, follow, max-snippet:-1, max-image-preview:large, max-video-preview:-1\" \/>\n<link rel=\"canonical\" href=\"https:\/\/blog.universofamilia.com\/hi\/quienes-somos\/\" \/>\n<meta property=\"og:locale\" content=\"hi_IN\" \/>\n<meta property=\"og:type\" content=\"article\" \/>\n<meta property=\"og:title\" content=\"Qui\u00e9nes somos - Blog Universo Fam\u00edlia\" \/>\n<meta property=\"og:description\" content=\"Bienvenidos a Blog Universo Familia, un espacio creado para inspirarte, acompa\u00f1arte y ofrecerte contenido de calidad para enriquecer tu d\u00eda a d\u00eda. Nuestro blog nace con la pasi\u00f3n de explorar el mundo en sus diferentes dimensiones y compartir contigo experiencias \u00fanicas que conecten con tu familia. \u00bfQu\u00e9 encontrar\u00e1s en Blog Universo Familia? Destinos Internacionales Te [&hellip;]\" \/>\n<meta property=\"og:url\" content=\"https:\/\/blog.universofamilia.com\/hi\/quienes-somos\/\" \/>\n<meta property=\"og:site_name\" content=\"Blog Universo Fam\u00edlia\" \/>\n<meta property=\"article:modified_time\" content=\"2025-10-27T18:34:19+00:00\" \/>\n<meta name=\"twitter:card\" content=\"summary_large_image\" \/>\n<meta name=\"twitter:label1\" content=\"Est. reading time\" \/>\n\t<meta name=\"twitter:data1\" content=\"2 \u092e\u093f\u0928\u091f\" \/>\n<script type=\"application\/ld+json\" class=\"yoast-schema-graph\">{\"@context\":\"https:\/\/schema.org\",\"@graph\":[{\"@type\":\"WebPage\",\"@id\":\"http:\/\/blog.universofamilia.com\/quienes-somos\/\",\"url\":\"http:\/\/blog.universofamilia.com\/quienes-somos\/\",\"name\":\"Qui\u00e9nes somos - Blog Universo Fam\u00edlia\",\"isPartOf\":{\"@id\":\"https:\/\/blog.universofamilia.com\/en\/#website\"},\"datePublished\":\"2024-12-24T18:42:05+00:00\",\"dateModified\":\"2025-10-27T18:34:19+00:00\",\"breadcrumb\":{\"@id\":\"http:\/\/blog.universofamilia.com\/quienes-somos\/#breadcrumb\"},\"inLanguage\":\"hi-IN\",\"potentialAction\":[{\"@type\":\"ReadAction\",\"target\":[\"http:\/\/blog.universofamilia.com\/quienes-somos\/\"]}]},{\"@type\":\"BreadcrumbList\",\"@id\":\"http:\/\/blog.universofamilia.com\/quienes-somos\/#breadcrumb\",\"itemListElement\":[{\"@type\":\"ListItem\",\"position\":1,\"name\":\"Home\",\"item\":\"https:\/\/blog.universofamilia.com\/en\/\"},{\"@type\":\"ListItem\",\"position\":2,\"name\":\"Qui\u00e9nes somos\"}]},{\"@type\":\"WebSite\",\"@id\":\"https:\/\/blog.universofamilia.com\/en\/#website\",\"url\":\"https:\/\/blog.universofamilia.com\/en\/\",\"name\":\"Blog Universo Fam\u00edlia\",\"description\":\"\",\"potentialAction\":[{\"@type\":\"SearchAction\",\"target\":{\"@type\":\"EntryPoint\",\"urlTemplate\":\"https:\/\/blog.universofamilia.com\/en\/?s={search_term_string}\"},\"query-input\":\"required name=search_term_string\"}],\"inLanguage\":\"hi-IN\"}]}<\/script>\n<!-- \/ Yoast SEO plugin. -->","yoast_head_json":{"title":"Qui\u00e9nes somos - Blog Universo Fam\u00edlia","robots":{"index":"index","follow":"follow","max-snippet":"max-snippet:-1","max-image-preview":"max-image-preview:large","max-video-preview":"max-video-preview:-1"},"canonical":"https:\/\/blog.universofamilia.com\/hi\/quienes-somos\/","og_locale":"hi_IN","og_type":"article","og_title":"Qui\u00e9nes somos - Blog Universo Fam\u00edlia","og_description":"Bienvenidos a Blog Universo Familia, un espacio creado para inspirarte, acompa\u00f1arte y ofrecerte contenido de calidad para enriquecer tu d\u00eda a d\u00eda. Nuestro blog nace con la pasi\u00f3n de explorar el mundo en sus diferentes dimensiones y compartir contigo experiencias \u00fanicas que conecten con tu familia. \u00bfQu\u00e9 encontrar\u00e1s en Blog Universo Familia? Destinos Internacionales Te [&hellip;]","og_url":"https:\/\/blog.universofamilia.com\/hi\/quienes-somos\/","og_site_name":"Blog Universo Fam\u00edlia","article_modified_time":"2025-10-27T18:34:19+00:00","twitter_card":"summary_large_image","twitter_misc":{"Est. reading time":"2 \u092e\u093f\u0928\u091f"},"schema":{"@context":"https:\/\/schema.org","@graph":[{"@type":"WebPage","@id":"http:\/\/blog.universofamilia.com\/quienes-somos\/","url":"http:\/\/blog.universofamilia.com\/quienes-somos\/","name":"Qui\u00e9nes somos - Blog Universo Fam\u00edlia","isPartOf":{"@id":"https:\/\/blog.universofamilia.com\/en\/#website"},"datePublished":"2024-12-24T18:42:05+00:00","dateModified":"2025-10-27T18:34:19+00:00","breadcrumb":{"@id":"http:\/\/blog.universofamilia.com\/quienes-somos\/#breadcrumb"},"inLanguage":"hi-IN","potentialAction":[{"@type":"ReadAction","target":["http:\/\/blog.universofamilia.com\/quienes-somos\/"]}]},{"@type":"BreadcrumbList","@id":"http:\/\/blog.universofamilia.com\/quienes-somos\/#breadcrumb","itemListElement":[{"@type":"ListItem","position":1,"name":"Home","item":"https:\/\/blog.universofamilia.com\/en\/"},{"@type":"ListItem","position":2,"name":"Qui\u00e9nes somos"}]},{"@type":"WebSite","@id":"https:\/\/blog.universofamilia.com\/en\/#website","url":"https:\/\/blog.universofamilia.com\/en\/","name":"Blog Universo Fam\u00edlia","description":"","potentialAction":[{"@type":"SearchAction","target":{"@type":"EntryPoint","urlTemplate":"https:\/\/blog.universofamilia.com\/en\/?s={search_term_string}"},"query-input":"required name=search_term_string"}],"inLanguage":"hi-IN"}]}},"_links":{"self":[{"href":"https:\/\/blog.universofamilia.com\/hi\/wp-json\/wp\/v2\/pages\/34"}],"collection":[{"href":"https:\/\/blog.universofamilia.com\/hi\/wp-json\/wp\/v2\/pages"}],"about":[{"href":"https:\/\/blog.universofamilia.com\/hi\/wp-json\/wp\/v2\/types\/page"}],"author":[{"embeddable":true,"href":"https:\/\/blog.universofamilia.com\/hi\/wp-json\/wp\/v2\/users\/218"}],"replies":[{"embeddable":true,"href":"https:\/\/blog.universofamilia.com\/hi\/wp-json\/wp\/v2\/comments?post=34"}],"version-history":[{"count":1,"href":"https:\/\/blog.universofamilia.com\/hi\/wp-json\/wp\/v2\/pages\/34\/revisions"}],"predecessor-version":[{"id":1324,"href":"https:\/\/blog.universofamilia.com\/hi\/wp-json\/wp\/v2\/pages\/34\/revisions\/1324"}],"wp:attachment":[{"href":"https:\/\/blog.universofamilia.com\/hi\/wp-json\/wp\/v2\/media?parent=34"}],"curies":[{"name":"wp","href":"https:\/\/api.w.org\/{rel}","templated":true}]}}