{"id":36,"date":"2024-12-24T18:43:12","date_gmt":"2024-12-24T18:43:12","guid":{"rendered":"https:\/\/blog.universofamilia.com\/?page_id=36"},"modified":"2025-10-27T18:44:48","modified_gmt":"2025-10-27T18:44:48","slug":"politica-de-privacidad","status":"publish","type":"page","link":"https:\/\/blog.universofamilia.com\/en\/politica-de-privacidad\/","title":{"rendered":"Privacy Policy"},"content":{"rendered":"<p>Your privacy is important to us. Blog Universo Fam\u00edlia&#039;s policy is to respect your privacy regarding any information we collect from you on the website.&nbsp;<a href=\"https:\/\/blog.universofamilia.com\/en\/\">from Blog Universo Fam\u00edlia<\/a>&nbsp;and on other websites that we own and operate.<\/p>\n\n\n\n<p>We only request personal information when we truly need it to provide you with a service. We collect it through fair and lawful means, with your knowledge and consent. We also inform you why we collect it and how we will use it.<\/p>\n\n\n\n<p>We only retain the information collected for as long as necessary to provide you with the requested service. We protect the data we store using commercially acceptable means to prevent loss and theft, as well as unauthorized access, disclosure, copying, use, or modification.<\/p>\n\n\n\n<p>We do not share personally identifiable information publicly or with third parties, except when required by law.<\/p>\n\n\n\n<p>Our website may contain links to external sites that we do not operate. Please be aware that we have no control over the content or practices of these sites, and we are not responsible for their respective practices.&nbsp;&nbsp;<a href=\"https:\/\/politicaprivacidade.com\/\" rel=\"noreferrer noopener\" target=\"_blank\">privacy policies<\/a>&nbsp;.<\/p>\n\n\n\n<p>You are free to refuse our request for your personal information, with the understanding that we may not be able to provide you with some of the desired services.<\/p>\n\n\n\n<p>Your continued use of our website will be considered acceptance of our privacy and personal information practices. If you have any questions about how we handle user data and personal information, please contact us.<\/p>\n\n\n\n<ul>\n<li>The Google AdSense service we use to display advertising uses a cookie. <a href=\"https:\/\/myadcenter.google.com\/home?sasb=true&amp;ref=ad-settings\">DoubleClick<\/a> to show more relevant ads on the web and limit the number of times a particular ad is shown to you.<\/li>\n\n\n\n<li>For more information about Google AdSense, see the official FAQs. <a href=\"https:\/\/policies.google.com\/technologies\/partner-sites\">Google AdSense privacy<\/a>.<\/li>\n\n\n\n<li>We use advertising to offset the operating costs of this website and fund its future development. The behavioral advertising cookies used by this website are designed to ensure that we deliver the most relevant advertising possible by anonymously tracking your interests and presenting similar content that may be of interest to you.<\/li>\n\n\n\n<li>Several partners advertise on our behalf, and affiliate tracking cookies simply allow us to see if our customers have arrived at the site via one of our partners&#039; sites so that we can properly credit them and, where appropriate, allow our affiliate partners to provide any incentives they may offer for making a purchase.<\/li>\n<\/ul>\n\n\n\n<h3 class=\"wp-block-heading\">User engagement<\/h3>\n\n\n\n<p>The user agrees to make appropriate use of the content and information that the Universo Fam\u00edlia Blog offers on the website and, by way of example but not limitation:<\/p>\n\n\n\n<ul>\n<li>A) Not to engage in illegal activities or activities contrary to good faith and public order;<\/li>\n\n\n\n<li>B) Do not disseminate propaganda or content of a racist, xenophobic, gambling, illegal pornography, apology for terrorism or attack against human rights;<\/li>\n\n\n\n<li>C) Do not cause damage to the physical (hardware) and logical (software) systems of the Universo Fam\u00edlia Blog, its suppliers or third parties, introduce or spread computer viruses or any other physical or logical systems that may cause the aforementioned damage.<\/li>\n<\/ul>\n\n\n\n<h3 class=\"wp-block-heading\">More information<\/h3>\n\n\n\n<p>We hope this has cleared things up for you, and as mentioned before, if there&#039;s anything you&#039;re unsure whether you need or not, it&#039;s generally safer to leave cookies enabled in case you interact with one of the features you use on our site.<\/p>\n\n\n\n<p>This policy comes into effect on 27 October 2025 at 18:14.<\/p>","protected":false},"excerpt":{"rendered":"<p>Su privacidad es importante para nosotros. La pol\u00edtica de Blog Universo Fam\u00edlia es respetar su privacidad con respecto a cualquier informaci\u00f3n que recopilemos de usted en el sitio web&nbsp;de Blog Universo Fam\u00edlia&nbsp;y en otros sitios web que poseemos y operamos. Solo solicitamos informaci\u00f3n personal cuando realmente la necesitamos para prestarle un servicio. La recopilamos por [&hellip;]<\/p>","protected":false},"author":219,"featured_media":0,"parent":0,"menu_order":0,"comment_status":"closed","ping_status":"closed","template":"page-nosidebar.php","meta":{"footnotes":""},"yoast_head":"<!-- This site is optimized with the Yoast SEO plugin v23.3 - https:\/\/yoast.com\/wordpress\/plugins\/seo\/ -->\n<title>Pol\u00edtica de Privacidad - Blog Universo Fam\u00edlia<\/title>\n<meta name=\"description\" content=\"Pol\u00edtica de privacidad. Su privacidad es importante para nosotros. Es pol\u00edtica de Blog Universo Fam\u00edlia respetar su privacidad en relaci\u00f3n...\" \/>\n<meta name=\"robots\" content=\"index, follow, max-snippet:-1, max-image-preview:large, max-video-preview:-1\" \/>\n<link rel=\"canonical\" href=\"https:\/\/blog.universofamilia.com\/en\/politica-de-privacidad\/\" \/>\n<meta property=\"og:locale\" content=\"en_US\" \/>\n<meta property=\"og:type\" content=\"article\" \/>\n<meta property=\"og:title\" content=\"Pol\u00edtica de Privacidad - Blog Universo Fam\u00edlia\" \/>\n<meta property=\"og:description\" content=\"Pol\u00edtica de privacidad. Su privacidad es importante para nosotros. Es pol\u00edtica de Blog Universo Fam\u00edlia respetar su privacidad en relaci\u00f3n...\" \/>\n<meta property=\"og:url\" content=\"https:\/\/blog.universofamilia.com\/en\/politica-de-privacidad\/\" \/>\n<meta property=\"og:site_name\" content=\"Blog Universo Fam\u00edlia\" \/>\n<meta property=\"article:modified_time\" content=\"2025-10-27T18:44:48+00:00\" \/>\n<meta name=\"twitter:card\" content=\"summary_large_image\" \/>\n<meta name=\"twitter:label1\" content=\"Est. reading time\" \/>\n\t<meta name=\"twitter:data1\" content=\"4 minutes\" \/>\n<script type=\"application\/ld+json\" class=\"yoast-schema-graph\">{\"@context\":\"https:\/\/schema.org\",\"@graph\":[{\"@type\":\"WebPage\",\"@id\":\"http:\/\/blog.universofamilia.com\/politica-de-privacidad\/\",\"url\":\"http:\/\/blog.universofamilia.com\/politica-de-privacidad\/\",\"name\":\"Pol\u00edtica de Privacidad - Blog Universo Fam\u00edlia\",\"isPartOf\":{\"@id\":\"https:\/\/blog.universofamilia.com\/en\/#website\"},\"datePublished\":\"2024-12-24T18:43:12+00:00\",\"dateModified\":\"2025-10-27T18:44:48+00:00\",\"description\":\"Pol\u00edtica de privacidad. Su privacidad es importante para nosotros. Es pol\u00edtica de Blog Universo Fam\u00edlia respetar su privacidad en relaci\u00f3n...\",\"breadcrumb\":{\"@id\":\"http:\/\/blog.universofamilia.com\/politica-de-privacidad\/#breadcrumb\"},\"inLanguage\":\"en-US\",\"potentialAction\":[{\"@type\":\"ReadAction\",\"target\":[\"http:\/\/blog.universofamilia.com\/politica-de-privacidad\/\"]}]},{\"@type\":\"BreadcrumbList\",\"@id\":\"http:\/\/blog.universofamilia.com\/politica-de-privacidad\/#breadcrumb\",\"itemListElement\":[{\"@type\":\"ListItem\",\"position\":1,\"name\":\"Home\",\"item\":\"https:\/\/blog.universofamilia.com\/en\/\"},{\"@type\":\"ListItem\",\"position\":2,\"name\":\"Pol\u00edtica de Privacidad\"}]},{\"@type\":\"WebSite\",\"@id\":\"https:\/\/blog.universofamilia.com\/en\/#website\",\"url\":\"https:\/\/blog.universofamilia.com\/en\/\",\"name\":\"Blog Universo Fam\u00edlia\",\"description\":\"\",\"potentialAction\":[{\"@type\":\"SearchAction\",\"target\":{\"@type\":\"EntryPoint\",\"urlTemplate\":\"https:\/\/blog.universofamilia.com\/en\/?s={search_term_string}\"},\"query-input\":\"required name=search_term_string\"}],\"inLanguage\":\"en-US\"}]}<\/script>\n<!-- \/ Yoast SEO plugin. -->","yoast_head_json":{"title":"Pol\u00edtica de Privacidad - Blog Universo Fam\u00edlia","description":"Pol\u00edtica de privacidad. Su privacidad es importante para nosotros. Es pol\u00edtica de Blog Universo Fam\u00edlia respetar su privacidad en relaci\u00f3n...","robots":{"index":"index","follow":"follow","max-snippet":"max-snippet:-1","max-image-preview":"max-image-preview:large","max-video-preview":"max-video-preview:-1"},"canonical":"https:\/\/blog.universofamilia.com\/en\/politica-de-privacidad\/","og_locale":"en_US","og_type":"article","og_title":"Pol\u00edtica de Privacidad - Blog Universo Fam\u00edlia","og_description":"Pol\u00edtica de privacidad. Su privacidad es importante para nosotros. Es pol\u00edtica de Blog Universo Fam\u00edlia respetar su privacidad en relaci\u00f3n...","og_url":"https:\/\/blog.universofamilia.com\/en\/politica-de-privacidad\/","og_site_name":"Blog Universo Fam\u00edlia","article_modified_time":"2025-10-27T18:44:48+00:00","twitter_card":"summary_large_image","twitter_misc":{"Est. reading time":"4 minutes"},"schema":{"@context":"https:\/\/schema.org","@graph":[{"@type":"WebPage","@id":"http:\/\/blog.universofamilia.com\/politica-de-privacidad\/","url":"http:\/\/blog.universofamilia.com\/politica-de-privacidad\/","name":"Pol\u00edtica de Privacidad - Blog Universo Fam\u00edlia","isPartOf":{"@id":"https:\/\/blog.universofamilia.com\/en\/#website"},"datePublished":"2024-12-24T18:43:12+00:00","dateModified":"2025-10-27T18:44:48+00:00","description":"Pol\u00edtica de privacidad. Su privacidad es importante para nosotros. Es pol\u00edtica de Blog Universo Fam\u00edlia respetar su privacidad en relaci\u00f3n...","breadcrumb":{"@id":"http:\/\/blog.universofamilia.com\/politica-de-privacidad\/#breadcrumb"},"inLanguage":"en-US","potentialAction":[{"@type":"ReadAction","target":["http:\/\/blog.universofamilia.com\/politica-de-privacidad\/"]}]},{"@type":"BreadcrumbList","@id":"http:\/\/blog.universofamilia.com\/politica-de-privacidad\/#breadcrumb","itemListElement":[{"@type":"ListItem","position":1,"name":"Home","item":"https:\/\/blog.universofamilia.com\/en\/"},{"@type":"ListItem","position":2,"name":"Pol\u00edtica de Privacidad"}]},{"@type":"WebSite","@id":"https:\/\/blog.universofamilia.com\/en\/#website","url":"https:\/\/blog.universofamilia.com\/en\/","name":"Blog Universo Fam\u00edlia","description":"","potentialAction":[{"@type":"SearchAction","target":{"@type":"EntryPoint","urlTemplate":"https:\/\/blog.universofamilia.com\/en\/?s={search_term_string}"},"query-input":"required name=search_term_string"}],"inLanguage":"en-US"}]}},"_links":{"self":[{"href":"https:\/\/blog.universofamilia.com\/en\/wp-json\/wp\/v2\/pages\/36"}],"collection":[{"href":"https:\/\/blog.universofamilia.com\/en\/wp-json\/wp\/v2\/pages"}],"about":[{"href":"https:\/\/blog.universofamilia.com\/en\/wp-json\/wp\/v2\/types\/page"}],"author":[{"embeddable":true,"href":"https:\/\/blog.universofamilia.com\/en\/wp-json\/wp\/v2\/users\/219"}],"replies":[{"embeddable":true,"href":"https:\/\/blog.universofamilia.com\/en\/wp-json\/wp\/v2\/comments?post=36"}],"version-history":[{"count":4,"href":"https:\/\/blog.universofamilia.com\/en\/wp-json\/wp\/v2\/pages\/36\/revisions"}],"predecessor-version":[{"id":1326,"href":"https:\/\/blog.universofamilia.com\/en\/wp-json\/wp\/v2\/pages\/36\/revisions\/1326"}],"wp:attachment":[{"href":"https:\/\/blog.universofamilia.com\/en\/wp-json\/wp\/v2\/media?parent=36"}],"curies":[{"name":"wp","href":"https:\/\/api.w.org\/{rel}","templated":true}]}}