{"id":34,"date":"2024-12-24T18:42:05","date_gmt":"2024-12-24T18:42:05","guid":{"rendered":"https:\/\/blog.universofamilia.com\/?page_id=34"},"modified":"2025-10-27T18:34:19","modified_gmt":"2025-10-27T18:34:19","slug":"quienes-somos","status":"publish","type":"page","link":"https:\/\/blog.universofamilia.com\/el\/quienes-somos\/","title":{"rendered":"\u03a0\u03bf\u03b9\u03bf\u03b9 \u03b5\u03af\u03bc\u03b1\u03c3\u03c4\u03b5"},"content":{"rendered":"<p>\u039a\u03b1\u03bb\u03ce\u03c2 \u03bf\u03c1\u03af\u03c3\u03b1\u03c4\u03b5 \u03c3\u03c4\u03bf <strong>\u0399\u03c3\u03c4\u03bf\u03bb\u03cc\u03b3\u03b9\u03bf \u039f\u03b9\u03ba\u03bf\u03b3\u03b5\u03bd\u03b5\u03b9\u03b1\u03ba\u03bf\u03cd \u03a3\u03cd\u03bc\u03c0\u03b1\u03bd\u03c4\u03bf\u03c2<\/strong>, \u03ad\u03bd\u03b1\u03c2 \u03c7\u03ce\u03c1\u03bf\u03c2 \u03c0\u03bf\u03c5 \u03b4\u03b7\u03bc\u03b9\u03bf\u03c5\u03c1\u03b3\u03ae\u03b8\u03b7\u03ba\u03b5 \u03b3\u03b9\u03b1 \u03bd\u03b1 \u03c3\u03b1\u03c2 \u03b5\u03bc\u03c0\u03bd\u03b5\u03cd\u03c3\u03b5\u03b9, \u03bd\u03b1 \u03c3\u03b1\u03c2 \u03c5\u03c0\u03bf\u03c3\u03c4\u03b7\u03c1\u03af\u03be\u03b5\u03b9 \u03ba\u03b1\u03b9 \u03bd\u03b1 \u03c3\u03b1\u03c2 \u03c0\u03c1\u03bf\u03c3\u03c6\u03ad\u03c1\u03b5\u03b9 \u03c0\u03bf\u03b9\u03bf\u03c4\u03b9\u03ba\u03cc \u03c0\u03b5\u03c1\u03b9\u03b5\u03c7\u03cc\u03bc\u03b5\u03bd\u03bf \u03c0\u03bf\u03c5 \u03b8\u03b1 \u03b5\u03bc\u03c0\u03bb\u03bf\u03c5\u03c4\u03af\u03c3\u03b5\u03b9 \u03c4\u03b7\u03bd \u03ba\u03b1\u03b8\u03b7\u03bc\u03b5\u03c1\u03b9\u03bd\u03cc\u03c4\u03b7\u03c4\u03ac \u03c3\u03b1\u03c2. \u03a4\u03bf \u03b9\u03c3\u03c4\u03bf\u03bb\u03cc\u03b3\u03b9\u03cc \u03bc\u03b1\u03c2 \u03b3\u03b5\u03bd\u03bd\u03ae\u03b8\u03b7\u03ba\u03b5 \u03bc\u03b5 \u03c4\u03bf \u03c0\u03ac\u03b8\u03bf\u03c2 \u03bd\u03b1 \u03b5\u03be\u03b5\u03c1\u03b5\u03c5\u03bd\u03ae\u03c3\u03bf\u03c5\u03bc\u03b5 \u03c4\u03bf\u03bd \u03ba\u03cc\u03c3\u03bc\u03bf \u03c3\u03c4\u03b9\u03c2 \u03b4\u03b9\u03b1\u03c6\u03bf\u03c1\u03b5\u03c4\u03b9\u03ba\u03ad\u03c2 \u03c4\u03bf\u03c5 \u03b4\u03b9\u03b1\u03c3\u03c4\u03ac\u03c3\u03b5\u03b9\u03c2 \u03ba\u03b1\u03b9 \u03bd\u03b1 \u03bc\u03bf\u03b9\u03c1\u03b1\u03c3\u03c4\u03bf\u03cd\u03bc\u03b5 \u03bc\u03bf\u03bd\u03b1\u03b4\u03b9\u03ba\u03ad\u03c2 \u03b5\u03bc\u03c0\u03b5\u03b9\u03c1\u03af\u03b5\u03c2 \u03c0\u03bf\u03c5 \u03c3\u03c5\u03bd\u03b4\u03ad\u03bf\u03bd\u03c4\u03b1\u03b9 \u03bc\u03b5 \u03c4\u03b7\u03bd \u03bf\u03b9\u03ba\u03bf\u03b3\u03ad\u03bd\u03b5\u03b9\u03ac \u03c3\u03b1\u03c2.<\/p>\n\n\n\n<h3 class=\"wp-block-heading\">\u03a4\u03b9 \u03b8\u03b1 \u03b2\u03c1\u03b5\u03af\u03c4\u03b5 \u03c3\u03c4\u03bf \u03b9\u03c3\u03c4\u03bf\u03bb\u03cc\u03b3\u03b9\u03bf \u03c4\u03bf\u03c5 \u039f\u03b9\u03ba\u03bf\u03b3\u03b5\u03bd\u03b5\u03b9\u03b1\u03ba\u03bf\u03cd \u03a3\u03cd\u03bc\u03c0\u03b1\u03bd\u03c4\u03bf\u03c2;<\/h3>\n\n\n\n<h4 class=\"wp-block-heading\"><strong>\u0394\u03b9\u03b5\u03b8\u03bd\u03b5\u03af\u03c2 \u03a0\u03c1\u03bf\u03bf\u03c1\u03b9\u03c3\u03bc\u03bf\u03af<\/strong><\/h4>\n\n\n\n<p>\u0398\u03b1 \u03c3\u03b1\u03c2 \u03c4\u03b1\u03be\u03b9\u03b4\u03ad\u03c8\u03bf\u03c5\u03bc\u03b5 \u03c3\u03c4\u03b9\u03c2 \u03c0\u03b9\u03bf \u03c5\u03c0\u03ad\u03c1\u03bf\u03c7\u03b5\u03c2 \u03b3\u03c9\u03bd\u03b9\u03ad\u03c2 \u03c4\u03bf\u03c5 \u03c0\u03bb\u03b1\u03bd\u03ae\u03c4\u03b7. \u0391\u03c0\u03cc \u03b5\u03b9\u03b4\u03c5\u03bb\u03bb\u03b9\u03b1\u03ba\u03ad\u03c2 \u03c0\u03b1\u03c1\u03b1\u03bb\u03af\u03b5\u03c2 \u03bc\u03ad\u03c7\u03c1\u03b9 \u03c0\u03cc\u03bb\u03b5\u03b9\u03c2 \u03bc\u03b5 \u03c0\u03bb\u03bf\u03cd\u03c3\u03b9\u03b1 \u03b9\u03c3\u03c4\u03bf\u03c1\u03af\u03b1 \u03ba\u03b1\u03b9 \u03c0\u03bf\u03bb\u03b9\u03c4\u03b9\u03c3\u03bc\u03cc, \u03b5\u03b4\u03ce \u03b8\u03b1 \u03b1\u03bd\u03b1\u03ba\u03b1\u03bb\u03cd\u03c8\u03b5\u03c4\u03b5 \u03b9\u03b4\u03ad\u03b5\u03c2 \u03b3\u03b9\u03b1 \u03c4\u03b9\u03c2 \u03b5\u03c0\u03cc\u03bc\u03b5\u03bd\u03b5\u03c2 \u03bf\u03b9\u03ba\u03bf\u03b3\u03b5\u03bd\u03b5\u03b9\u03b1\u03ba\u03ad\u03c2 \u03c3\u03b1\u03c2 \u03c0\u03b5\u03c1\u03b9\u03c0\u03ad\u03c4\u03b5\u03b9\u03b5\u03c2. \u0395\u03c4\u03bf\u03b9\u03bc\u03b1\u03c3\u03c4\u03b5\u03af\u03c4\u03b5 \u03bd\u03b1 \u03bf\u03bd\u03b5\u03b9\u03c1\u03b5\u03c5\u03c4\u03b5\u03af\u03c4\u03b5, \u03bd\u03b1 \u03c3\u03c7\u03b5\u03b4\u03b9\u03ac\u03c3\u03b5\u03c4\u03b5 \u03ba\u03b1\u03b9 \u03bd\u03b1 \u03b5\u03be\u03b5\u03c1\u03b5\u03c5\u03bd\u03ae\u03c3\u03b5\u03c4\u03b5 \u03bc\u03b5 \u03c4\u03bf\u03c5\u03c2 \u03bf\u03b4\u03b7\u03b3\u03bf\u03cd\u03c2 \u03ba\u03b1\u03b9 \u03c4\u03b9\u03c2 \u03c0\u03c1\u03bf\u03c4\u03ac\u03c3\u03b5\u03b9\u03c2 \u03bc\u03b1\u03c2.<\/p>\n\n\n\n<h4 class=\"wp-block-heading\"><strong>\u0393\u03b1\u03c3\u03c4\u03c1\u03bf\u03bd\u03bf\u03bc\u03b9\u03ba\u03ad\u03c2 \u0395\u03bc\u03c0\u03b5\u03b9\u03c1\u03af\u03b5\u03c2<\/strong><\/h4>\n\n\n\n<p>\u0397 \u03b3\u03b5\u03cd\u03c3\u03b7 \u03b5\u03af\u03bd\u03b1\u03b9 \u03b5\u03c0\u03af\u03c3\u03b7\u03c2 \u03ad\u03bd\u03b1\u03c2 \u03c4\u03c1\u03cc\u03c0\u03bf\u03c2 \u03c4\u03b1\u03be\u03b9\u03b4\u03b9\u03bf\u03cd. \u03a3\u03b5 \u03b1\u03c5\u03c4\u03ae\u03bd \u03c4\u03b7\u03bd \u03ba\u03b1\u03c4\u03b7\u03b3\u03bf\u03c1\u03af\u03b1, \u03bc\u03bf\u03b9\u03c1\u03b1\u03b6\u03cc\u03bc\u03b1\u03c3\u03c4\u03b5 \u03c3\u03c5\u03bd\u03c4\u03b1\u03b3\u03ad\u03c2, \u03ba\u03c1\u03b9\u03c4\u03b9\u03ba\u03ad\u03c2 \u03b5\u03c3\u03c4\u03b9\u03b1\u03c4\u03bf\u03c1\u03af\u03c9\u03bd \u03ba\u03b1\u03b9 \u03c4\u03b1 \u03c0\u03b9\u03bf \u03b5\u03bc\u03b2\u03bb\u03b7\u03bc\u03b1\u03c4\u03b9\u03ba\u03ac \u03c0\u03b9\u03ac\u03c4\u03b1 \u03b1\u03c0\u03cc \u03b4\u03b9\u03b1\u03c6\u03bf\u03c1\u03b5\u03c4\u03b9\u03ba\u03bf\u03cd\u03c2 \u03c0\u03bf\u03bb\u03b9\u03c4\u03b9\u03c3\u03bc\u03bf\u03cd\u03c2. \u0391\u03c0\u03cc \u03c4\u03bf \u03c3\u03c0\u03b9\u03c4\u03b9\u03ba\u03cc \u03bc\u03b1\u03b3\u03b5\u03af\u03c1\u03b5\u03bc\u03b1 \u03bc\u03ad\u03c7\u03c1\u03b9 \u03c4\u03b9\u03c2 \u03b3\u03ba\u03bf\u03c5\u03c1\u03bc\u03ad \u03b5\u03bc\u03c0\u03b5\u03b9\u03c1\u03af\u03b5\u03c2, \u03b8\u03ad\u03bb\u03bf\u03c5\u03bc\u03b5 \u03bd\u03b1 \u03b1\u03c6\u03c5\u03c0\u03bd\u03af\u03c3\u03bf\u03c5\u03bc\u03b5 \u03c4\u03bf\u03bd \u03bf\u03c5\u03c1\u03b1\u03bd\u03af\u03c3\u03ba\u03bf \u03c3\u03b1\u03c2 \u03ba\u03b1\u03b9 \u03bd\u03b1 \u03c3\u03b1\u03c2 \u03b2\u03bf\u03b7\u03b8\u03ae\u03c3\u03bf\u03c5\u03bc\u03b5 \u03bd\u03b1 \u03b1\u03c0\u03bf\u03bb\u03b1\u03cd\u03c3\u03b5\u03c4\u03b5 \u03ba\u03ac\u03b8\u03b5 \u03bc\u03c0\u03bf\u03c5\u03ba\u03b9\u03ac.<\/p>\n\n\n\n<h4 class=\"wp-block-heading\"><strong>\u03a4\u03b5\u03c7\u03bd\u03bf\u03bb\u03bf\u03b3\u03af\u03b1<\/strong><\/h4>\n\n\n\n<p>\u0393\u03bd\u03c9\u03c1\u03af\u03b6\u03bf\u03c5\u03bc\u03b5 \u03cc\u03c4\u03b9 \u03b7 \u03c4\u03b5\u03c7\u03bd\u03bf\u03bb\u03bf\u03b3\u03af\u03b1 \u03b1\u03c0\u03bf\u03c4\u03b5\u03bb\u03b5\u03af \u03bf\u03c5\u03c3\u03b9\u03b1\u03c3\u03c4\u03b9\u03ba\u03cc \u03bc\u03ad\u03c1\u03bf\u03c2 \u03c4\u03b7\u03c2 \u03c3\u03cd\u03b3\u03c7\u03c1\u03bf\u03bd\u03b7\u03c2 \u03b6\u03c9\u03ae\u03c2. \u0393\u03b9&#039; \u03b1\u03c5\u03c4\u03cc, \u03c3\u03b5 \u03b1\u03c5\u03c4\u03ae\u03bd \u03c4\u03b7\u03bd \u03b5\u03bd\u03cc\u03c4\u03b7\u03c4\u03b1, \u03c0\u03c1\u03bf\u03c3\u03c6\u03ad\u03c1\u03bf\u03c5\u03bc\u03b5 \u03c3\u03c5\u03bc\u03b2\u03bf\u03c5\u03bb\u03ad\u03c2, \u03c0\u03c1\u03bf\u03c4\u03ac\u03c3\u03b5\u03b9\u03c2 \u03c3\u03c5\u03c3\u03ba\u03b5\u03c5\u03ce\u03bd \u03ba\u03b1\u03b9 \u03c4\u03ac\u03c3\u03b5\u03b9\u03c2 \u03b3\u03b9\u03b1 \u03bd\u03b1 \u03c3\u03b1\u03c2 \u03ba\u03c1\u03b1\u03c4\u03ac\u03bc\u03b5 \u03b5\u03bd\u03ae\u03bc\u03b5\u03c1\u03bf\u03c5\u03c2. \u0398\u03ad\u03bb\u03bf\u03c5\u03bc\u03b5 \u03bd\u03b1 \u03c3\u03b1\u03c2 \u03b2\u03bf\u03b7\u03b8\u03ae\u03c3\u03bf\u03c5\u03bc\u03b5 \u03bd\u03b1 \u03c7\u03c1\u03b7\u03c3\u03b9\u03bc\u03bf\u03c0\u03bf\u03b9\u03ae\u03c3\u03b5\u03c4\u03b5 \u03c4\u03b7\u03bd \u03c4\u03b5\u03c7\u03bd\u03bf\u03bb\u03bf\u03b3\u03af\u03b1 \u03b3\u03b9\u03b1 \u03bd\u03b1 \u03b2\u03b5\u03bb\u03c4\u03b9\u03ce\u03c3\u03b5\u03c4\u03b5 \u03c4\u03b7\u03bd \u03c0\u03bf\u03b9\u03cc\u03c4\u03b7\u03c4\u03b1 \u03b6\u03c9\u03ae\u03c2 \u03c3\u03b1\u03c2 \u03ba\u03b1\u03b9 \u03c4\u03b7\u03c2 \u03bf\u03b9\u03ba\u03bf\u03b3\u03ad\u03bd\u03b5\u03b9\u03ac\u03c2 \u03c3\u03b1\u03c2.<\/p>\n\n\n\n<p>\u03a3\u03b5 <strong>\u0399\u03c3\u03c4\u03bf\u03bb\u03cc\u03b3\u03b9\u03bf \u039f\u03b9\u03ba\u03bf\u03b3\u03b5\u03bd\u03b5\u03b9\u03b1\u03ba\u03bf\u03cd \u03a3\u03cd\u03bc\u03c0\u03b1\u03bd\u03c4\u03bf\u03c2<\/strong>\u0397 \u03b1\u03c0\u03bf\u03c3\u03c4\u03bf\u03bb\u03ae \u03bc\u03b1\u03c2 \u03b5\u03af\u03bd\u03b1\u03b9 \u03bd\u03b1 \u03c3\u03c5\u03bd\u03b4\u03b5\u03b8\u03bf\u03cd\u03bc\u03b5 \u03bc\u03b1\u03b6\u03af \u03c3\u03b1\u03c2 \u03bc\u03ad\u03c3\u03b1 \u03b1\u03c0\u03cc \u03b9\u03c3\u03c4\u03bf\u03c1\u03af\u03b5\u03c2, \u03c3\u03c5\u03bc\u03b2\u03bf\u03c5\u03bb\u03ad\u03c2 \u03ba\u03b1\u03b9 \u03c0\u03bb\u03b7\u03c1\u03bf\u03c6\u03bf\u03c1\u03af\u03b5\u03c2 \u03c0\u03bf\u03c5 \u03b5\u03bc\u03c0\u03bb\u03bf\u03c5\u03c4\u03af\u03b6\u03bf\u03c5\u03bd \u03c4\u03bf\u03bd \u03ba\u03cc\u03c3\u03bc\u03bf \u03c3\u03b1\u03c2 \u03ba\u03b1\u03b9 \u03c4\u03bf\u03bd \u03ba\u03cc\u03c3\u03bc\u03bf \u03c4\u03b7\u03c2 \u03bf\u03b9\u03ba\u03bf\u03b3\u03ad\u03bd\u03b5\u03b9\u03ac\u03c2 \u03c3\u03b1\u03c2. \u03a3\u03b1\u03c2 \u03b5\u03c5\u03c7\u03b1\u03c1\u03b9\u03c3\u03c4\u03bf\u03cd\u03bc\u03b5 \u03c0\u03bf\u03c5 \u03b5\u03af\u03c3\u03c4\u03b5 \u03bc\u03ad\u03c1\u03bf\u03c2 \u03b1\u03c5\u03c4\u03ae\u03c2 \u03c4\u03b7\u03c2 \u03ba\u03bf\u03b9\u03bd\u03cc\u03c4\u03b7\u03c4\u03b1\u03c2! \u03a3\u03b1\u03c2 \u03c0\u03c1\u03bf\u03c3\u03ba\u03b1\u03bb\u03bf\u03cd\u03bc\u03b5 \u03bd\u03b1 \u03b5\u03be\u03b5\u03c1\u03b5\u03c5\u03bd\u03ae\u03c3\u03b5\u03c4\u03b5, \u03bd\u03b1 \u03b1\u03c0\u03bf\u03bb\u03b1\u03cd\u03c3\u03b5\u03c4\u03b5 \u03ba\u03b1\u03b9 \u03bd\u03b1 \u03bc\u03bf\u03b9\u03c1\u03b1\u03c3\u03c4\u03b5\u03af\u03c4\u03b5 \u03b1\u03c5\u03c4\u03ae \u03c4\u03b7 \u03c3\u03c0\u03bf\u03c5\u03b4\u03b1\u03af\u03b1 \u03c0\u03b5\u03c1\u03b9\u03c0\u03ad\u03c4\u03b5\u03b9\u03b1 \u03bc\u03b1\u03b6\u03af \u03bc\u03b1\u03c2.<\/p>","protected":false},"excerpt":{"rendered":"<p>Bienvenidos a Blog Universo Familia, un espacio creado para inspirarte, acompa\u00f1arte y ofrecerte contenido de calidad para enriquecer tu d\u00eda a d\u00eda. Nuestro blog nace con la pasi\u00f3n de explorar el mundo en sus diferentes dimensiones y compartir contigo experiencias \u00fanicas que conecten con tu familia. \u00bfQu\u00e9 encontrar\u00e1s en Blog Universo Familia? Destinos Internacionales Te [&hellip;]<\/p>","protected":false},"author":218,"featured_media":0,"parent":0,"menu_order":0,"comment_status":"closed","ping_status":"closed","template":"page-nosidebar.php","meta":{"footnotes":""},"yoast_head":"<!-- This site is optimized with the Yoast SEO plugin v23.3 - https:\/\/yoast.com\/wordpress\/plugins\/seo\/ -->\n<title>Qui\u00e9nes somos - Blog Universo Fam\u00edlia<\/title>\n<meta name=\"robots\" content=\"index, follow, max-snippet:-1, max-image-preview:large, max-video-preview:-1\" \/>\n<link rel=\"canonical\" href=\"https:\/\/blog.universofamilia.com\/el\/quienes-somos\/\" \/>\n<meta property=\"og:locale\" content=\"el_GR\" \/>\n<meta property=\"og:type\" content=\"article\" \/>\n<meta property=\"og:title\" content=\"Qui\u00e9nes somos - Blog Universo Fam\u00edlia\" \/>\n<meta property=\"og:description\" content=\"Bienvenidos a Blog Universo Familia, un espacio creado para inspirarte, acompa\u00f1arte y ofrecerte contenido de calidad para enriquecer tu d\u00eda a d\u00eda. Nuestro blog nace con la pasi\u00f3n de explorar el mundo en sus diferentes dimensiones y compartir contigo experiencias \u00fanicas que conecten con tu familia. \u00bfQu\u00e9 encontrar\u00e1s en Blog Universo Familia? Destinos Internacionales Te [&hellip;]\" \/>\n<meta property=\"og:url\" content=\"https:\/\/blog.universofamilia.com\/el\/quienes-somos\/\" \/>\n<meta property=\"og:site_name\" content=\"Blog Universo Fam\u00edlia\" \/>\n<meta property=\"article:modified_time\" content=\"2025-10-27T18:34:19+00:00\" \/>\n<meta name=\"twitter:card\" content=\"summary_large_image\" \/>\n<meta name=\"twitter:label1\" content=\"Est. reading time\" \/>\n\t<meta name=\"twitter:data1\" content=\"2 \u03bb\u03b5\u03c0\u03c4\u03ac\" \/>\n<script type=\"application\/ld+json\" class=\"yoast-schema-graph\">{\"@context\":\"https:\/\/schema.org\",\"@graph\":[{\"@type\":\"WebPage\",\"@id\":\"http:\/\/blog.universofamilia.com\/quienes-somos\/\",\"url\":\"http:\/\/blog.universofamilia.com\/quienes-somos\/\",\"name\":\"Qui\u00e9nes somos - Blog Universo Fam\u00edlia\",\"isPartOf\":{\"@id\":\"https:\/\/blog.universofamilia.com\/en\/#website\"},\"datePublished\":\"2024-12-24T18:42:05+00:00\",\"dateModified\":\"2025-10-27T18:34:19+00:00\",\"breadcrumb\":{\"@id\":\"http:\/\/blog.universofamilia.com\/quienes-somos\/#breadcrumb\"},\"inLanguage\":\"el\",\"potentialAction\":[{\"@type\":\"ReadAction\",\"target\":[\"http:\/\/blog.universofamilia.com\/quienes-somos\/\"]}]},{\"@type\":\"BreadcrumbList\",\"@id\":\"http:\/\/blog.universofamilia.com\/quienes-somos\/#breadcrumb\",\"itemListElement\":[{\"@type\":\"ListItem\",\"position\":1,\"name\":\"Home\",\"item\":\"https:\/\/blog.universofamilia.com\/en\/\"},{\"@type\":\"ListItem\",\"position\":2,\"name\":\"Qui\u00e9nes somos\"}]},{\"@type\":\"WebSite\",\"@id\":\"https:\/\/blog.universofamilia.com\/en\/#website\",\"url\":\"https:\/\/blog.universofamilia.com\/en\/\",\"name\":\"Blog Universo Fam\u00edlia\",\"description\":\"\",\"potentialAction\":[{\"@type\":\"SearchAction\",\"target\":{\"@type\":\"EntryPoint\",\"urlTemplate\":\"https:\/\/blog.universofamilia.com\/en\/?s={search_term_string}\"},\"query-input\":\"required name=search_term_string\"}],\"inLanguage\":\"el\"}]}<\/script>\n<!-- \/ Yoast SEO plugin. -->","yoast_head_json":{"title":"Qui\u00e9nes somos - Blog Universo Fam\u00edlia","robots":{"index":"index","follow":"follow","max-snippet":"max-snippet:-1","max-image-preview":"max-image-preview:large","max-video-preview":"max-video-preview:-1"},"canonical":"https:\/\/blog.universofamilia.com\/el\/quienes-somos\/","og_locale":"el_GR","og_type":"article","og_title":"Qui\u00e9nes somos - Blog Universo Fam\u00edlia","og_description":"Bienvenidos a Blog Universo Familia, un espacio creado para inspirarte, acompa\u00f1arte y ofrecerte contenido de calidad para enriquecer tu d\u00eda a d\u00eda. Nuestro blog nace con la pasi\u00f3n de explorar el mundo en sus diferentes dimensiones y compartir contigo experiencias \u00fanicas que conecten con tu familia. \u00bfQu\u00e9 encontrar\u00e1s en Blog Universo Familia? Destinos Internacionales Te [&hellip;]","og_url":"https:\/\/blog.universofamilia.com\/el\/quienes-somos\/","og_site_name":"Blog Universo Fam\u00edlia","article_modified_time":"2025-10-27T18:34:19+00:00","twitter_card":"summary_large_image","twitter_misc":{"Est. reading time":"2 \u03bb\u03b5\u03c0\u03c4\u03ac"},"schema":{"@context":"https:\/\/schema.org","@graph":[{"@type":"WebPage","@id":"http:\/\/blog.universofamilia.com\/quienes-somos\/","url":"http:\/\/blog.universofamilia.com\/quienes-somos\/","name":"Qui\u00e9nes somos - Blog Universo Fam\u00edlia","isPartOf":{"@id":"https:\/\/blog.universofamilia.com\/en\/#website"},"datePublished":"2024-12-24T18:42:05+00:00","dateModified":"2025-10-27T18:34:19+00:00","breadcrumb":{"@id":"http:\/\/blog.universofamilia.com\/quienes-somos\/#breadcrumb"},"inLanguage":"el","potentialAction":[{"@type":"ReadAction","target":["http:\/\/blog.universofamilia.com\/quienes-somos\/"]}]},{"@type":"BreadcrumbList","@id":"http:\/\/blog.universofamilia.com\/quienes-somos\/#breadcrumb","itemListElement":[{"@type":"ListItem","position":1,"name":"Home","item":"https:\/\/blog.universofamilia.com\/en\/"},{"@type":"ListItem","position":2,"name":"Qui\u00e9nes somos"}]},{"@type":"WebSite","@id":"https:\/\/blog.universofamilia.com\/en\/#website","url":"https:\/\/blog.universofamilia.com\/en\/","name":"Blog Universo Fam\u00edlia","description":"","potentialAction":[{"@type":"SearchAction","target":{"@type":"EntryPoint","urlTemplate":"https:\/\/blog.universofamilia.com\/en\/?s={search_term_string}"},"query-input":"required name=search_term_string"}],"inLanguage":"el"}]}},"_links":{"self":[{"href":"https:\/\/blog.universofamilia.com\/el\/wp-json\/wp\/v2\/pages\/34"}],"collection":[{"href":"https:\/\/blog.universofamilia.com\/el\/wp-json\/wp\/v2\/pages"}],"about":[{"href":"https:\/\/blog.universofamilia.com\/el\/wp-json\/wp\/v2\/types\/page"}],"author":[{"embeddable":true,"href":"https:\/\/blog.universofamilia.com\/el\/wp-json\/wp\/v2\/users\/218"}],"replies":[{"embeddable":true,"href":"https:\/\/blog.universofamilia.com\/el\/wp-json\/wp\/v2\/comments?post=34"}],"version-history":[{"count":1,"href":"https:\/\/blog.universofamilia.com\/el\/wp-json\/wp\/v2\/pages\/34\/revisions"}],"predecessor-version":[{"id":1324,"href":"https:\/\/blog.universofamilia.com\/el\/wp-json\/wp\/v2\/pages\/34\/revisions\/1324"}],"wp:attachment":[{"href":"https:\/\/blog.universofamilia.com\/el\/wp-json\/wp\/v2\/media?parent=34"}],"curies":[{"name":"wp","href":"https:\/\/api.w.org\/{rel}","templated":true}]}}