{"id":34,"date":"2024-12-24T18:42:05","date_gmt":"2024-12-24T18:42:05","guid":{"rendered":"https:\/\/blog.universofamilia.com\/?page_id=34"},"modified":"2025-10-27T18:34:19","modified_gmt":"2025-10-27T18:34:19","slug":"quienes-somos","status":"publish","type":"page","link":"https:\/\/blog.universofamilia.com\/da\/quienes-somos\/","title":{"rendered":"Hvem vi er"},"content":{"rendered":"<p>Velkommen til <strong>Familieuniversets blog<\/strong>, et rum skabt til at inspirere dig, st\u00f8tte dig og tilbyde kvalitetsindhold, der beriger din hverdag. Vores blog blev f\u00f8dt med passionen for at udforske verden i dens forskellige dimensioner og dele unikke oplevelser, der forbinder med din familie.<\/p>\n\n\n\n<h3 class=\"wp-block-heading\">Hvad finder du p\u00e5 Family Universe-bloggen?<\/h3>\n\n\n\n<h4 class=\"wp-block-heading\"><strong>Internationale destinationer<\/strong><\/h4>\n\n\n\n<p>Vi tager dig med p\u00e5 en rejse til planetens mest vidunderlige hj\u00f8rner. Fra idylliske strande til byer fyldt med historie og kultur, finder du her id\u00e9er til dine n\u00e6ste familieeventyr. G\u00f8r dig klar til at dr\u00f8mme, planl\u00e6gge og udforske med vores guider og anbefalinger.<\/p>\n\n\n\n<h4 class=\"wp-block-heading\"><strong>Gastronomiske oplevelser<\/strong><\/h4>\n\n\n\n<p>Smag er ogs\u00e5 en m\u00e5de at rejse p\u00e5. I denne kategori deler vi opskrifter, restaurantanmeldelser og de mest ikoniske retter fra forskellige kulturer. Fra hjemmelavet mad til gourmetoplevelser \u00f8nsker vi at v\u00e6kke din gane og hj\u00e6lpe dig med at nyde hver bid.<\/p>\n\n\n\n<h4 class=\"wp-block-heading\"><strong>Teknologi<\/strong><\/h4>\n\n\n\n<p>Vi ved, at teknologi er en essentiel del af det moderne liv. Derfor tilbyder vi i dette afsnit tips, anbefalinger til enheder og trends, der holder dig opdateret. Vi vil gerne hj\u00e6lpe dig med at bruge teknologi til at forbedre din og din families livskvalitet.<\/p>\n\n\n\n<p>I <strong>Familieuniversets blog<\/strong>Vores mission er at forbinde dig gennem historier, r\u00e5d og information, der beriger din verden og din families. Tak fordi du er en del af dette f\u00e6llesskab! Vi inviterer dig til at udforske, nyde og dele dette fantastiske eventyr med os.<\/p>","protected":false},"excerpt":{"rendered":"<p>Bienvenidos a Blog Universo Familia, un espacio creado para inspirarte, acompa\u00f1arte y ofrecerte contenido de calidad para enriquecer tu d\u00eda a d\u00eda. Nuestro blog nace con la pasi\u00f3n de explorar el mundo en sus diferentes dimensiones y compartir contigo experiencias \u00fanicas que conecten con tu familia. \u00bfQu\u00e9 encontrar\u00e1s en Blog Universo Familia? Destinos Internacionales Te [&hellip;]<\/p>","protected":false},"author":218,"featured_media":0,"parent":0,"menu_order":0,"comment_status":"closed","ping_status":"closed","template":"page-nosidebar.php","meta":{"footnotes":""},"yoast_head":"<!-- This site is optimized with the Yoast SEO plugin v23.3 - https:\/\/yoast.com\/wordpress\/plugins\/seo\/ -->\n<title>Qui\u00e9nes somos - Blog Universo Fam\u00edlia<\/title>\n<meta name=\"robots\" content=\"index, follow, max-snippet:-1, max-image-preview:large, max-video-preview:-1\" \/>\n<link rel=\"canonical\" href=\"https:\/\/blog.universofamilia.com\/da\/quienes-somos\/\" \/>\n<meta property=\"og:locale\" content=\"da_DK\" \/>\n<meta property=\"og:type\" content=\"article\" \/>\n<meta property=\"og:title\" content=\"Qui\u00e9nes somos - Blog Universo Fam\u00edlia\" \/>\n<meta property=\"og:description\" content=\"Bienvenidos a Blog Universo Familia, un espacio creado para inspirarte, acompa\u00f1arte y ofrecerte contenido de calidad para enriquecer tu d\u00eda a d\u00eda. Nuestro blog nace con la pasi\u00f3n de explorar el mundo en sus diferentes dimensiones y compartir contigo experiencias \u00fanicas que conecten con tu familia. \u00bfQu\u00e9 encontrar\u00e1s en Blog Universo Familia? Destinos Internacionales Te [&hellip;]\" \/>\n<meta property=\"og:url\" content=\"https:\/\/blog.universofamilia.com\/da\/quienes-somos\/\" \/>\n<meta property=\"og:site_name\" content=\"Blog Universo Fam\u00edlia\" \/>\n<meta property=\"article:modified_time\" content=\"2025-10-27T18:34:19+00:00\" \/>\n<meta name=\"twitter:card\" content=\"summary_large_image\" \/>\n<meta name=\"twitter:label1\" content=\"Est. reading time\" \/>\n\t<meta name=\"twitter:data1\" content=\"2 minutter\" \/>\n<script type=\"application\/ld+json\" class=\"yoast-schema-graph\">{\"@context\":\"https:\/\/schema.org\",\"@graph\":[{\"@type\":\"WebPage\",\"@id\":\"http:\/\/blog.universofamilia.com\/quienes-somos\/\",\"url\":\"http:\/\/blog.universofamilia.com\/quienes-somos\/\",\"name\":\"Qui\u00e9nes somos - Blog Universo Fam\u00edlia\",\"isPartOf\":{\"@id\":\"https:\/\/blog.universofamilia.com\/en\/#website\"},\"datePublished\":\"2024-12-24T18:42:05+00:00\",\"dateModified\":\"2025-10-27T18:34:19+00:00\",\"breadcrumb\":{\"@id\":\"http:\/\/blog.universofamilia.com\/quienes-somos\/#breadcrumb\"},\"inLanguage\":\"da-DK\",\"potentialAction\":[{\"@type\":\"ReadAction\",\"target\":[\"http:\/\/blog.universofamilia.com\/quienes-somos\/\"]}]},{\"@type\":\"BreadcrumbList\",\"@id\":\"http:\/\/blog.universofamilia.com\/quienes-somos\/#breadcrumb\",\"itemListElement\":[{\"@type\":\"ListItem\",\"position\":1,\"name\":\"Home\",\"item\":\"https:\/\/blog.universofamilia.com\/en\/\"},{\"@type\":\"ListItem\",\"position\":2,\"name\":\"Qui\u00e9nes somos\"}]},{\"@type\":\"WebSite\",\"@id\":\"https:\/\/blog.universofamilia.com\/en\/#website\",\"url\":\"https:\/\/blog.universofamilia.com\/en\/\",\"name\":\"Blog Universo Fam\u00edlia\",\"description\":\"\",\"potentialAction\":[{\"@type\":\"SearchAction\",\"target\":{\"@type\":\"EntryPoint\",\"urlTemplate\":\"https:\/\/blog.universofamilia.com\/en\/?s={search_term_string}\"},\"query-input\":\"required name=search_term_string\"}],\"inLanguage\":\"da-DK\"}]}<\/script>\n<!-- \/ Yoast SEO plugin. -->","yoast_head_json":{"title":"Qui\u00e9nes somos - Blog Universo Fam\u00edlia","robots":{"index":"index","follow":"follow","max-snippet":"max-snippet:-1","max-image-preview":"max-image-preview:large","max-video-preview":"max-video-preview:-1"},"canonical":"https:\/\/blog.universofamilia.com\/da\/quienes-somos\/","og_locale":"da_DK","og_type":"article","og_title":"Qui\u00e9nes somos - Blog Universo Fam\u00edlia","og_description":"Bienvenidos a Blog Universo Familia, un espacio creado para inspirarte, acompa\u00f1arte y ofrecerte contenido de calidad para enriquecer tu d\u00eda a d\u00eda. Nuestro blog nace con la pasi\u00f3n de explorar el mundo en sus diferentes dimensiones y compartir contigo experiencias \u00fanicas que conecten con tu familia. \u00bfQu\u00e9 encontrar\u00e1s en Blog Universo Familia? Destinos Internacionales Te [&hellip;]","og_url":"https:\/\/blog.universofamilia.com\/da\/quienes-somos\/","og_site_name":"Blog Universo Fam\u00edlia","article_modified_time":"2025-10-27T18:34:19+00:00","twitter_card":"summary_large_image","twitter_misc":{"Est. reading time":"2 minutter"},"schema":{"@context":"https:\/\/schema.org","@graph":[{"@type":"WebPage","@id":"http:\/\/blog.universofamilia.com\/quienes-somos\/","url":"http:\/\/blog.universofamilia.com\/quienes-somos\/","name":"Qui\u00e9nes somos - Blog Universo Fam\u00edlia","isPartOf":{"@id":"https:\/\/blog.universofamilia.com\/en\/#website"},"datePublished":"2024-12-24T18:42:05+00:00","dateModified":"2025-10-27T18:34:19+00:00","breadcrumb":{"@id":"http:\/\/blog.universofamilia.com\/quienes-somos\/#breadcrumb"},"inLanguage":"da-DK","potentialAction":[{"@type":"ReadAction","target":["http:\/\/blog.universofamilia.com\/quienes-somos\/"]}]},{"@type":"BreadcrumbList","@id":"http:\/\/blog.universofamilia.com\/quienes-somos\/#breadcrumb","itemListElement":[{"@type":"ListItem","position":1,"name":"Home","item":"https:\/\/blog.universofamilia.com\/en\/"},{"@type":"ListItem","position":2,"name":"Qui\u00e9nes somos"}]},{"@type":"WebSite","@id":"https:\/\/blog.universofamilia.com\/en\/#website","url":"https:\/\/blog.universofamilia.com\/en\/","name":"Blog Universo Fam\u00edlia","description":"","potentialAction":[{"@type":"SearchAction","target":{"@type":"EntryPoint","urlTemplate":"https:\/\/blog.universofamilia.com\/en\/?s={search_term_string}"},"query-input":"required name=search_term_string"}],"inLanguage":"da-DK"}]}},"_links":{"self":[{"href":"https:\/\/blog.universofamilia.com\/da\/wp-json\/wp\/v2\/pages\/34"}],"collection":[{"href":"https:\/\/blog.universofamilia.com\/da\/wp-json\/wp\/v2\/pages"}],"about":[{"href":"https:\/\/blog.universofamilia.com\/da\/wp-json\/wp\/v2\/types\/page"}],"author":[{"embeddable":true,"href":"https:\/\/blog.universofamilia.com\/da\/wp-json\/wp\/v2\/users\/218"}],"replies":[{"embeddable":true,"href":"https:\/\/blog.universofamilia.com\/da\/wp-json\/wp\/v2\/comments?post=34"}],"version-history":[{"count":1,"href":"https:\/\/blog.universofamilia.com\/da\/wp-json\/wp\/v2\/pages\/34\/revisions"}],"predecessor-version":[{"id":1324,"href":"https:\/\/blog.universofamilia.com\/da\/wp-json\/wp\/v2\/pages\/34\/revisions\/1324"}],"wp:attachment":[{"href":"https:\/\/blog.universofamilia.com\/da\/wp-json\/wp\/v2\/media?parent=34"}],"curies":[{"name":"wp","href":"https:\/\/api.w.org\/{rel}","templated":true}]}}