{"id":38,"date":"2024-12-24T18:44:05","date_gmt":"2024-12-24T18:44:05","guid":{"rendered":"https:\/\/blog.universofamilia.com\/?page_id=38"},"modified":"2025-10-27T18:58:03","modified_gmt":"2025-10-27T18:58:03","slug":"condiciones-de-uso","status":"publish","type":"page","link":"https:\/\/blog.universofamilia.com\/cs\/condiciones-de-uso\/","title":{"rendered":"Podm\u00ednky pou\u017eit\u00ed"},"content":{"rendered":"<h2 class=\"wp-block-heading\">1. Podm\u00ednky<\/h2>\n\n\n\n<p>P\u0159\u00edstupem na webov\u00e9 str\u00e1nky\u00a0<a href=\"https:\/\/blog.universofamilia.com\/cs\/\">Z blogu Rodinn\u00fd vesm\u00edr<\/a>\u00a0Pou\u017e\u00edv\u00e1n\u00edm t\u011bchto str\u00e1nek souhlas\u00edte s dodr\u017eov\u00e1n\u00edm t\u011bchto podm\u00ednek slu\u017eby, v\u0161ech platn\u00fdch z\u00e1kon\u016f a p\u0159edpis\u016f a jste zodpov\u011bdn\u00ed za dodr\u017eov\u00e1n\u00ed v\u0161ech platn\u00fdch m\u00edstn\u00edch z\u00e1kon\u016f. Pokud s n\u011bkterou z t\u011bchto podm\u00ednek nesouhlas\u00edte, je v\u00e1m zak\u00e1z\u00e1no tyto str\u00e1nky pou\u017e\u00edvat nebo k nim p\u0159istupovat. Materi\u00e1ly obsa\u017een\u00e9 na t\u011bchto str\u00e1nk\u00e1ch jsou chr\u00e1n\u011bny platn\u00fdmi z\u00e1kony o autorsk\u00fdch pr\u00e1vech a ochrann\u00fdch zn\u00e1mk\u00e1ch.<\/p>\n\n\n\n<h2 class=\"wp-block-heading\">2. Licence k u\u017e\u00edv\u00e1n\u00ed<\/h2>\n\n\n\n<p>Je ud\u011bleno povolen\u00ed do\u010dasn\u011b st\u00e1hnout jednu kopii materi\u00e1l\u016f (informac\u00ed nebo softwaru) z webov\u00fdch str\u00e1nek Blog Universo Familia, a to v\u00fdhradn\u011b pro va\u0161e osobn\u00ed, nekomer\u010dn\u00ed prohl\u00ed\u017een\u00ed. Tato licence p\u0159edstavuje ud\u011blen\u00ed licence, nikoli p\u0159evod vlastnictv\u00ed, a na z\u00e1klad\u011b t\u00e9to licence nesm\u00edte:&nbsp;<\/p>\n\n\n\n<ol>\n<li>upravovat nebo kop\u00edrovat materi\u00e1ly;&nbsp;<\/li>\n\n\n\n<li>pou\u017e\u00edvat materi\u00e1ly pro jak\u00e9koli komer\u010dn\u00ed \u00fa\u010dely nebo pro jakoukoli ve\u0159ejnou prezentaci (komer\u010dn\u00ed \u010di nekomer\u010dn\u00ed);&nbsp;<\/li>\n\n\n\n<li>Pokus o dekompilaci nebo zp\u011btn\u00e9 in\u017een\u00fdrstv\u00ed jak\u00e9hokoli softwaru obsa\u017een\u00e9ho na webov\u00fdch str\u00e1nk\u00e1ch Blog Universo Familia;&nbsp;<\/li>\n\n\n\n<li>odstranit z materi\u00e1l\u016f jak\u00e9koli pozn\u00e1mky o autorsk\u00fdch pr\u00e1vech nebo jin\u00e9 ochrann\u00e9 zn\u00e1mky; nebo&nbsp;<\/li>\n\n\n\n<li>p\u0159ev\u00e1d\u011bt materi\u00e1ly jin\u00e9 osob\u011b ani je \u201eduplikovat\u201c na jak\u00e9mkoli jin\u00e9m serveru.<\/li>\n<\/ol>\n\n\n\n<p>Tato licence automaticky zanikne, pokud poru\u0161\u00edte kter\u00e9koli z t\u011bchto omezen\u00ed, a Blog Universo Familia ji m\u016f\u017ee kdykoli ukon\u010dit. Po dokon\u010den\u00ed prohl\u00ed\u017een\u00ed t\u011bchto materi\u00e1l\u016f nebo po ukon\u010den\u00ed t\u00e9to licence mus\u00edte zni\u010dit v\u0161echny sta\u017een\u00e9 materi\u00e1ly, kter\u00e9 m\u00e1te k dispozici, a\u0165 u\u017e v elektronick\u00e9 nebo ti\u0161t\u011bn\u00e9 podob\u011b.<\/p>\n\n\n\n<h2 class=\"wp-block-heading\">3. Prohl\u00e1\u0161en\u00ed o vylou\u010den\u00ed odpov\u011bdnosti<\/h2>\n\n\n\n<ol>\n<li>Materi\u00e1ly na webov\u00fdch str\u00e1nk\u00e1ch Blog Universo Familia jsou poskytov\u00e1ny \u201etak, jak jsou\u201c. Blog Universo Familia neposkytuje \u017e\u00e1dn\u00e9 z\u00e1ruky, v\u00fdslovn\u00e9 ani implicitn\u00ed, a t\u00edmto se z\u0159\u00edk\u00e1 a pop\u00edr\u00e1 v\u0161echny ostatn\u00ed z\u00e1ruky, v\u010detn\u011b, ale nikoli v\u00fdhradn\u011b, implicitn\u00edch z\u00e1ruk nebo podm\u00ednek prodejnosti, vhodnosti pro konkr\u00e9tn\u00ed \u00fa\u010del nebo neporu\u0161en\u00ed du\u0161evn\u00edho vlastnictv\u00ed \u010di jin\u00e9ho poru\u0161en\u00ed pr\u00e1v.<\/li>\n\n\n\n<li>Blog Universo Familia d\u00e1le nezaru\u010duje ani neposkytuje \u017e\u00e1dn\u00e1 prohl\u00e1\u0161en\u00ed t\u00fdkaj\u00edc\u00ed se p\u0159esnosti, pravd\u011bpodobn\u00fdch v\u00fdsledk\u016f nebo spolehlivosti pou\u017eit\u00ed materi\u00e1l\u016f na sv\u00fdch webov\u00fdch str\u00e1nk\u00e1ch nebo jinak souvisej\u00edc\u00edch s t\u011bmito materi\u00e1ly nebo na webov\u00fdch str\u00e1nk\u00e1ch odkazovan\u00fdch na tyto webov\u00e9 str\u00e1nky.<\/li>\n<\/ol>\n\n\n\n<h2 class=\"wp-block-heading\">4. Omezen\u00ed<\/h2>\n\n\n\n<p>Ani Blog Universo Familia, ani jeho dodavatel\u00e9 nenesou v \u017e\u00e1dn\u00e9m p\u0159\u00edpad\u011b odpov\u011bdnost za jak\u00e9koli \u0161kody (v\u010detn\u011b, mimo jin\u00e9, \u0161kod za ztr\u00e1tu dat nebo zisku nebo za p\u0159eru\u0161en\u00ed obchodn\u00ed \u010dinnosti) vznikl\u00e9 v d\u016fsledku pou\u017e\u00edv\u00e1n\u00ed nebo nemo\u017enosti pou\u017e\u00edvat materi\u00e1ly Blog Universo Familia, a to i v p\u0159\u00edpad\u011b, \u017ee Blog Universo Familia nebo opr\u00e1vn\u011bn\u00fd z\u00e1stupce Blog Universo Familia byl \u00fastn\u011b nebo p\u00edsemn\u011b informov\u00e1n o mo\u017enosti vzniku takov\u00e9 \u0161kody. Vzhledem k tomu, \u017ee n\u011bkter\u00e9 jurisdikce neumo\u017e\u0148uj\u00ed omezen\u00ed implicitn\u00edch z\u00e1ruk ani omezen\u00ed odpov\u011bdnosti za n\u00e1sledn\u00e9 nebo n\u00e1hodn\u00e9 \u0161kody, nemus\u00ed se na v\u00e1s tato omezen\u00ed vztahovat.<\/p>\n\n\n\n<h2 class=\"wp-block-heading\">5. P\u0159esnost materi\u00e1l\u016f<\/h2>\n\n\n\n<p>Materi\u00e1ly publikovan\u00e9 na webov\u00fdch str\u00e1nk\u00e1ch Blog Universo Familia mohou obsahovat technick\u00e9, typografick\u00e9 nebo fotografick\u00e9 chyby. Blog Universo Familia nezaru\u010duje p\u0159esnost, \u00faplnost ani aktu\u00e1lnost materi\u00e1l\u016f na sv\u00fdch webov\u00fdch str\u00e1nk\u00e1ch. Blog Universo Familia si vyhrazuje pr\u00e1vo kdykoli bez p\u0159edchoz\u00edho upozorn\u011bn\u00ed upravit materi\u00e1ly na sv\u00fdch webov\u00fdch str\u00e1nk\u00e1ch. Blog Universo Familia se v\u0161ak nezavazuje k jejich aktualizaci.<\/p>\n\n\n\n<h2 class=\"wp-block-heading\">6. Odkazy<\/h2>\n\n\n\n<p>Blog Universo Familia nekontroloval v\u0161echny str\u00e1nky odkazovan\u00e9 na jeho webov\u00e9 str\u00e1nky a nenese odpov\u011bdnost za obsah \u017e\u00e1dn\u00e9 z nich. Zahrnut\u00ed odkazu neznamen\u00e1, \u017ee Blog Universo Familia schvaluje dan\u00fd web. Pou\u017e\u00edv\u00e1n\u00ed odkazovan\u00fdch str\u00e1nek je na vlastn\u00ed nebezpe\u010d\u00ed u\u017eivatele.<\/p>\n\n\n\n<h3 class=\"wp-block-heading\">Modifikace<\/h3>\n\n\n\n<p>Blog Universo Familia si vyhrazuje pr\u00e1vo kdykoli bez p\u0159edchoz\u00edho upozorn\u011bn\u00ed zm\u011bnit tyto podm\u00ednky pou\u017e\u00edv\u00e1n\u00ed webov\u00fdch str\u00e1nek. Pou\u017e\u00edv\u00e1n\u00edm t\u011bchto webov\u00fdch str\u00e1nek souhlas\u00edte s aktu\u00e1ln\u00ed verz\u00ed t\u011bchto podm\u00ednek pou\u017e\u00edv\u00e1n\u00ed.<\/p>","protected":false},"excerpt":{"rendered":"<p>1. Condiciones Al acceder al sitio web\u00a0de Blog Universo Familia\u00a0, usted acepta cumplir con estos t\u00e9rminos de servicio, todas las leyes y regulaciones aplicables, y se responsabiliza del cumplimiento de todas las leyes locales aplicables. Si no acepta alguno de estos t\u00e9rminos, se le proh\u00edbe usar o acceder a este sitio. Los materiales contenidos en [&hellip;]<\/p>","protected":false},"author":139,"featured_media":0,"parent":0,"menu_order":0,"comment_status":"closed","ping_status":"closed","template":"page-nosidebar.php","meta":{"footnotes":""},"yoast_head":"<!-- This site is optimized with the Yoast SEO plugin v23.3 - https:\/\/yoast.com\/wordpress\/plugins\/seo\/ -->\n<title>Condiciones de uso - Blog Universo Fam\u00edlia<\/title>\n<meta name=\"robots\" content=\"index, follow, max-snippet:-1, max-image-preview:large, max-video-preview:-1\" \/>\n<link rel=\"canonical\" href=\"https:\/\/blog.universofamilia.com\/cs\/condiciones-de-uso\/\" \/>\n<meta property=\"og:locale\" content=\"cs_CZ\" \/>\n<meta property=\"og:type\" content=\"article\" \/>\n<meta property=\"og:title\" content=\"Condiciones de uso - Blog Universo Fam\u00edlia\" \/>\n<meta property=\"og:description\" content=\"1. Condiciones Al acceder al sitio web\u00a0de Blog Universo Familia\u00a0, usted acepta cumplir con estos t\u00e9rminos de servicio, todas las leyes y regulaciones aplicables, y se responsabiliza del cumplimiento de todas las leyes locales aplicables. Si no acepta alguno de estos t\u00e9rminos, se le proh\u00edbe usar o acceder a este sitio. Los materiales contenidos en [&hellip;]\" \/>\n<meta property=\"og:url\" content=\"https:\/\/blog.universofamilia.com\/cs\/condiciones-de-uso\/\" \/>\n<meta property=\"og:site_name\" content=\"Blog Universo Fam\u00edlia\" \/>\n<meta property=\"article:modified_time\" content=\"2025-10-27T18:58:03+00:00\" \/>\n<meta name=\"twitter:card\" content=\"summary_large_image\" \/>\n<meta name=\"twitter:label1\" content=\"Est. reading time\" \/>\n\t<meta name=\"twitter:data1\" content=\"4 minuty\" \/>\n<script type=\"application\/ld+json\" class=\"yoast-schema-graph\">{\"@context\":\"https:\/\/schema.org\",\"@graph\":[{\"@type\":\"WebPage\",\"@id\":\"http:\/\/blog.universofamilia.com\/condiciones-de-uso\/\",\"url\":\"http:\/\/blog.universofamilia.com\/condiciones-de-uso\/\",\"name\":\"Condiciones de uso - Blog Universo Fam\u00edlia\",\"isPartOf\":{\"@id\":\"https:\/\/blog.universofamilia.com\/en\/#website\"},\"datePublished\":\"2024-12-24T18:44:05+00:00\",\"dateModified\":\"2025-10-27T18:58:03+00:00\",\"breadcrumb\":{\"@id\":\"http:\/\/blog.universofamilia.com\/condiciones-de-uso\/#breadcrumb\"},\"inLanguage\":\"cs\",\"potentialAction\":[{\"@type\":\"ReadAction\",\"target\":[\"http:\/\/blog.universofamilia.com\/condiciones-de-uso\/\"]}]},{\"@type\":\"BreadcrumbList\",\"@id\":\"http:\/\/blog.universofamilia.com\/condiciones-de-uso\/#breadcrumb\",\"itemListElement\":[{\"@type\":\"ListItem\",\"position\":1,\"name\":\"Home\",\"item\":\"https:\/\/blog.universofamilia.com\/en\/\"},{\"@type\":\"ListItem\",\"position\":2,\"name\":\"Condiciones de uso\"}]},{\"@type\":\"WebSite\",\"@id\":\"https:\/\/blog.universofamilia.com\/en\/#website\",\"url\":\"https:\/\/blog.universofamilia.com\/en\/\",\"name\":\"Blog Universo Fam\u00edlia\",\"description\":\"\",\"potentialAction\":[{\"@type\":\"SearchAction\",\"target\":{\"@type\":\"EntryPoint\",\"urlTemplate\":\"https:\/\/blog.universofamilia.com\/en\/?s={search_term_string}\"},\"query-input\":\"required name=search_term_string\"}],\"inLanguage\":\"cs\"}]}<\/script>\n<!-- \/ Yoast SEO plugin. -->","yoast_head_json":{"title":"Condiciones de uso - Blog Universo Fam\u00edlia","robots":{"index":"index","follow":"follow","max-snippet":"max-snippet:-1","max-image-preview":"max-image-preview:large","max-video-preview":"max-video-preview:-1"},"canonical":"https:\/\/blog.universofamilia.com\/cs\/condiciones-de-uso\/","og_locale":"cs_CZ","og_type":"article","og_title":"Condiciones de uso - Blog Universo Fam\u00edlia","og_description":"1. Condiciones Al acceder al sitio web\u00a0de Blog Universo Familia\u00a0, usted acepta cumplir con estos t\u00e9rminos de servicio, todas las leyes y regulaciones aplicables, y se responsabiliza del cumplimiento de todas las leyes locales aplicables. Si no acepta alguno de estos t\u00e9rminos, se le proh\u00edbe usar o acceder a este sitio. Los materiales contenidos en [&hellip;]","og_url":"https:\/\/blog.universofamilia.com\/cs\/condiciones-de-uso\/","og_site_name":"Blog Universo Fam\u00edlia","article_modified_time":"2025-10-27T18:58:03+00:00","twitter_card":"summary_large_image","twitter_misc":{"Est. reading time":"4 minuty"},"schema":{"@context":"https:\/\/schema.org","@graph":[{"@type":"WebPage","@id":"http:\/\/blog.universofamilia.com\/condiciones-de-uso\/","url":"http:\/\/blog.universofamilia.com\/condiciones-de-uso\/","name":"Condiciones de uso - Blog Universo Fam\u00edlia","isPartOf":{"@id":"https:\/\/blog.universofamilia.com\/en\/#website"},"datePublished":"2024-12-24T18:44:05+00:00","dateModified":"2025-10-27T18:58:03+00:00","breadcrumb":{"@id":"http:\/\/blog.universofamilia.com\/condiciones-de-uso\/#breadcrumb"},"inLanguage":"cs","potentialAction":[{"@type":"ReadAction","target":["http:\/\/blog.universofamilia.com\/condiciones-de-uso\/"]}]},{"@type":"BreadcrumbList","@id":"http:\/\/blog.universofamilia.com\/condiciones-de-uso\/#breadcrumb","itemListElement":[{"@type":"ListItem","position":1,"name":"Home","item":"https:\/\/blog.universofamilia.com\/en\/"},{"@type":"ListItem","position":2,"name":"Condiciones de uso"}]},{"@type":"WebSite","@id":"https:\/\/blog.universofamilia.com\/en\/#website","url":"https:\/\/blog.universofamilia.com\/en\/","name":"Blog Universo Fam\u00edlia","description":"","potentialAction":[{"@type":"SearchAction","target":{"@type":"EntryPoint","urlTemplate":"https:\/\/blog.universofamilia.com\/en\/?s={search_term_string}"},"query-input":"required name=search_term_string"}],"inLanguage":"cs"}]}},"_links":{"self":[{"href":"https:\/\/blog.universofamilia.com\/cs\/wp-json\/wp\/v2\/pages\/38"}],"collection":[{"href":"https:\/\/blog.universofamilia.com\/cs\/wp-json\/wp\/v2\/pages"}],"about":[{"href":"https:\/\/blog.universofamilia.com\/cs\/wp-json\/wp\/v2\/types\/page"}],"author":[{"embeddable":true,"href":"https:\/\/blog.universofamilia.com\/cs\/wp-json\/wp\/v2\/users\/139"}],"replies":[{"embeddable":true,"href":"https:\/\/blog.universofamilia.com\/cs\/wp-json\/wp\/v2\/comments?post=38"}],"version-history":[{"count":2,"href":"https:\/\/blog.universofamilia.com\/cs\/wp-json\/wp\/v2\/pages\/38\/revisions"}],"predecessor-version":[{"id":1321,"href":"https:\/\/blog.universofamilia.com\/cs\/wp-json\/wp\/v2\/pages\/38\/revisions\/1321"}],"wp:attachment":[{"href":"https:\/\/blog.universofamilia.com\/cs\/wp-json\/wp\/v2\/media?parent=38"}],"curies":[{"name":"wp","href":"https:\/\/api.w.org\/{rel}","templated":true}]}}