{"id":36,"date":"2024-12-24T18:43:12","date_gmt":"2024-12-24T18:43:12","guid":{"rendered":"https:\/\/blog.universofamilia.com\/?page_id=36"},"modified":"2025-10-27T18:44:48","modified_gmt":"2025-10-27T18:44:48","slug":"politica-de-privacidad","status":"publish","type":"page","link":"https:\/\/blog.universofamilia.com\/cs\/politica-de-privacidad\/","title":{"rendered":"Z\u00e1sady ochrany osobn\u00edch \u00fadaj\u016f"},"content":{"rendered":"<p>Va\u0161e soukrom\u00ed je pro n\u00e1s d\u016fle\u017eit\u00e9. Z\u00e1sadami blogu Universo Fam\u00edlia je respektovat va\u0161e soukrom\u00ed, pokud jde o ve\u0161ker\u00e9 informace, kter\u00e9 od v\u00e1s shroma\u017e\u010fujeme na webov\u00fdch str\u00e1nk\u00e1ch.&nbsp;<a href=\"https:\/\/blog.universofamilia.com\/cs\/\">z blogu Universo Fam\u00edlia<\/a>&nbsp;a na dal\u0161\u00edch webov\u00fdch str\u00e1nk\u00e1ch, kter\u00e9 vlastn\u00edme a provozujeme.<\/p>\n\n\n\n<p>Osobn\u00ed \u00fadaje po\u017eadujeme pouze tehdy, kdy\u017e je skute\u010dn\u011b pot\u0159ebujeme k poskytnut\u00ed slu\u017eby. Shroma\u017e\u010fujeme je spravedliv\u00fdmi a z\u00e1konn\u00fdmi prost\u0159edky s va\u0161\u00edm v\u011bdom\u00edm a souhlasem. Tak\u00e9 v\u00e1s informujeme, pro\u010d je shroma\u017e\u010fujeme a jak je budeme pou\u017e\u00edvat.<\/p>\n\n\n\n<p>Shrom\u00e1\u017ed\u011bn\u00e9 informace uchov\u00e1v\u00e1me pouze po dobu nezbytn\u011b nutnou k poskytnut\u00ed po\u017eadovan\u00e9 slu\u017eby. Uchov\u00e1van\u00e1 data chr\u00e1n\u00edme komer\u010dn\u011b p\u0159ijateln\u00fdmi prost\u0159edky, abychom zabr\u00e1nili jejich ztr\u00e1t\u011b a kr\u00e1de\u017ei, jako\u017e i neopr\u00e1vn\u011bn\u00e9mu p\u0159\u00edstupu, zve\u0159ejn\u011bn\u00ed, kop\u00edrov\u00e1n\u00ed, pou\u017eit\u00ed nebo \u00faprav\u011b.<\/p>\n\n\n\n<p>Osobn\u00ed \u00fadaje nesd\u00edl\u00edme ve\u0159ejn\u011b ani s t\u0159et\u00edmi stranami, s v\u00fdjimkou p\u0159\u00edpad\u016f, kdy to vy\u017eaduje z\u00e1kon.<\/p>\n\n\n\n<p>Na\u0161e webov\u00e9 str\u00e1nky mohou obsahovat odkazy na extern\u00ed str\u00e1nky, kter\u00e9 neprovozujeme. Upozor\u0148ujeme, \u017ee nem\u00e1me \u017e\u00e1dnou kontrolu nad obsahem ani postupy t\u011bchto str\u00e1nek a neneseme odpov\u011bdnost za jejich p\u0159\u00edslu\u0161n\u00e9 postupy.&nbsp;&nbsp;<a href=\"https:\/\/politicaprivacidade.com\/\" rel=\"noreferrer noopener\" target=\"_blank\">z\u00e1sady ochrany osobn\u00edch \u00fadaj\u016f<\/a>&nbsp;.<\/p>\n\n\n\n<p>\u017d\u00e1dost o va\u0161e osobn\u00ed \u00fadaje m\u016f\u017eete odm\u00edtnout s t\u00edm, \u017ee v\u00e1m nemus\u00edme b\u00fdt schopni poskytnout n\u011bkter\u00e9 z po\u017eadovan\u00fdch slu\u017eeb.<\/p>\n\n\n\n<p>Va\u0161e dal\u0161\u00ed pou\u017e\u00edv\u00e1n\u00ed na\u0161ich webov\u00fdch str\u00e1nek bude pova\u017eov\u00e1no za souhlas s na\u0161imi postupy ochrany osobn\u00edch \u00fadaj\u016f a ochrany osobn\u00edch \u00fadaj\u016f. M\u00e1te-li jak\u00e9koli dotazy ohledn\u011b toho, jak nakl\u00e1d\u00e1me s u\u017eivatelsk\u00fdmi \u00fadaji a osobn\u00edmi \u00fadaji, kontaktujte n\u00e1s.<\/p>\n\n\n\n<ul>\n<li>Slu\u017eba Google AdSense, kterou pou\u017e\u00edv\u00e1me k zobrazov\u00e1n\u00ed reklamy, pou\u017e\u00edv\u00e1 soubor cookie. <a href=\"https:\/\/myadcenter.google.com\/home?sasb=true&amp;ref=ad-settings\">DoubleClick<\/a> zobrazovat relevantn\u011bj\u0161\u00ed reklamy na webu a omezit po\u010det zobrazen\u00ed konkr\u00e9tn\u00ed reklamy.<\/li>\n\n\n\n<li>V\u00edce informac\u00ed o Google AdSense naleznete v ofici\u00e1ln\u00edch \u010casto kladen\u00fdch ot\u00e1zk\u00e1ch. <a href=\"https:\/\/policies.google.com\/technologies\/partner-sites\">Ochrana osobn\u00edch \u00fadaj\u016f v Google AdSense<\/a>.<\/li>\n\n\n\n<li>Reklamu pou\u017e\u00edv\u00e1me k pokryt\u00ed provozn\u00edch n\u00e1klad\u016f t\u011bchto webov\u00fdch str\u00e1nek a k financov\u00e1n\u00ed jejich budouc\u00edho rozvoje. Soubory cookie pro behavior\u00e1ln\u00ed reklamu pou\u017e\u00edvan\u00e9 t\u011bmito webov\u00fdmi str\u00e1nkami jsou navr\u017eeny tak, abychom v\u00e1m zajistili co nejrelevantn\u011bj\u0161\u00ed reklamu anonymn\u00edm sledov\u00e1n\u00edm va\u0161ich z\u00e1jm\u016f a prezentac\u00ed podobn\u00e9ho obsahu, kter\u00fd by v\u00e1s mohl zaj\u00edmat.<\/li>\n\n\n\n<li>N\u011bkolik partner\u016f inzeruje na\u0161\u00edm jm\u00e9nem a soubory cookie pro sledov\u00e1n\u00ed affiliate partner\u016f n\u00e1m jednodu\u0161e umo\u017e\u0148uj\u00ed zjistit, zda na\u0161i z\u00e1kazn\u00edci p\u0159i\u0161li na web prost\u0159ednictv\u00edm web\u016f jednoho z na\u0161ich partner\u016f, abychom jim mohli \u0159\u00e1dn\u011b p\u0159ipsat kredit a v p\u0159\u00edpad\u011b pot\u0159eby umo\u017enit na\u0161im affiliate partner\u016fm poskytovat jak\u00e9koli pob\u00eddky, kter\u00e9 mohou nab\u00eddnout za proveden\u00ed n\u00e1kupu.<\/li>\n<\/ul>\n\n\n\n<h3 class=\"wp-block-heading\">Zapojen\u00ed u\u017eivatel\u016f<\/h3>\n\n\n\n<p>U\u017eivatel souhlas\u00ed s t\u00edm, \u017ee bude vhodn\u00fdm zp\u016fsobem pou\u017e\u00edvat obsah a informace, kter\u00e9 blog Universo Fam\u00edlia nab\u00edz\u00ed na webov\u00fdch str\u00e1nk\u00e1ch, a to nap\u0159\u00edklad, ale nikoli v\u00fdhradn\u011b:<\/p>\n\n\n\n<ul>\n<li>A) Nezapojovat se do nez\u00e1konn\u00fdch \u010dinnost\u00ed nebo \u010dinnost\u00ed, kter\u00e9 jsou v rozporu s dobrou v\u00edrou a ve\u0159ejn\u00fdm po\u0159\u00e1dkem;<\/li>\n\n\n\n<li>B) Ne\u0161\u00ed\u0159it propagandu ani obsah rasistick\u00e9ho, xenofobn\u00edho, hazardn\u00edho, neleg\u00e1ln\u00edho pornografick\u00e9ho obsahu, omluvy za terorismus nebo \u00fatoku na lidsk\u00e1 pr\u00e1va;<\/li>\n\n\n\n<li>C) Nepo\u0161kozujte fyzick\u00e9 (hardwarov\u00e9) a logick\u00e9 (softwarov\u00e9) syst\u00e9my blogu Universo Fam\u00edlia, jeho dodavatel\u016f ani t\u0159et\u00edch stran, nezav\u00e1d\u011bjte ani ne\u0161\u00ed\u0159te po\u010d\u00edta\u010dov\u00e9 viry ani \u017e\u00e1dn\u00e9 jin\u00e9 fyzick\u00e9 \u010di logick\u00e9 syst\u00e9my, kter\u00e9 by mohly zp\u016fsobit v\u00fd\u0161e uveden\u00e9 \u0161kody.<\/li>\n<\/ul>\n\n\n\n<h3 class=\"wp-block-heading\">V\u00edce informac\u00ed<\/h3>\n\n\n\n<p>Douf\u00e1me, \u017ee v\u00e1m to pomohlo objasnit situaci, a jak ji\u017e bylo zm\u00edn\u011bno, pokud si nejste jisti, zda n\u011bco pot\u0159ebujete, je obecn\u011b bezpe\u010dn\u011bj\u0161\u00ed ponechat soubory cookie povolen\u00e9 pro p\u0159\u00edpad, \u017ee byste na na\u0161ich str\u00e1nk\u00e1ch pou\u017e\u00edvali n\u011bkterou z funkc\u00ed, kter\u00e9 pou\u017e\u00edv\u00e1te.<\/p>\n\n\n\n<p>Tato politika nab\u00fdv\u00e1 \u00fa\u010dinnosti dne 27. \u0159\u00edjna 2025 v 18:14.<\/p>","protected":false},"excerpt":{"rendered":"<p>Su privacidad es importante para nosotros. La pol\u00edtica de Blog Universo Fam\u00edlia es respetar su privacidad con respecto a cualquier informaci\u00f3n que recopilemos de usted en el sitio web&nbsp;de Blog Universo Fam\u00edlia&nbsp;y en otros sitios web que poseemos y operamos. Solo solicitamos informaci\u00f3n personal cuando realmente la necesitamos para prestarle un servicio. La recopilamos por [&hellip;]<\/p>","protected":false},"author":219,"featured_media":0,"parent":0,"menu_order":0,"comment_status":"closed","ping_status":"closed","template":"page-nosidebar.php","meta":{"footnotes":""},"yoast_head":"<!-- This site is optimized with the Yoast SEO plugin v23.3 - https:\/\/yoast.com\/wordpress\/plugins\/seo\/ -->\n<title>Pol\u00edtica de Privacidad - Blog Universo Fam\u00edlia<\/title>\n<meta name=\"description\" content=\"Pol\u00edtica de privacidad. Su privacidad es importante para nosotros. Es pol\u00edtica de Blog Universo Fam\u00edlia respetar su privacidad en relaci\u00f3n...\" \/>\n<meta name=\"robots\" content=\"index, follow, max-snippet:-1, max-image-preview:large, max-video-preview:-1\" \/>\n<link rel=\"canonical\" href=\"http:\/\/blog.universofamilia.com\/cs\/politica-de-privacidad\/\" \/>\n<meta property=\"og:locale\" content=\"cs_CZ\" \/>\n<meta property=\"og:type\" content=\"article\" \/>\n<meta property=\"og:title\" content=\"Pol\u00edtica de Privacidad - Blog Universo Fam\u00edlia\" \/>\n<meta property=\"og:description\" content=\"Pol\u00edtica de privacidad. Su privacidad es importante para nosotros. Es pol\u00edtica de Blog Universo Fam\u00edlia respetar su privacidad en relaci\u00f3n...\" \/>\n<meta property=\"og:url\" content=\"http:\/\/blog.universofamilia.com\/cs\/politica-de-privacidad\/\" \/>\n<meta property=\"og:site_name\" content=\"Blog Universo Fam\u00edlia\" \/>\n<meta property=\"article:modified_time\" content=\"2025-10-27T18:44:48+00:00\" \/>\n<meta name=\"twitter:card\" content=\"summary_large_image\" \/>\n<meta name=\"twitter:label1\" content=\"Est. reading time\" \/>\n\t<meta name=\"twitter:data1\" content=\"4 minuty\" \/>\n<script type=\"application\/ld+json\" class=\"yoast-schema-graph\">{\"@context\":\"https:\/\/schema.org\",\"@graph\":[{\"@type\":\"WebPage\",\"@id\":\"http:\/\/blog.universofamilia.com\/pt_pt\/politica-de-privacidad\/\",\"url\":\"http:\/\/blog.universofamilia.com\/pt_pt\/politica-de-privacidad\/\",\"name\":\"Pol\u00edtica de Privacidad - Blog Universo Fam\u00edlia\",\"isPartOf\":{\"@id\":\"https:\/\/blog.universofamilia.com\/#website\"},\"datePublished\":\"2024-12-24T18:43:12+00:00\",\"dateModified\":\"2025-10-27T18:44:48+00:00\",\"description\":\"Pol\u00edtica de privacidad. Su privacidad es importante para nosotros. Es pol\u00edtica de Blog Universo Fam\u00edlia respetar su privacidad en relaci\u00f3n...\",\"breadcrumb\":{\"@id\":\"http:\/\/blog.universofamilia.com\/pt_pt\/politica-de-privacidad\/#breadcrumb\"},\"inLanguage\":\"cs\",\"potentialAction\":[{\"@type\":\"ReadAction\",\"target\":[\"http:\/\/blog.universofamilia.com\/pt_pt\/politica-de-privacidad\/\"]}]},{\"@type\":\"BreadcrumbList\",\"@id\":\"http:\/\/blog.universofamilia.com\/pt_pt\/politica-de-privacidad\/#breadcrumb\",\"itemListElement\":[{\"@type\":\"ListItem\",\"position\":1,\"name\":\"Home\",\"item\":\"https:\/\/blog.universofamilia.com\/\"},{\"@type\":\"ListItem\",\"position\":2,\"name\":\"Pol\u00edtica de Privacidad\"}]},{\"@type\":\"WebSite\",\"@id\":\"https:\/\/blog.universofamilia.com\/#website\",\"url\":\"https:\/\/blog.universofamilia.com\/\",\"name\":\"Blog Universo Fam\u00edlia\",\"description\":\"\",\"potentialAction\":[{\"@type\":\"SearchAction\",\"target\":{\"@type\":\"EntryPoint\",\"urlTemplate\":\"https:\/\/blog.universofamilia.com\/?s={search_term_string}\"},\"query-input\":\"required name=search_term_string\"}],\"inLanguage\":\"cs\"}]}<\/script>\n<!-- \/ Yoast SEO plugin. -->","yoast_head_json":{"title":"Pol\u00edtica de Privacidad - Blog Universo Fam\u00edlia","description":"Pol\u00edtica de privacidad. Su privacidad es importante para nosotros. Es pol\u00edtica de Blog Universo Fam\u00edlia respetar su privacidad en relaci\u00f3n...","robots":{"index":"index","follow":"follow","max-snippet":"max-snippet:-1","max-image-preview":"max-image-preview:large","max-video-preview":"max-video-preview:-1"},"canonical":"http:\/\/blog.universofamilia.com\/cs\/politica-de-privacidad\/","og_locale":"cs_CZ","og_type":"article","og_title":"Pol\u00edtica de Privacidad - Blog Universo Fam\u00edlia","og_description":"Pol\u00edtica de privacidad. Su privacidad es importante para nosotros. Es pol\u00edtica de Blog Universo Fam\u00edlia respetar su privacidad en relaci\u00f3n...","og_url":"http:\/\/blog.universofamilia.com\/cs\/politica-de-privacidad\/","og_site_name":"Blog Universo Fam\u00edlia","article_modified_time":"2025-10-27T18:44:48+00:00","twitter_card":"summary_large_image","twitter_misc":{"Est. reading time":"4 minuty"},"schema":{"@context":"https:\/\/schema.org","@graph":[{"@type":"WebPage","@id":"http:\/\/blog.universofamilia.com\/pt_pt\/politica-de-privacidad\/","url":"http:\/\/blog.universofamilia.com\/pt_pt\/politica-de-privacidad\/","name":"Pol\u00edtica de Privacidad - Blog Universo Fam\u00edlia","isPartOf":{"@id":"https:\/\/blog.universofamilia.com\/#website"},"datePublished":"2024-12-24T18:43:12+00:00","dateModified":"2025-10-27T18:44:48+00:00","description":"Pol\u00edtica de privacidad. Su privacidad es importante para nosotros. Es pol\u00edtica de Blog Universo Fam\u00edlia respetar su privacidad en relaci\u00f3n...","breadcrumb":{"@id":"http:\/\/blog.universofamilia.com\/pt_pt\/politica-de-privacidad\/#breadcrumb"},"inLanguage":"cs","potentialAction":[{"@type":"ReadAction","target":["http:\/\/blog.universofamilia.com\/pt_pt\/politica-de-privacidad\/"]}]},{"@type":"BreadcrumbList","@id":"http:\/\/blog.universofamilia.com\/pt_pt\/politica-de-privacidad\/#breadcrumb","itemListElement":[{"@type":"ListItem","position":1,"name":"Home","item":"https:\/\/blog.universofamilia.com\/"},{"@type":"ListItem","position":2,"name":"Pol\u00edtica de Privacidad"}]},{"@type":"WebSite","@id":"https:\/\/blog.universofamilia.com\/#website","url":"https:\/\/blog.universofamilia.com\/","name":"Blog Universo Fam\u00edlia","description":"","potentialAction":[{"@type":"SearchAction","target":{"@type":"EntryPoint","urlTemplate":"https:\/\/blog.universofamilia.com\/?s={search_term_string}"},"query-input":"required name=search_term_string"}],"inLanguage":"cs"}]}},"_links":{"self":[{"href":"https:\/\/blog.universofamilia.com\/cs\/wp-json\/wp\/v2\/pages\/36"}],"collection":[{"href":"https:\/\/blog.universofamilia.com\/cs\/wp-json\/wp\/v2\/pages"}],"about":[{"href":"https:\/\/blog.universofamilia.com\/cs\/wp-json\/wp\/v2\/types\/page"}],"author":[{"embeddable":true,"href":"https:\/\/blog.universofamilia.com\/cs\/wp-json\/wp\/v2\/users\/219"}],"replies":[{"embeddable":true,"href":"https:\/\/blog.universofamilia.com\/cs\/wp-json\/wp\/v2\/comments?post=36"}],"version-history":[{"count":4,"href":"https:\/\/blog.universofamilia.com\/cs\/wp-json\/wp\/v2\/pages\/36\/revisions"}],"predecessor-version":[{"id":1326,"href":"https:\/\/blog.universofamilia.com\/cs\/wp-json\/wp\/v2\/pages\/36\/revisions\/1326"}],"wp:attachment":[{"href":"https:\/\/blog.universofamilia.com\/cs\/wp-json\/wp\/v2\/media?parent=36"}],"curies":[{"name":"wp","href":"https:\/\/api.w.org\/{rel}","templated":true}]}}