{"id":34,"date":"2024-12-24T18:42:05","date_gmt":"2024-12-24T18:42:05","guid":{"rendered":"https:\/\/blog.universofamilia.com\/?page_id=34"},"modified":"2025-10-27T18:34:19","modified_gmt":"2025-10-27T18:34:19","slug":"quienes-somos","status":"publish","type":"page","link":"https:\/\/blog.universofamilia.com\/bn\/quienes-somos\/","title":{"rendered":"\u0986\u09ae\u09b0\u09be \u0995\u09be\u09b0\u09be"},"content":{"rendered":"<p>\u09b8\u09cd\u09ac\u09be\u0997\u09a4\u09ae <strong>\u09ab\u09cd\u09af\u09be\u09ae\u09bf\u09b2\u09bf \u0987\u0989\u09a8\u09bf\u09ad\u09be\u09b0\u09cd\u09b8 \u09ac\u09cd\u09b2\u0997<\/strong>, \u0986\u09aa\u09a8\u09be\u0995\u09c7 \u0985\u09a8\u09c1\u09aa\u09cd\u09b0\u09be\u09a3\u09bf\u09a4 \u0995\u09b0\u09be\u09b0 \u099c\u09a8\u09cd\u09af, \u0986\u09aa\u09a8\u09be\u0995\u09c7 \u09b8\u09ae\u09b0\u09cd\u09a5\u09a8 \u0995\u09b0\u09be\u09b0 \u099c\u09a8\u09cd\u09af \u098f\u09ac\u0982 \u0986\u09aa\u09a8\u09be\u09b0 \u09a6\u09c8\u09a8\u09a8\u09cd\u09a6\u09bf\u09a8 \u099c\u09c0\u09ac\u09a8\u0995\u09c7 \u09b8\u09ae\u09c3\u09a6\u09cd\u09a7 \u0995\u09b0\u09be\u09b0 \u099c\u09a8\u09cd\u09af \u09ae\u09be\u09a8\u09b8\u09ae\u09cd\u09aa\u09a8\u09cd\u09a8 \u09b8\u09be\u09ae\u0997\u09cd\u09b0\u09c0 \u09aa\u09cd\u09b0\u09a6\u09be\u09a8\u09c7\u09b0 \u099c\u09a8\u09cd\u09af \u09a4\u09c8\u09b0\u09bf \u098f\u0995\u099f\u09bf \u09b8\u09cd\u09a5\u09be\u09a8\u0964 \u0986\u09ae\u09be\u09a6\u09c7\u09b0 \u09ac\u09cd\u09b2\u0997\u09c7\u09b0 \u099c\u09a8\u09cd\u09ae \u09b9\u09af\u09bc\u09c7\u099b\u09bf\u09b2 \u09ac\u09bf\u09b6\u09cd\u09ac\u0995\u09c7 \u09a4\u09be\u09b0 \u09ac\u09bf\u09ad\u09bf\u09a8\u09cd\u09a8 \u09ae\u09be\u09a4\u09cd\u09b0\u09be\u09af\u09bc \u0985\u09a8\u09cd\u09ac\u09c7\u09b7\u09a3 \u0995\u09b0\u09be\u09b0 \u098f\u09ac\u0982 \u0986\u09aa\u09a8\u09be\u09b0 \u09aa\u09b0\u09bf\u09ac\u09be\u09b0\u09c7\u09b0 \u09b8\u09be\u09a5\u09c7 \u09b8\u0982\u09af\u09c1\u0995\u09cd\u09a4 \u0985\u09a8\u09a8\u09cd\u09af \u0985\u09ad\u09bf\u099c\u09cd\u099e\u09a4\u09be \u09ad\u09be\u0997 \u0995\u09b0\u09c7 \u09a8\u09c7\u0993\u09af\u09bc\u09be\u09b0 \u0986\u09ac\u09c7\u0997 \u09a8\u09bf\u09af\u09bc\u09c7\u0964<\/p>\n\n\n\n<h3 class=\"wp-block-heading\">\u09ab\u09cd\u09af\u09be\u09ae\u09bf\u09b2\u09bf \u0987\u0989\u09a8\u09bf\u09ad\u09be\u09b0\u09cd\u09b8 \u09ac\u09cd\u09b2\u0997\u09c7 \u0986\u09aa\u09a8\u09bf \u0995\u09c0 \u09aa\u09be\u09ac\u09c7\u09a8?<\/h3>\n\n\n\n<h4 class=\"wp-block-heading\"><strong>\u0986\u09a8\u09cd\u09a4\u09b0\u09cd\u099c\u09be\u09a4\u09bf\u0995 \u0997\u09a8\u09cd\u09a4\u09ac\u09cd\u09af\u09b8\u09cd\u09a5\u09b2<\/strong><\/h4>\n\n\n\n<p>\u0986\u09ae\u09b0\u09be \u0986\u09aa\u09a8\u09be\u0995\u09c7 \u09aa\u09c3\u09a5\u09bf\u09ac\u09c0\u09b0 \u09b8\u09ac\u099a\u09c7\u09af\u09bc\u09c7 \u09b8\u09c1\u09a8\u09cd\u09a6\u09b0 \u0995\u09cb\u09a3\u09c7 \u09ad\u09cd\u09b0\u09ae\u09a3\u09c7 \u09a8\u09bf\u09af\u09bc\u09c7 \u09af\u09be\u09ac\u0964 \u09ae\u09a8\u09cb\u09b0\u09ae \u09b8\u09ae\u09c1\u09a6\u09cd\u09b0 \u09b8\u09c8\u0995\u09a4 \u09a5\u09c7\u0995\u09c7 \u09b6\u09c1\u09b0\u09c1 \u0995\u09b0\u09c7 \u0987\u09a4\u09bf\u09b9\u09be\u09b8 \u0993 \u09b8\u0982\u09b8\u09cd\u0995\u09c3\u09a4\u09bf\u09a4\u09c7 \u09aa\u09b0\u09bf\u09aa\u09c2\u09b0\u09cd\u09a3 \u09b6\u09b9\u09b0, \u0986\u09aa\u09a8\u09bf \u098f\u0996\u09be\u09a8\u09c7 \u0986\u09aa\u09a8\u09be\u09b0 \u09aa\u09b0\u09ac\u09b0\u09cd\u09a4\u09c0 \u09aa\u09be\u09b0\u09bf\u09ac\u09be\u09b0\u09bf\u0995 \u0985\u09ad\u09bf\u09af\u09be\u09a8\u09c7\u09b0 \u099c\u09a8\u09cd\u09af \u09a7\u09be\u09b0\u09a3\u09be \u09aa\u09be\u09ac\u09c7\u09a8\u0964 \u0986\u09ae\u09be\u09a6\u09c7\u09b0 \u0997\u09be\u0987\u09a1 \u098f\u09ac\u0982 \u09b8\u09c1\u09aa\u09be\u09b0\u09bf\u09b6\u0997\u09c1\u09b2\u09bf\u09b0 \u09b8\u09be\u09a5\u09c7 \u09b8\u09cd\u09ac\u09aa\u09cd\u09a8 \u09a6\u09c7\u0996\u09be\u09b0, \u09aa\u09b0\u09bf\u0995\u09b2\u09cd\u09aa\u09a8\u09be \u0995\u09b0\u09be\u09b0 \u098f\u09ac\u0982 \u0985\u09a8\u09cd\u09ac\u09c7\u09b7\u09a3 \u0995\u09b0\u09be\u09b0 \u099c\u09a8\u09cd\u09af \u09aa\u09cd\u09b0\u09b8\u09cd\u09a4\u09c1\u09a4 \u09b9\u09a8\u0964<\/p>\n\n\n\n<h4 class=\"wp-block-heading\"><strong>\u0997\u09cd\u09af\u09be\u09b8\u09cd\u099f\u09cd\u09b0\u09cb\u09a8\u09ae\u09bf\u0995 \u0985\u09ad\u09bf\u099c\u09cd\u099e\u09a4\u09be<\/strong><\/h4>\n\n\n\n<p>\u09b8\u09cd\u09ac\u09be\u09a6\u0993 \u09ad\u09cd\u09b0\u09ae\u09a3\u09c7\u09b0 \u098f\u0995\u099f\u09bf \u09ae\u09be\u09a7\u09cd\u09af\u09ae\u0964 \u098f\u0987 \u09ac\u09bf\u09ad\u09be\u0997\u09c7, \u0986\u09ae\u09b0\u09be \u09b0\u09c7\u09b8\u09bf\u09aa\u09bf, \u09b0\u09c7\u09b8\u09cd\u09a4\u09cb\u09b0\u09be\u0981\u09b0 \u09aa\u09b0\u09cd\u09af\u09be\u09b2\u09cb\u099a\u09a8\u09be \u098f\u09ac\u0982 \u09ac\u09bf\u09ad\u09bf\u09a8\u09cd\u09a8 \u09b8\u0982\u09b8\u09cd\u0995\u09c3\u09a4\u09bf\u09b0 \u09b8\u09ac\u099a\u09c7\u09af\u09bc\u09c7 \u0986\u0987\u0995\u09a8\u09bf\u0995 \u0996\u09be\u09ac\u09be\u09b0\u0997\u09c1\u09b2\u09bf \u09ad\u09be\u0997 \u0995\u09b0\u09bf\u0964 \u0998\u09b0\u09cb\u09af\u09bc\u09be \u09b0\u09be\u09a8\u09cd\u09a8\u09be \u09a5\u09c7\u0995\u09c7 \u09b6\u09c1\u09b0\u09c1 \u0995\u09b0\u09c7 \u09b8\u09c1\u09b8\u09cd\u09ac\u09be\u09a6\u09c1 \u0985\u09ad\u09bf\u099c\u09cd\u099e\u09a4\u09be \u09aa\u09b0\u09cd\u09af\u09a8\u09cd\u09a4, \u0986\u09ae\u09b0\u09be \u0986\u09aa\u09a8\u09be\u09b0 \u09b0\u09c1\u099a\u09bf \u099c\u09be\u0997\u09cd\u09b0\u09a4 \u0995\u09b0\u09a4\u09c7 \u099a\u09be\u0987 \u098f\u09ac\u0982 \u09aa\u09cd\u09b0\u09a4\u09bf\u099f\u09bf \u0996\u09be\u09ac\u09be\u09b0 \u0989\u09aa\u09ad\u09cb\u0997 \u0995\u09b0\u09a4\u09c7 \u0986\u09aa\u09a8\u09be\u0995\u09c7 \u09b8\u09be\u09b9\u09be\u09af\u09cd\u09af \u0995\u09b0\u09a4\u09c7 \u099a\u09be\u0987\u0964<\/p>\n\n\n\n<h4 class=\"wp-block-heading\"><strong>\u09aa\u09cd\u09b0\u09af\u09c1\u0995\u09cd\u09a4\u09bf<\/strong><\/h4>\n\n\n\n<p>\u0986\u09ae\u09b0\u09be \u099c\u09be\u09a8\u09bf \u09af\u09c7 \u09aa\u09cd\u09b0\u09af\u09c1\u0995\u09cd\u09a4\u09bf \u0986\u09a7\u09c1\u09a8\u09bf\u0995 \u099c\u09c0\u09ac\u09a8\u09c7\u09b0 \u098f\u0995\u099f\u09bf \u0985\u09aa\u09b0\u09bf\u09b9\u09be\u09b0\u09cd\u09af \u0985\u0982\u09b6\u0964 \u09b8\u09c7\u0987\u099c\u09a8\u09cd\u09af\u0987, \u098f\u0987 \u09ac\u09bf\u09ad\u09be\u0997\u09c7, \u0986\u09ae\u09b0\u09be \u0986\u09aa\u09a8\u09be\u0995\u09c7 \u0986\u09aa\u09a1\u09c7\u099f \u09b0\u09be\u0996\u09be\u09b0 \u099c\u09a8\u09cd\u09af \u099f\u09bf\u09aa\u09b8, \u09a1\u09bf\u09ad\u09be\u0987\u09b8\u09c7\u09b0 \u09b8\u09c1\u09aa\u09be\u09b0\u09bf\u09b6 \u098f\u09ac\u0982 \u099f\u09cd\u09b0\u09c7\u09a8\u09cd\u09a1\u0997\u09c1\u09b2\u09bf \u0985\u09ab\u09be\u09b0 \u0995\u09b0\u099b\u09bf\u0964 \u0986\u09ae\u09b0\u09be \u0986\u09aa\u09a8\u09be\u09b0 \u098f\u09ac\u0982 \u0986\u09aa\u09a8\u09be\u09b0 \u09aa\u09b0\u09bf\u09ac\u09be\u09b0\u09c7\u09b0 \u099c\u09c0\u09ac\u09a8\u09af\u09be\u09a4\u09cd\u09b0\u09be\u09b0 \u09ae\u09be\u09a8 \u0989\u09a8\u09cd\u09a8\u09a4 \u0995\u09b0\u09a4\u09c7 \u09aa\u09cd\u09b0\u09af\u09c1\u0995\u09cd\u09a4\u09bf \u09ac\u09cd\u09af\u09ac\u09b9\u09be\u09b0\u09c7 \u0986\u09aa\u09a8\u09be\u0995\u09c7 \u09b8\u09be\u09b9\u09be\u09af\u09cd\u09af \u0995\u09b0\u09a4\u09c7 \u099a\u09be\u0987\u0964<\/p>\n\n\n\n<p>\u09ad\u09bf\u09a4\u09b0\u09c7 <strong>\u09ab\u09cd\u09af\u09be\u09ae\u09bf\u09b2\u09bf \u0987\u0989\u09a8\u09bf\u09ad\u09be\u09b0\u09cd\u09b8 \u09ac\u09cd\u09b2\u0997<\/strong>\u0986\u09ae\u09be\u09a6\u09c7\u09b0 \u09b2\u0995\u09cd\u09b7\u09cd\u09af \u09b9\u09b2 \u0997\u09b2\u09cd\u09aa, \u09aa\u09b0\u09be\u09ae\u09b0\u09cd\u09b6 \u098f\u09ac\u0982 \u09a4\u09a5\u09cd\u09af\u09c7\u09b0 \u09ae\u09be\u09a7\u09cd\u09af\u09ae\u09c7 \u0986\u09aa\u09a8\u09be\u09b0 \u09b8\u09be\u09a5\u09c7 \u09b8\u0982\u09af\u09cb\u0997 \u09b8\u09cd\u09a5\u09be\u09aa\u09a8 \u0995\u09b0\u09be \u09af\u09be \u0986\u09aa\u09a8\u09be\u09b0 \u098f\u09ac\u0982 \u0986\u09aa\u09a8\u09be\u09b0 \u09aa\u09b0\u09bf\u09ac\u09be\u09b0\u09c7\u09b0 \u099c\u0997\u09ce\u0995\u09c7 \u09b8\u09ae\u09c3\u09a6\u09cd\u09a7 \u0995\u09b0\u09c7\u0964 \u098f\u0987 \u09b8\u09ae\u09cd\u09aa\u09cd\u09b0\u09a6\u09be\u09af\u09bc\u09c7\u09b0 \u0985\u0982\u09b6 \u09b9\u0993\u09af\u09bc\u09be\u09b0 \u099c\u09a8\u09cd\u09af \u0986\u09aa\u09a8\u09be\u0995\u09c7 \u09a7\u09a8\u09cd\u09af\u09ac\u09be\u09a6! \u0986\u09ae\u09b0\u09be \u0986\u09aa\u09a8\u09be\u0995\u09c7 \u098f\u0987 \u09a6\u09c1\u09b0\u09cd\u09a6\u09be\u09a8\u09cd\u09a4 \u0985\u09ad\u09bf\u09af\u09be\u09a8\u099f\u09bf \u0985\u09a8\u09cd\u09ac\u09c7\u09b7\u09a3, \u0989\u09aa\u09ad\u09cb\u0997 \u098f\u09ac\u0982 \u0986\u09ae\u09be\u09a6\u09c7\u09b0 \u09b8\u09be\u09a5\u09c7 \u09ad\u09be\u0997 \u0995\u09b0\u09c7 \u09a8\u09c7\u0993\u09af\u09bc\u09be\u09b0 \u099c\u09a8\u09cd\u09af \u0986\u09ae\u09a8\u09cd\u09a4\u09cd\u09b0\u09a3 \u099c\u09be\u09a8\u09be\u099a\u09cd\u099b\u09bf\u0964<\/p>","protected":false},"excerpt":{"rendered":"<p>Bienvenidos a Blog Universo Familia, un espacio creado para inspirarte, acompa\u00f1arte y ofrecerte contenido de calidad para enriquecer tu d\u00eda a d\u00eda. Nuestro blog nace con la pasi\u00f3n de explorar el mundo en sus diferentes dimensiones y compartir contigo experiencias \u00fanicas que conecten con tu familia. \u00bfQu\u00e9 encontrar\u00e1s en Blog Universo Familia? Destinos Internacionales Te [&hellip;]<\/p>","protected":false},"author":218,"featured_media":0,"parent":0,"menu_order":0,"comment_status":"closed","ping_status":"closed","template":"page-nosidebar.php","meta":{"footnotes":""},"yoast_head":"<!-- This site is optimized with the Yoast SEO plugin v23.3 - https:\/\/yoast.com\/wordpress\/plugins\/seo\/ -->\n<title>Qui\u00e9nes somos - Blog Universo Fam\u00edlia<\/title>\n<meta name=\"robots\" content=\"index, follow, max-snippet:-1, max-image-preview:large, max-video-preview:-1\" \/>\n<link rel=\"canonical\" href=\"http:\/\/blog.universofamilia.com\/bn\/quienes-somos\/\" \/>\n<meta property=\"og:locale\" content=\"en_US\" \/>\n<meta property=\"og:type\" content=\"article\" \/>\n<meta property=\"og:title\" content=\"Qui\u00e9nes somos - Blog Universo Fam\u00edlia\" \/>\n<meta property=\"og:description\" content=\"Bienvenidos a Blog Universo Familia, un espacio creado para inspirarte, acompa\u00f1arte y ofrecerte contenido de calidad para enriquecer tu d\u00eda a d\u00eda. Nuestro blog nace con la pasi\u00f3n de explorar el mundo en sus diferentes dimensiones y compartir contigo experiencias \u00fanicas que conecten con tu familia. \u00bfQu\u00e9 encontrar\u00e1s en Blog Universo Familia? Destinos Internacionales Te [&hellip;]\" \/>\n<meta property=\"og:url\" content=\"http:\/\/blog.universofamilia.com\/bn\/quienes-somos\/\" \/>\n<meta property=\"og:site_name\" content=\"Blog Universo Fam\u00edlia\" \/>\n<meta property=\"article:modified_time\" content=\"2025-10-27T18:34:19+00:00\" \/>\n<meta name=\"twitter:card\" content=\"summary_large_image\" \/>\n<meta name=\"twitter:label1\" content=\"Est. reading time\" \/>\n\t<meta name=\"twitter:data1\" content=\"2 \u09ae\u09bf\u09a8\u09bf\u099f\" \/>\n<script type=\"application\/ld+json\" class=\"yoast-schema-graph\">{\"@context\":\"https:\/\/schema.org\",\"@graph\":[{\"@type\":\"WebPage\",\"@id\":\"http:\/\/blog.universofamilia.com\/pl\/quienes-somos\/\",\"url\":\"http:\/\/blog.universofamilia.com\/pl\/quienes-somos\/\",\"name\":\"Qui\u00e9nes somos - Blog Universo Fam\u00edlia\",\"isPartOf\":{\"@id\":\"https:\/\/blog.universofamilia.com\/#website\"},\"datePublished\":\"2024-12-24T18:42:05+00:00\",\"dateModified\":\"2025-10-27T18:34:19+00:00\",\"breadcrumb\":{\"@id\":\"http:\/\/blog.universofamilia.com\/pl\/quienes-somos\/#breadcrumb\"},\"inLanguage\":\"bn-BD\",\"potentialAction\":[{\"@type\":\"ReadAction\",\"target\":[\"http:\/\/blog.universofamilia.com\/pl\/quienes-somos\/\"]}]},{\"@type\":\"BreadcrumbList\",\"@id\":\"http:\/\/blog.universofamilia.com\/pl\/quienes-somos\/#breadcrumb\",\"itemListElement\":[{\"@type\":\"ListItem\",\"position\":1,\"name\":\"Home\",\"item\":\"https:\/\/blog.universofamilia.com\/\"},{\"@type\":\"ListItem\",\"position\":2,\"name\":\"Qui\u00e9nes somos\"}]},{\"@type\":\"WebSite\",\"@id\":\"https:\/\/blog.universofamilia.com\/#website\",\"url\":\"https:\/\/blog.universofamilia.com\/\",\"name\":\"Blog Universo Fam\u00edlia\",\"description\":\"\",\"potentialAction\":[{\"@type\":\"SearchAction\",\"target\":{\"@type\":\"EntryPoint\",\"urlTemplate\":\"https:\/\/blog.universofamilia.com\/?s={search_term_string}\"},\"query-input\":\"required name=search_term_string\"}],\"inLanguage\":\"bn-BD\"}]}<\/script>\n<!-- \/ Yoast SEO plugin. -->","yoast_head_json":{"title":"Qui\u00e9nes somos - Blog Universo Fam\u00edlia","robots":{"index":"index","follow":"follow","max-snippet":"max-snippet:-1","max-image-preview":"max-image-preview:large","max-video-preview":"max-video-preview:-1"},"canonical":"http:\/\/blog.universofamilia.com\/bn\/quienes-somos\/","og_locale":"en_US","og_type":"article","og_title":"Qui\u00e9nes somos - Blog Universo Fam\u00edlia","og_description":"Bienvenidos a Blog Universo Familia, un espacio creado para inspirarte, acompa\u00f1arte y ofrecerte contenido de calidad para enriquecer tu d\u00eda a d\u00eda. Nuestro blog nace con la pasi\u00f3n de explorar el mundo en sus diferentes dimensiones y compartir contigo experiencias \u00fanicas que conecten con tu familia. \u00bfQu\u00e9 encontrar\u00e1s en Blog Universo Familia? Destinos Internacionales Te [&hellip;]","og_url":"http:\/\/blog.universofamilia.com\/bn\/quienes-somos\/","og_site_name":"Blog Universo Fam\u00edlia","article_modified_time":"2025-10-27T18:34:19+00:00","twitter_card":"summary_large_image","twitter_misc":{"Est. reading time":"2 \u09ae\u09bf\u09a8\u09bf\u099f"},"schema":{"@context":"https:\/\/schema.org","@graph":[{"@type":"WebPage","@id":"http:\/\/blog.universofamilia.com\/pl\/quienes-somos\/","url":"http:\/\/blog.universofamilia.com\/pl\/quienes-somos\/","name":"Qui\u00e9nes somos - Blog Universo Fam\u00edlia","isPartOf":{"@id":"https:\/\/blog.universofamilia.com\/#website"},"datePublished":"2024-12-24T18:42:05+00:00","dateModified":"2025-10-27T18:34:19+00:00","breadcrumb":{"@id":"http:\/\/blog.universofamilia.com\/pl\/quienes-somos\/#breadcrumb"},"inLanguage":"bn-BD","potentialAction":[{"@type":"ReadAction","target":["http:\/\/blog.universofamilia.com\/pl\/quienes-somos\/"]}]},{"@type":"BreadcrumbList","@id":"http:\/\/blog.universofamilia.com\/pl\/quienes-somos\/#breadcrumb","itemListElement":[{"@type":"ListItem","position":1,"name":"Home","item":"https:\/\/blog.universofamilia.com\/"},{"@type":"ListItem","position":2,"name":"Qui\u00e9nes somos"}]},{"@type":"WebSite","@id":"https:\/\/blog.universofamilia.com\/#website","url":"https:\/\/blog.universofamilia.com\/","name":"Blog Universo Fam\u00edlia","description":"","potentialAction":[{"@type":"SearchAction","target":{"@type":"EntryPoint","urlTemplate":"https:\/\/blog.universofamilia.com\/?s={search_term_string}"},"query-input":"required name=search_term_string"}],"inLanguage":"bn-BD"}]}},"_links":{"self":[{"href":"https:\/\/blog.universofamilia.com\/bn\/wp-json\/wp\/v2\/pages\/34"}],"collection":[{"href":"https:\/\/blog.universofamilia.com\/bn\/wp-json\/wp\/v2\/pages"}],"about":[{"href":"https:\/\/blog.universofamilia.com\/bn\/wp-json\/wp\/v2\/types\/page"}],"author":[{"embeddable":true,"href":"https:\/\/blog.universofamilia.com\/bn\/wp-json\/wp\/v2\/users\/218"}],"replies":[{"embeddable":true,"href":"https:\/\/blog.universofamilia.com\/bn\/wp-json\/wp\/v2\/comments?post=34"}],"version-history":[{"count":1,"href":"https:\/\/blog.universofamilia.com\/bn\/wp-json\/wp\/v2\/pages\/34\/revisions"}],"predecessor-version":[{"id":1324,"href":"https:\/\/blog.universofamilia.com\/bn\/wp-json\/wp\/v2\/pages\/34\/revisions\/1324"}],"wp:attachment":[{"href":"https:\/\/blog.universofamilia.com\/bn\/wp-json\/wp\/v2\/media?parent=34"}],"curies":[{"name":"wp","href":"https:\/\/api.w.org\/{rel}","templated":true}]}}