{"id":38,"date":"2024-12-24T18:44:05","date_gmt":"2024-12-24T18:44:05","guid":{"rendered":"https:\/\/blog.universofamilia.com\/?page_id=38"},"modified":"2025-10-27T18:58:03","modified_gmt":"2025-10-27T18:58:03","slug":"condiciones-de-uso","status":"publish","type":"page","link":"https:\/\/blog.universofamilia.com\/bg\/condiciones-de-uso\/","title":{"rendered":"\u0423\u0441\u043b\u043e\u0432\u0438\u044f \u0437\u0430 \u043f\u043e\u043b\u0437\u0432\u0430\u043d\u0435"},"content":{"rendered":"<h2 class=\"wp-block-heading\">1. Condiciones<\/h2>\n\n\n\n<p>\u0427\u0440\u0435\u0437 \u0434\u043e\u0441\u0442\u044a\u043f \u0434\u043e \u0443\u0435\u0431\u0441\u0430\u0439\u0442\u0430\u00a0<a href=\"https:\/\/blog.universofamilia.com\/bg\/\">de Blog Universo Familia<\/a>\u00a0, usted acepta cumplir con estos t\u00e9rminos de servicio, todas las leyes y regulaciones aplicables, y se responsabiliza del cumplimiento de todas las leyes locales aplicables. Si no acepta alguno de estos t\u00e9rminos, se le proh\u00edbe usar o acceder a este sitio. Los materiales contenidos en este sitio est\u00e1n protegidos por las leyes de derechos de autor y marcas registradas aplicables.<\/p>\n\n\n\n<h2 class=\"wp-block-heading\">2. Licencia de uso<\/h2>\n\n\n\n<p>Se concede permiso para descargar temporalmente una copia de los materiales (informaci\u00f3n o software) del sitio web Blog Universo Familia, \u00fanicamente para su visualizaci\u00f3n transitoria personal y no comercial. Esta licencia constituye una concesi\u00f3n de licencia, no una transferencia de titularidad, y bajo esta licencia, usted no podr\u00e1:&nbsp;<\/p>\n\n\n\n<ol>\n<li>\u043f\u0440\u043e\u043c\u0435\u043d\u044f\u0442\u0435 \u0438\u043b\u0438 \u043a\u043e\u043f\u0438\u0440\u0430\u0442\u0435 \u043c\u0430\u0442\u0435\u0440\u0438\u0430\u043b\u0438\u0442\u0435;&nbsp;<\/li>\n\n\n\n<li>utilizar los materiales para cualquier prop\u00f3sito comercial o para cualquier exhibici\u00f3n p\u00fablica (comercial o no comercial);&nbsp;<\/li>\n\n\n\n<li>intentar descompilar o realizar ingenier\u00eda inversa a cualquier software contenido en el sitio web Blog Universo Familia;&nbsp;<\/li>\n\n\n\n<li>eliminar cualquier derecho de autor u otras notaciones de propiedad de los materiales; o&nbsp;<\/li>\n\n\n\n<li>transferir los materiales a otra persona o &#8216;duplicar&#8217; los materiales en cualquier otro servidor.<\/li>\n<\/ol>\n\n\n\n<p>Esta licencia se rescindir\u00e1 autom\u00e1ticamente si usted infringe cualquiera de estas restricciones y Blog Universo Familia podr\u00e1 rescindirla en cualquier momento. Al finalizar la visualizaci\u00f3n de estos materiales o al rescindirse esta licencia, deber\u00e1 destruir todos los materiales descargados que tenga en su poder, ya sea en formato electr\u00f3nico o impreso.<\/p>\n\n\n\n<h2 class=\"wp-block-heading\">3. \u041e\u0442\u043a\u0430\u0437 \u043e\u0442 \u043e\u0442\u0433\u043e\u0432\u043e\u0440\u043d\u043e\u0441\u0442<\/h2>\n\n\n\n<ol>\n<li>Los materiales del sitio web Blog Universo Familia se proporcionan tal cual. Blog Universo Familia no ofrece garant\u00edas, expresas ni impl\u00edcitas, y por la presente renuncia y niega cualquier otra garant\u00eda, incluyendo, entre otras, las garant\u00edas o condiciones impl\u00edcitas de comerciabilidad, idoneidad para un fin espec\u00edfico o no infracci\u00f3n de la propiedad intelectual u otra violaci\u00f3n de derechos.<\/li>\n\n\n\n<li>Adem\u00e1s, Blog Universo Familia no garantiza ni hace ninguna representaci\u00f3n con respecto a la precisi\u00f3n, los resultados probables o la confiabilidad del uso de los materiales en su sitio web o de otro modo relacionados con dichos materiales o en sitios web vinculados a este sitio web.<\/li>\n<\/ol>\n\n\n\n<h2 class=\"wp-block-heading\">4. \u041e\u0433\u0440\u0430\u043d\u0438\u0447\u0435\u043d\u0438\u044f<\/h2>\n\n\n\n<p>Blog Universo Familia ni sus proveedores no ser\u00e1n responsables en ning\u00fan caso de ning\u00fan da\u00f1o (incluyendo, sin limitaci\u00f3n, da\u00f1os por p\u00e9rdida de datos o beneficios, o por interrupci\u00f3n del negocio) que surja del uso o la imposibilidad de usar los materiales de Blog Universo Familia, incluso si Blog Universo Familia o un representante autorizado de Blog Universo Familia ha sido notificado oralmente o por escrito de la posibilidad de dicho da\u00f1o. Dado que algunas jurisdicciones no permiten limitaciones a las garant\u00edas impl\u00edcitas ni limitaciones de responsabilidad por da\u00f1os consecuentes o incidentales, es posible que estas limitaciones no le sean aplicables.<\/p>\n\n\n\n<h2 class=\"wp-block-heading\">5. Precisi\u00f3n de los materiales<\/h2>\n\n\n\n<p>Los materiales publicados en el sitio web de Blog Universo Familia pueden contener errores t\u00e9cnicos, tipogr\u00e1ficos o fotogr\u00e1ficos. Blog Universo Familia no garantiza la exactitud, integridad ni actualidad de los materiales de su sitio web. Blog Universo Familia puede modificar los materiales de su sitio web en cualquier momento sin previo aviso. Sin embargo, Blog Universo Familia no se compromete a actualizarlos.<\/p>\n\n\n\n<h2 class=\"wp-block-heading\">6. \u0412\u0440\u044a\u0437\u043a\u0438<\/h2>\n\n\n\n<p>Blog Universo Familia no ha revisado todos los sitios enlazados a su sitio web y no se responsabiliza del contenido de ninguno de ellos. La inclusi\u00f3n de un enlace no implica la aprobaci\u00f3n del sitio por parte de Blog Universo Familia. El uso de cualquier sitio enlazado es bajo el propio riesgo del usuario.<\/p>\n\n\n\n<h3 class=\"wp-block-heading\">\u041c\u043e\u0434\u0438\u0444\u0438\u043a\u0430\u0446\u0438\u0438<\/h3>\n\n\n\n<p>El Blog Universo Familia podr\u00e1 modificar estas condiciones de servicio de su sitio web en cualquier momento sin previo aviso. Al utilizar este sitio web, usted acepta la versi\u00f3n vigente de estas condiciones de servicio.<\/p>","protected":false},"excerpt":{"rendered":"<p>1. Condiciones Al acceder al sitio web\u00a0de Blog Universo Familia\u00a0, usted acepta cumplir con estos t\u00e9rminos de servicio, todas las leyes y regulaciones aplicables, y se responsabiliza del cumplimiento de todas las leyes locales aplicables. Si no acepta alguno de estos t\u00e9rminos, se le proh\u00edbe usar o acceder a este sitio. Los materiales contenidos en [&hellip;]<\/p>","protected":false},"author":139,"featured_media":0,"parent":0,"menu_order":0,"comment_status":"closed","ping_status":"closed","template":"page-nosidebar.php","meta":{"footnotes":""},"yoast_head":"<!-- This site is optimized with the Yoast SEO plugin v23.3 - https:\/\/yoast.com\/wordpress\/plugins\/seo\/ -->\n<title>Condiciones de uso - Blog Universo Fam\u00edlia<\/title>\n<meta name=\"robots\" content=\"index, follow, max-snippet:-1, max-image-preview:large, max-video-preview:-1\" \/>\n<link rel=\"canonical\" href=\"https:\/\/blog.universofamilia.com\/bg\/condiciones-de-uso\/\" \/>\n<meta property=\"og:locale\" content=\"bg_BG\" \/>\n<meta property=\"og:type\" content=\"article\" \/>\n<meta property=\"og:title\" content=\"Condiciones de uso - Blog Universo Fam\u00edlia\" \/>\n<meta property=\"og:description\" content=\"1. Condiciones Al acceder al sitio web\u00a0de Blog Universo Familia\u00a0, usted acepta cumplir con estos t\u00e9rminos de servicio, todas las leyes y regulaciones aplicables, y se responsabiliza del cumplimiento de todas las leyes locales aplicables. Si no acepta alguno de estos t\u00e9rminos, se le proh\u00edbe usar o acceder a este sitio. Los materiales contenidos en [&hellip;]\" \/>\n<meta property=\"og:url\" content=\"https:\/\/blog.universofamilia.com\/bg\/condiciones-de-uso\/\" \/>\n<meta property=\"og:site_name\" content=\"Blog Universo Fam\u00edlia\" \/>\n<meta property=\"article:modified_time\" content=\"2025-10-27T18:58:03+00:00\" \/>\n<meta name=\"twitter:card\" content=\"summary_large_image\" \/>\n<meta name=\"twitter:label1\" content=\"Est. reading time\" \/>\n\t<meta name=\"twitter:data1\" content=\"4 \u043c\u0438\u043d\u0443\u0442\u0438\" \/>\n<script type=\"application\/ld+json\" class=\"yoast-schema-graph\">{\"@context\":\"https:\/\/schema.org\",\"@graph\":[{\"@type\":\"WebPage\",\"@id\":\"http:\/\/blog.universofamilia.com\/condiciones-de-uso\/\",\"url\":\"http:\/\/blog.universofamilia.com\/condiciones-de-uso\/\",\"name\":\"Condiciones de uso - Blog Universo Fam\u00edlia\",\"isPartOf\":{\"@id\":\"https:\/\/blog.universofamilia.com\/en\/#website\"},\"datePublished\":\"2024-12-24T18:44:05+00:00\",\"dateModified\":\"2025-10-27T18:58:03+00:00\",\"breadcrumb\":{\"@id\":\"http:\/\/blog.universofamilia.com\/condiciones-de-uso\/#breadcrumb\"},\"inLanguage\":\"bg-BG\",\"potentialAction\":[{\"@type\":\"ReadAction\",\"target\":[\"http:\/\/blog.universofamilia.com\/condiciones-de-uso\/\"]}]},{\"@type\":\"BreadcrumbList\",\"@id\":\"http:\/\/blog.universofamilia.com\/condiciones-de-uso\/#breadcrumb\",\"itemListElement\":[{\"@type\":\"ListItem\",\"position\":1,\"name\":\"Home\",\"item\":\"https:\/\/blog.universofamilia.com\/en\/\"},{\"@type\":\"ListItem\",\"position\":2,\"name\":\"Condiciones de uso\"}]},{\"@type\":\"WebSite\",\"@id\":\"https:\/\/blog.universofamilia.com\/en\/#website\",\"url\":\"https:\/\/blog.universofamilia.com\/en\/\",\"name\":\"Blog Universo Fam\u00edlia\",\"description\":\"\",\"potentialAction\":[{\"@type\":\"SearchAction\",\"target\":{\"@type\":\"EntryPoint\",\"urlTemplate\":\"https:\/\/blog.universofamilia.com\/en\/?s={search_term_string}\"},\"query-input\":\"required name=search_term_string\"}],\"inLanguage\":\"bg-BG\"}]}<\/script>\n<!-- \/ Yoast SEO plugin. -->","yoast_head_json":{"title":"Condiciones de uso - Blog Universo Fam\u00edlia","robots":{"index":"index","follow":"follow","max-snippet":"max-snippet:-1","max-image-preview":"max-image-preview:large","max-video-preview":"max-video-preview:-1"},"canonical":"https:\/\/blog.universofamilia.com\/bg\/condiciones-de-uso\/","og_locale":"bg_BG","og_type":"article","og_title":"Condiciones de uso - Blog Universo Fam\u00edlia","og_description":"1. Condiciones Al acceder al sitio web\u00a0de Blog Universo Familia\u00a0, usted acepta cumplir con estos t\u00e9rminos de servicio, todas las leyes y regulaciones aplicables, y se responsabiliza del cumplimiento de todas las leyes locales aplicables. Si no acepta alguno de estos t\u00e9rminos, se le proh\u00edbe usar o acceder a este sitio. Los materiales contenidos en [&hellip;]","og_url":"https:\/\/blog.universofamilia.com\/bg\/condiciones-de-uso\/","og_site_name":"Blog Universo Fam\u00edlia","article_modified_time":"2025-10-27T18:58:03+00:00","twitter_card":"summary_large_image","twitter_misc":{"Est. reading time":"4 \u043c\u0438\u043d\u0443\u0442\u0438"},"schema":{"@context":"https:\/\/schema.org","@graph":[{"@type":"WebPage","@id":"http:\/\/blog.universofamilia.com\/condiciones-de-uso\/","url":"http:\/\/blog.universofamilia.com\/condiciones-de-uso\/","name":"Condiciones de uso - Blog Universo Fam\u00edlia","isPartOf":{"@id":"https:\/\/blog.universofamilia.com\/en\/#website"},"datePublished":"2024-12-24T18:44:05+00:00","dateModified":"2025-10-27T18:58:03+00:00","breadcrumb":{"@id":"http:\/\/blog.universofamilia.com\/condiciones-de-uso\/#breadcrumb"},"inLanguage":"bg-BG","potentialAction":[{"@type":"ReadAction","target":["http:\/\/blog.universofamilia.com\/condiciones-de-uso\/"]}]},{"@type":"BreadcrumbList","@id":"http:\/\/blog.universofamilia.com\/condiciones-de-uso\/#breadcrumb","itemListElement":[{"@type":"ListItem","position":1,"name":"Home","item":"https:\/\/blog.universofamilia.com\/en\/"},{"@type":"ListItem","position":2,"name":"Condiciones de uso"}]},{"@type":"WebSite","@id":"https:\/\/blog.universofamilia.com\/en\/#website","url":"https:\/\/blog.universofamilia.com\/en\/","name":"Blog Universo Fam\u00edlia","description":"","potentialAction":[{"@type":"SearchAction","target":{"@type":"EntryPoint","urlTemplate":"https:\/\/blog.universofamilia.com\/en\/?s={search_term_string}"},"query-input":"required name=search_term_string"}],"inLanguage":"bg-BG"}]}},"_links":{"self":[{"href":"https:\/\/blog.universofamilia.com\/bg\/wp-json\/wp\/v2\/pages\/38"}],"collection":[{"href":"https:\/\/blog.universofamilia.com\/bg\/wp-json\/wp\/v2\/pages"}],"about":[{"href":"https:\/\/blog.universofamilia.com\/bg\/wp-json\/wp\/v2\/types\/page"}],"author":[{"embeddable":true,"href":"https:\/\/blog.universofamilia.com\/bg\/wp-json\/wp\/v2\/users\/139"}],"replies":[{"embeddable":true,"href":"https:\/\/blog.universofamilia.com\/bg\/wp-json\/wp\/v2\/comments?post=38"}],"version-history":[{"count":2,"href":"https:\/\/blog.universofamilia.com\/bg\/wp-json\/wp\/v2\/pages\/38\/revisions"}],"predecessor-version":[{"id":1321,"href":"https:\/\/blog.universofamilia.com\/bg\/wp-json\/wp\/v2\/pages\/38\/revisions\/1321"}],"wp:attachment":[{"href":"https:\/\/blog.universofamilia.com\/bg\/wp-json\/wp\/v2\/media?parent=38"}],"curies":[{"name":"wp","href":"https:\/\/api.w.org\/{rel}","templated":true}]}}