{"id":34,"date":"2024-12-24T18:42:05","date_gmt":"2024-12-24T18:42:05","guid":{"rendered":"https:\/\/blog.universofamilia.com\/?page_id=34"},"modified":"2025-10-27T18:34:19","modified_gmt":"2025-10-27T18:34:19","slug":"quienes-somos","status":"publish","type":"page","link":"https:\/\/blog.universofamilia.com\/bg\/quienes-somos\/","title":{"rendered":"\u041a\u043e\u0438 \u0441\u043c\u0435 \u043d\u0438\u0435"},"content":{"rendered":"<p>\u0414\u043e\u0431\u0440\u0435 \u0434\u043e\u0448\u043b\u0438 \u0432 <strong>\u0411\u043b\u043e\u0433 \u043d\u0430 Family Universe<\/strong>, \u043f\u0440\u043e\u0441\u0442\u0440\u0430\u043d\u0441\u0442\u0432\u043e, \u0441\u044a\u0437\u0434\u0430\u0434\u0435\u043d\u043e \u0434\u0430 \u0432\u0438 \u0432\u0434\u044a\u0445\u043d\u043e\u0432\u044f\u0432\u0430, \u043f\u043e\u0434\u043a\u0440\u0435\u043f\u044f \u0438 \u043f\u0440\u0435\u0434\u043b\u0430\u0433\u0430 \u043a\u0430\u0447\u0435\u0441\u0442\u0432\u0435\u043d\u043e \u0441\u044a\u0434\u044a\u0440\u0436\u0430\u043d\u0438\u0435, \u043a\u043e\u0435\u0442\u043e \u0434\u0430 \u043e\u0431\u043e\u0433\u0430\u0442\u0438 \u0435\u0436\u0435\u0434\u043d\u0435\u0432\u0438\u0435\u0442\u043e \u0432\u0438. \u041d\u0430\u0448\u0438\u044f\u0442 \u0431\u043b\u043e\u0433 \u0441\u0435 \u0440\u043e\u0434\u0438 \u0441\u044a\u0441 \u0441\u0442\u0440\u0430\u0441\u0442\u0442\u0430 \u0434\u0430 \u0438\u0437\u0441\u043b\u0435\u0434\u0432\u0430\u043c\u0435 \u0441\u0432\u0435\u0442\u0430 \u0432 \u0440\u0430\u0437\u043b\u0438\u0447\u043d\u0438\u0442\u0435 \u043c\u0443 \u0438\u0437\u043c\u0435\u0440\u0435\u043d\u0438\u044f \u0438 \u0434\u0430 \u0441\u043f\u043e\u0434\u0435\u043b\u044f\u043c\u0435 \u0443\u043d\u0438\u043a\u0430\u043b\u043d\u0438 \u043f\u0440\u0435\u0436\u0438\u0432\u044f\u0432\u0430\u043d\u0438\u044f, \u043a\u043e\u0438\u0442\u043e \u0441\u0432\u044a\u0440\u0437\u0432\u0430\u0442 \u0432\u0430\u0448\u0435\u0442\u043e \u0441\u0435\u043c\u0435\u0439\u0441\u0442\u0432\u043e.<\/p>\n\n\n\n<h3 class=\"wp-block-heading\">\u041a\u0430\u043a\u0432\u043e \u0449\u0435 \u043d\u0430\u043c\u0435\u0440\u0438\u0442\u0435 \u0432 \u0431\u043b\u043e\u0433\u0430 \u201e\u0421\u0435\u043c\u0435\u0439\u043d\u0430 \u0432\u0441\u0435\u043b\u0435\u043d\u0430\u201c?<\/h3>\n\n\n\n<h4 class=\"wp-block-heading\"><strong>\u041c\u0435\u0436\u0434\u0443\u043d\u0430\u0440\u043e\u0434\u043d\u0438 \u0434\u0435\u0441\u0442\u0438\u043d\u0430\u0446\u0438\u0438<\/strong><\/h4>\n\n\n\n<p>\u0429\u0435 \u0432\u0438 \u043e\u0442\u0432\u0435\u0434\u0435\u043c \u043d\u0430 \u043f\u044a\u0442\u0435\u0448\u0435\u0441\u0442\u0432\u0438\u0435 \u0434\u043e \u043d\u0430\u0439-\u043f\u0440\u0435\u043a\u0440\u0430\u0441\u043d\u0438\u0442\u0435 \u043a\u044a\u0442\u0447\u0435\u0442\u0430 \u043d\u0430 \u043f\u043b\u0430\u043d\u0435\u0442\u0430\u0442\u0430. \u041e\u0442 \u0438\u0434\u0438\u043b\u0438\u0447\u043d\u0438 \u043f\u043b\u0430\u0436\u043e\u0432\u0435 \u0434\u043e \u0433\u0440\u0430\u0434\u043e\u0432\u0435, \u043f\u0440\u043e\u043f\u0438\u0442\u0438 \u0441 \u0438\u0441\u0442\u043e\u0440\u0438\u044f \u0438 \u043a\u0443\u043b\u0442\u0443\u0440\u0430, \u0442\u0443\u043a \u0449\u0435 \u043e\u0442\u043a\u0440\u0438\u0435\u0442\u0435 \u0438\u0434\u0435\u0438 \u0437\u0430 \u0441\u043b\u0435\u0434\u0432\u0430\u0449\u0438\u0442\u0435 \u0441\u0438 \u0441\u0435\u043c\u0435\u0439\u043d\u0438 \u043f\u0440\u0438\u043a\u043b\u044e\u0447\u0435\u043d\u0438\u044f. \u041f\u0440\u0438\u0433\u043e\u0442\u0432\u0435\u0442\u0435 \u0441\u0435 \u0434\u0430 \u043c\u0435\u0447\u0442\u0430\u0435\u0442\u0435, \u043f\u043b\u0430\u043d\u0438\u0440\u0430\u0442\u0435 \u0438 \u0438\u0437\u0441\u043b\u0435\u0434\u0432\u0430\u0442\u0435 \u0441 \u043d\u0430\u0448\u0438\u0442\u0435 \u0432\u043e\u0434\u0430\u0447\u0438 \u0438 \u043f\u0440\u0435\u043f\u043e\u0440\u044a\u043a\u0438.<\/p>\n\n\n\n<h4 class=\"wp-block-heading\"><strong>\u0413\u0430\u0441\u0442\u0440\u043e\u043d\u043e\u043c\u0438\u0447\u0435\u0441\u043a\u0438 \u043f\u0440\u0435\u0436\u0438\u0432\u044f\u0432\u0430\u043d\u0438\u044f<\/strong><\/h4>\n\n\n\n<p>\u0412\u043a\u0443\u0441\u044a\u0442 \u0435 \u0438 \u043d\u0430\u0447\u0438\u043d \u0437\u0430 \u043f\u044a\u0442\u0443\u0432\u0430\u043d\u0435. \u0412 \u0442\u0430\u0437\u0438 \u043a\u0430\u0442\u0435\u0433\u043e\u0440\u0438\u044f \u0441\u043f\u043e\u0434\u0435\u043b\u044f\u043c\u0435 \u0440\u0435\u0446\u0435\u043f\u0442\u0438, \u0440\u0435\u0432\u044e\u0442\u0430 \u043d\u0430 \u0440\u0435\u0441\u0442\u043e\u0440\u0430\u043d\u0442\u0438 \u0438 \u043d\u0430\u0439-\u0435\u043c\u0431\u043b\u0435\u043c\u0430\u0442\u0438\u0447\u043d\u0438\u0442\u0435 \u044f\u0441\u0442\u0438\u044f \u043e\u0442 \u0440\u0430\u0437\u043b\u0438\u0447\u043d\u0438 \u043a\u0443\u043b\u0442\u0443\u0440\u0438. \u041e\u0442 \u0434\u043e\u043c\u0430\u0448\u043d\u043e \u043f\u0440\u0438\u0433\u043e\u0442\u0432\u0435\u043d\u0430 \u0445\u0440\u0430\u043d\u0430 \u0434\u043e \u0433\u0443\u0440\u043c\u0435 \u043f\u0440\u0435\u0436\u0438\u0432\u044f\u0432\u0430\u043d\u0438\u044f, \u0438\u0441\u043a\u0430\u043c\u0435 \u0434\u0430 \u0441\u044a\u0431\u0443\u0434\u0438\u043c \u043d\u0435\u0431\u0446\u0435\u0442\u043e \u0432\u0438 \u0438 \u0434\u0430 \u0432\u0438 \u043f\u043e\u043c\u043e\u0433\u043d\u0435\u043c \u0434\u0430 \u0441\u0435 \u043d\u0430\u0441\u043b\u0430\u0434\u0438\u0442\u0435 \u043d\u0430 \u0432\u0441\u044f\u043a\u0430 \u0445\u0430\u043f\u043a\u0430.<\/p>\n\n\n\n<h4 class=\"wp-block-heading\"><strong>\u0422\u0435\u0445\u043d\u043e\u043b\u043e\u0433\u0438\u044f<\/strong><\/h4>\n\n\n\n<p>\u0417\u043d\u0430\u0435\u043c, \u0447\u0435 \u0442\u0435\u0445\u043d\u043e\u043b\u043e\u0433\u0438\u0438\u0442\u0435 \u0441\u0430 \u0441\u044a\u0449\u0435\u0441\u0442\u0432\u0435\u043d\u0430 \u0447\u0430\u0441\u0442 \u043e\u0442 \u0441\u044a\u0432\u0440\u0435\u043c\u0435\u043d\u043d\u0438\u044f \u0436\u0438\u0432\u043e\u0442. \u0415\u0442\u043e \u0437\u0430\u0449\u043e \u0432 \u0442\u043e\u0437\u0438 \u0440\u0430\u0437\u0434\u0435\u043b \u043f\u0440\u0435\u0434\u043b\u0430\u0433\u0430\u043c\u0435 \u0441\u044a\u0432\u0435\u0442\u0438, \u043f\u0440\u0435\u043f\u043e\u0440\u044a\u043a\u0438 \u0437\u0430 \u0443\u0441\u0442\u0440\u043e\u0439\u0441\u0442\u0432\u0430 \u0438 \u0442\u0435\u043d\u0434\u0435\u043d\u0446\u0438\u0438, \u0437\u0430 \u0434\u0430 \u0432\u0438 \u0434\u044a\u0440\u0436\u0438\u043c \u0432 \u0442\u0435\u0447\u0435\u043d\u0438\u0435. \u0418\u0441\u043a\u0430\u043c\u0435 \u0434\u0430 \u0432\u0438 \u043f\u043e\u043c\u043e\u0433\u043d\u0435\u043c \u0434\u0430 \u0438\u0437\u043f\u043e\u043b\u0437\u0432\u0430\u0442\u0435 \u0442\u0435\u0445\u043d\u043e\u043b\u043e\u0433\u0438\u0438\u0442\u0435, \u0437\u0430 \u0434\u0430 \u043f\u043e\u0434\u043e\u0431\u0440\u0438\u0442\u0435 \u043a\u0430\u0447\u0435\u0441\u0442\u0432\u043e\u0442\u043e \u0441\u0438 \u043d\u0430 \u0436\u0438\u0432\u043e\u0442 \u0438 \u0442\u043e\u0432\u0430 \u043d\u0430 \u0432\u0430\u0448\u0435\u0442\u043e \u0441\u0435\u043c\u0435\u0439\u0441\u0442\u0432\u043e.<\/p>\n\n\n\n<p>\u0412 <strong>\u0411\u043b\u043e\u0433 \u043d\u0430 Family Universe<\/strong>\u041d\u0430\u0448\u0430\u0442\u0430 \u043c\u0438\u0441\u0438\u044f \u0435 \u0434\u0430 \u0441\u0435 \u0441\u0432\u044a\u0440\u0436\u0435\u043c \u0441 \u0432\u0430\u0441 \u0447\u0440\u0435\u0437 \u0438\u0441\u0442\u043e\u0440\u0438\u0438, \u0441\u044a\u0432\u0435\u0442\u0438 \u0438 \u0438\u043d\u0444\u043e\u0440\u043c\u0430\u0446\u0438\u044f, \u043a\u043e\u0438\u0442\u043e \u043e\u0431\u043e\u0433\u0430\u0442\u044f\u0432\u0430\u0442 \u0432\u0430\u0448\u0438\u044f \u0441\u0432\u044f\u0442 \u0438 \u0442\u043e\u0437\u0438 \u043d\u0430 \u0432\u0430\u0448\u0435\u0442\u043e \u0441\u0435\u043c\u0435\u0439\u0441\u0442\u0432\u043e. \u0411\u043b\u0430\u0433\u043e\u0434\u0430\u0440\u0438\u043c \u0432\u0438, \u0447\u0435 \u0441\u0442\u0435 \u0447\u0430\u0441\u0442 \u043e\u0442 \u0442\u0430\u0437\u0438 \u043e\u0431\u0449\u043d\u043e\u0441\u0442! \u041a\u0430\u043d\u0438\u043c \u0432\u0438 \u0434\u0430 \u0438\u0437\u0441\u043b\u0435\u0434\u0432\u0430\u0442\u0435, \u0434\u0430 \u0441\u0435 \u043d\u0430\u0441\u043b\u0430\u0434\u0438\u0442\u0435 \u0438 \u0434\u0430 \u0441\u043f\u043e\u0434\u0435\u043b\u0438\u0442\u0435 \u0442\u043e\u0432\u0430 \u0441\u0442\u0440\u0430\u0445\u043e\u0442\u043d\u043e \u043f\u0440\u0438\u043a\u043b\u044e\u0447\u0435\u043d\u0438\u0435 \u0441 \u043d\u0430\u0441.<\/p>","protected":false},"excerpt":{"rendered":"<p>Bienvenidos a Blog Universo Familia, un espacio creado para inspirarte, acompa\u00f1arte y ofrecerte contenido de calidad para enriquecer tu d\u00eda a d\u00eda. Nuestro blog nace con la pasi\u00f3n de explorar el mundo en sus diferentes dimensiones y compartir contigo experiencias \u00fanicas que conecten con tu familia. \u00bfQu\u00e9 encontrar\u00e1s en Blog Universo Familia? Destinos Internacionales Te [&hellip;]<\/p>","protected":false},"author":218,"featured_media":0,"parent":0,"menu_order":0,"comment_status":"closed","ping_status":"closed","template":"page-nosidebar.php","meta":{"footnotes":""},"yoast_head":"<!-- This site is optimized with the Yoast SEO plugin v23.3 - https:\/\/yoast.com\/wordpress\/plugins\/seo\/ -->\n<title>Qui\u00e9nes somos - Blog Universo Fam\u00edlia<\/title>\n<meta name=\"robots\" content=\"index, follow, max-snippet:-1, max-image-preview:large, max-video-preview:-1\" \/>\n<link rel=\"canonical\" href=\"https:\/\/blog.universofamilia.com\/bg\/quienes-somos\/\" \/>\n<meta property=\"og:locale\" content=\"bg_BG\" \/>\n<meta property=\"og:type\" content=\"article\" \/>\n<meta property=\"og:title\" content=\"Qui\u00e9nes somos - Blog Universo Fam\u00edlia\" \/>\n<meta property=\"og:description\" content=\"Bienvenidos a Blog Universo Familia, un espacio creado para inspirarte, acompa\u00f1arte y ofrecerte contenido de calidad para enriquecer tu d\u00eda a d\u00eda. Nuestro blog nace con la pasi\u00f3n de explorar el mundo en sus diferentes dimensiones y compartir contigo experiencias \u00fanicas que conecten con tu familia. \u00bfQu\u00e9 encontrar\u00e1s en Blog Universo Familia? Destinos Internacionales Te [&hellip;]\" \/>\n<meta property=\"og:url\" content=\"https:\/\/blog.universofamilia.com\/bg\/quienes-somos\/\" \/>\n<meta property=\"og:site_name\" content=\"Blog Universo Fam\u00edlia\" \/>\n<meta property=\"article:modified_time\" content=\"2025-10-27T18:34:19+00:00\" \/>\n<meta name=\"twitter:card\" content=\"summary_large_image\" \/>\n<meta name=\"twitter:label1\" content=\"Est. reading time\" \/>\n\t<meta name=\"twitter:data1\" content=\"2 \u043c\u0438\u043d\u0443\u0442\u0438\" \/>\n<script type=\"application\/ld+json\" class=\"yoast-schema-graph\">{\"@context\":\"https:\/\/schema.org\",\"@graph\":[{\"@type\":\"WebPage\",\"@id\":\"http:\/\/blog.universofamilia.com\/quienes-somos\/\",\"url\":\"http:\/\/blog.universofamilia.com\/quienes-somos\/\",\"name\":\"Qui\u00e9nes somos - Blog Universo Fam\u00edlia\",\"isPartOf\":{\"@id\":\"https:\/\/blog.universofamilia.com\/en\/#website\"},\"datePublished\":\"2024-12-24T18:42:05+00:00\",\"dateModified\":\"2025-10-27T18:34:19+00:00\",\"breadcrumb\":{\"@id\":\"http:\/\/blog.universofamilia.com\/quienes-somos\/#breadcrumb\"},\"inLanguage\":\"bg-BG\",\"potentialAction\":[{\"@type\":\"ReadAction\",\"target\":[\"http:\/\/blog.universofamilia.com\/quienes-somos\/\"]}]},{\"@type\":\"BreadcrumbList\",\"@id\":\"http:\/\/blog.universofamilia.com\/quienes-somos\/#breadcrumb\",\"itemListElement\":[{\"@type\":\"ListItem\",\"position\":1,\"name\":\"Home\",\"item\":\"https:\/\/blog.universofamilia.com\/en\/\"},{\"@type\":\"ListItem\",\"position\":2,\"name\":\"Qui\u00e9nes somos\"}]},{\"@type\":\"WebSite\",\"@id\":\"https:\/\/blog.universofamilia.com\/en\/#website\",\"url\":\"https:\/\/blog.universofamilia.com\/en\/\",\"name\":\"Blog Universo Fam\u00edlia\",\"description\":\"\",\"potentialAction\":[{\"@type\":\"SearchAction\",\"target\":{\"@type\":\"EntryPoint\",\"urlTemplate\":\"https:\/\/blog.universofamilia.com\/en\/?s={search_term_string}\"},\"query-input\":\"required name=search_term_string\"}],\"inLanguage\":\"bg-BG\"}]}<\/script>\n<!-- \/ Yoast SEO plugin. -->","yoast_head_json":{"title":"Qui\u00e9nes somos - Blog Universo Fam\u00edlia","robots":{"index":"index","follow":"follow","max-snippet":"max-snippet:-1","max-image-preview":"max-image-preview:large","max-video-preview":"max-video-preview:-1"},"canonical":"https:\/\/blog.universofamilia.com\/bg\/quienes-somos\/","og_locale":"bg_BG","og_type":"article","og_title":"Qui\u00e9nes somos - Blog Universo Fam\u00edlia","og_description":"Bienvenidos a Blog Universo Familia, un espacio creado para inspirarte, acompa\u00f1arte y ofrecerte contenido de calidad para enriquecer tu d\u00eda a d\u00eda. Nuestro blog nace con la pasi\u00f3n de explorar el mundo en sus diferentes dimensiones y compartir contigo experiencias \u00fanicas que conecten con tu familia. \u00bfQu\u00e9 encontrar\u00e1s en Blog Universo Familia? Destinos Internacionales Te [&hellip;]","og_url":"https:\/\/blog.universofamilia.com\/bg\/quienes-somos\/","og_site_name":"Blog Universo Fam\u00edlia","article_modified_time":"2025-10-27T18:34:19+00:00","twitter_card":"summary_large_image","twitter_misc":{"Est. reading time":"2 \u043c\u0438\u043d\u0443\u0442\u0438"},"schema":{"@context":"https:\/\/schema.org","@graph":[{"@type":"WebPage","@id":"http:\/\/blog.universofamilia.com\/quienes-somos\/","url":"http:\/\/blog.universofamilia.com\/quienes-somos\/","name":"Qui\u00e9nes somos - Blog Universo Fam\u00edlia","isPartOf":{"@id":"https:\/\/blog.universofamilia.com\/en\/#website"},"datePublished":"2024-12-24T18:42:05+00:00","dateModified":"2025-10-27T18:34:19+00:00","breadcrumb":{"@id":"http:\/\/blog.universofamilia.com\/quienes-somos\/#breadcrumb"},"inLanguage":"bg-BG","potentialAction":[{"@type":"ReadAction","target":["http:\/\/blog.universofamilia.com\/quienes-somos\/"]}]},{"@type":"BreadcrumbList","@id":"http:\/\/blog.universofamilia.com\/quienes-somos\/#breadcrumb","itemListElement":[{"@type":"ListItem","position":1,"name":"Home","item":"https:\/\/blog.universofamilia.com\/en\/"},{"@type":"ListItem","position":2,"name":"Qui\u00e9nes somos"}]},{"@type":"WebSite","@id":"https:\/\/blog.universofamilia.com\/en\/#website","url":"https:\/\/blog.universofamilia.com\/en\/","name":"Blog Universo Fam\u00edlia","description":"","potentialAction":[{"@type":"SearchAction","target":{"@type":"EntryPoint","urlTemplate":"https:\/\/blog.universofamilia.com\/en\/?s={search_term_string}"},"query-input":"required name=search_term_string"}],"inLanguage":"bg-BG"}]}},"_links":{"self":[{"href":"https:\/\/blog.universofamilia.com\/bg\/wp-json\/wp\/v2\/pages\/34"}],"collection":[{"href":"https:\/\/blog.universofamilia.com\/bg\/wp-json\/wp\/v2\/pages"}],"about":[{"href":"https:\/\/blog.universofamilia.com\/bg\/wp-json\/wp\/v2\/types\/page"}],"author":[{"embeddable":true,"href":"https:\/\/blog.universofamilia.com\/bg\/wp-json\/wp\/v2\/users\/218"}],"replies":[{"embeddable":true,"href":"https:\/\/blog.universofamilia.com\/bg\/wp-json\/wp\/v2\/comments?post=34"}],"version-history":[{"count":1,"href":"https:\/\/blog.universofamilia.com\/bg\/wp-json\/wp\/v2\/pages\/34\/revisions"}],"predecessor-version":[{"id":1324,"href":"https:\/\/blog.universofamilia.com\/bg\/wp-json\/wp\/v2\/pages\/34\/revisions\/1324"}],"wp:attachment":[{"href":"https:\/\/blog.universofamilia.com\/bg\/wp-json\/wp\/v2\/media?parent=34"}],"curies":[{"name":"wp","href":"https:\/\/api.w.org\/{rel}","templated":true}]}}