{"id":31,"date":"2024-12-24T18:41:31","date_gmt":"2024-12-24T18:41:31","guid":{"rendered":"https:\/\/blog.universofamilia.com\/?page_id=31"},"modified":"2025-10-27T18:35:05","modified_gmt":"2025-10-27T18:35:05","slug":"contacto","status":"publish","type":"page","link":"http:\/\/blog.universofamilia.com\/sk\/contacto\/","title":{"rendered":"Kontakt"},"content":{"rendered":"<p>Radi od v\u00e1s po\u010dujeme! V spolo\u010dnosti Imedias si cen\u00edme otvoren\u00fa, jasn\u00fa a \u00faprimn\u00fa komunik\u00e1ciu s na\u0161imi \u010ditate\u013emi a klientmi.<\/p>\n\n\n\n<p>Ak m\u00e1te ot\u00e1zky, n\u00e1vrhy, pripomienky alebo sa s nami chcete len porozpr\u00e1va\u0165, pou\u017eite, pros\u00edm, formul\u00e1r ni\u017e\u0161ie. Radi si od v\u00e1s vypo\u010dujeme.<\/p>\n\n\n\n<h3 class=\"wp-block-heading\"><strong>Po\u010fme sa porozpr\u00e1va\u0165<\/strong><\/h3>\n\n\n\n<p>M\u00e1te nejak\u00e9 ot\u00e1zky alebo odpor\u00fa\u010dania? Nev\u00e1hajte n\u00e1s kontaktova\u0165 pomocou ni\u017e\u0161ie uveden\u00e9ho formul\u00e1ra. Sme tu, aby sme v\u00e1m pomohli.<\/p>\n\n\n<div class=\"wpforms-container wpforms-container-full wpforms-block wpforms-block-6d5ce1cb-4b8e-4c33-b774-ce998b06339c wpforms-render-modern\" id=\"wpforms-972\"><form id=\"wpforms-form-972\" class=\"wpforms-validate wpforms-form wpforms-ajax-form\" data-formid=\"972\" method=\"post\" enctype=\"multipart\/form-data\" action=\"\/sk\/wp-json\/wp\/v2\/pages\/31\" data-token=\"bcf1d0bbe18ce901bd4492056b42ef88\" data-token-time=\"1775667877\" data-trp-original-action=\"\/sk\/wp-json\/wp\/v2\/pages\/31\"><noscript class=\"wpforms-error-noscript\">Please enable JavaScript in your browser to complete this form.<\/noscript><div class=\"wpforms-hidden\" id=\"wpforms-error-noscript\">Please enable JavaScript in your browser to complete this form.<\/div><div class=\"wpforms-field-container\"><div id=\"wpforms-972-field_1-container\" class=\"wpforms-field wpforms-field-name\" data-field-id=\"1\"><label class=\"wpforms-field-label\" for=\"wpforms-972-field_1\">Meno <span class=\"wpforms-required-label\" aria-hidden=\"true\">*<\/span><\/label><input type=\"text\" id=\"wpforms-972-field_1\" class=\"wpforms-field-medium wpforms-field-required\" name=\"wpforms[fields][1]\" aria-errormessage=\"wpforms-972-field_1-error\" required><\/div><div id=\"wpforms-972-field_4-container\" class=\"wpforms-field wpforms-field-text\" data-field-id=\"4\"><label class=\"wpforms-field-label\" for=\"wpforms-972-field_4\">Af\u00e9ra<\/label><input type=\"text\" id=\"wpforms-972-field_4\" class=\"wpforms-field-medium\" name=\"wpforms[fields][4]\" aria-errormessage=\"wpforms-972-field_4-error\" ><\/div>\t\t<div id=\"wpforms-972-field_5-container\"\n\t\t\tclass=\"wpforms-field wpforms-field-text\"\n\t\t\tdata-field-type=\"text\"\n\t\t\tdata-field-id=\"5\"\n\t\t\t>\n\t\t\t<label class=\"wpforms-field-label\" for=\"wpforms-972-field_5\" >mensaje Nombre Correo<\/label>\n\t\t\t<input type=\"text\" id=\"wpforms-972-field_5\" class=\"wpforms-field-medium\" name=\"wpforms[fields][5]\" >\n\t\t<\/div>\n\t\t<div id=\"wpforms-972-field_2-container\" class=\"wpforms-field wpforms-field-email\" data-field-id=\"2\"><label class=\"wpforms-field-label\" for=\"wpforms-972-field_2\">E-mail <span class=\"wpforms-required-label\" aria-hidden=\"true\">*<\/span><\/label><input type=\"email\" id=\"wpforms-972-field_2\" class=\"wpforms-field-medium wpforms-field-required\" name=\"wpforms[fields][2]\" spellcheck=\"false\" aria-errormessage=\"wpforms-972-field_2-error\" required><\/div><div id=\"wpforms-972-field_3-container\" class=\"wpforms-field wpforms-field-textarea\" data-field-id=\"3\"><label class=\"wpforms-field-label\" for=\"wpforms-972-field_3\">Koment\u00e1r alebo spr\u00e1va<\/label><textarea id=\"wpforms-972-field_3\" class=\"wpforms-field-medium\" name=\"wpforms[fields][3]\" aria-errormessage=\"wpforms-972-field_3-error\" ><\/textarea><\/div><script>\n\t\t\t\t( function() {\n\t\t\t\t\tconst style = document.createElement( 'style' );\n\t\t\t\t\tstyle.appendChild( document.createTextNode( '#wpforms-972-field_5-container { position: absolute !important; overflow: hidden !important; display: inline !important; height: 1px !important; width: 1px !important; z-index: -1000 !important; padding: 0 !important; } #wpforms-972-field_5-container input { visibility: hidden; } #wpforms-conversational-form-page #wpforms-972-field_5-container label { counter-increment: none; }' ) );\n\t\t\t\t\tdocument.head.appendChild( style );\n\t\t\t\t\tdocument.currentScript?.remove();\n\t\t\t\t} )();\n\t\t\t<\/script><\/div><!-- .wpforms-field-container --><div class=\"wpforms-submit-container\" ><input type=\"hidden\" name=\"wpforms[id]\" value=\"972\"><input type=\"hidden\" name=\"page_title\" value=\"\"><input type=\"hidden\" name=\"page_url\" value=\"http:\/\/blog.universofamilia.com\/sk\/wp-json\/wp\/v2\/pages\/31\"><input type=\"hidden\" name=\"url_referer\" value=\"\"><button type=\"submit\" name=\"wpforms[submit]\" id=\"wpforms-submit-972\" class=\"wpforms-submit\" data-alt-text=\"Enviando\u2026\" data-submit-text=\"Enviar\" aria-live=\"assertive\" value=\"wpforms-submit\">Odosla\u0165<\/button><img loading=\"lazy\" decoding=\"async\" src=\"http:\/\/blog.universofamilia.com\/wp-content\/plugins\/wpforms-lite\/assets\/images\/submit-spin.svg\" class=\"wpforms-submit-spinner\" style=\"display: none;\" width=\"26\" height=\"26\" alt=\"Loading\"><\/div><input type=\"hidden\" name=\"trp-form-language\" value=\"sk\"\/><\/form><\/div>  <!-- .wpforms-container -->","protected":false},"excerpt":{"rendered":"<p>\u00a1Nos encanta saber de ti! En Imedias valoramos la comunicaci\u00f3n cercana, clara y honesta con nuestros lectores y clientes. Si tienes preguntas, sugerencias, comentarios o simplemente quieres hablar con nosotros, utiliza el formulario a continuaci\u00f3n. Estaremos encantados de responderte. Hablemos \u00bfTienes alguna duda o recomendaci\u00f3n? No dudes en escribirnos a trav\u00e9s del siguiente formulario. Estamos [&hellip;]<\/p>","protected":false},"author":139,"featured_media":0,"parent":0,"menu_order":0,"comment_status":"closed","ping_status":"closed","template":"page-nosidebar.php","meta":{"footnotes":""},"yoast_head":"<!-- This site is optimized with the Yoast SEO plugin v23.3 - https:\/\/yoast.com\/wordpress\/plugins\/seo\/ -->\n<title>Contacto - Blog Universo Fam\u00edlia<\/title>\n<meta name=\"description\" content=\"Contacto\" \/>\n<meta name=\"robots\" content=\"index, follow, max-snippet:-1, max-image-preview:large, max-video-preview:-1\" \/>\n<link rel=\"canonical\" href=\"http:\/\/blog.universofamilia.com\/sk\/contacto\/\" \/>\n<meta property=\"og:locale\" content=\"sk_SK\" \/>\n<meta property=\"og:type\" content=\"article\" \/>\n<meta property=\"og:title\" content=\"Contacto - Blog Universo Fam\u00edlia\" \/>\n<meta property=\"og:description\" content=\"Contacto\" \/>\n<meta property=\"og:url\" content=\"http:\/\/blog.universofamilia.com\/sk\/contacto\/\" \/>\n<meta property=\"og:site_name\" content=\"Blog Universo Fam\u00edlia\" \/>\n<meta property=\"article:modified_time\" content=\"2025-10-27T18:35:05+00:00\" \/>\n<meta name=\"twitter:card\" content=\"summary_large_image\" \/>\n<meta name=\"twitter:label1\" content=\"Est. reading time\" \/>\n\t<meta name=\"twitter:data1\" content=\"1 min\u00fata\" \/>\n<script type=\"application\/ld+json\" class=\"yoast-schema-graph\">{\"@context\":\"https:\/\/schema.org\",\"@graph\":[{\"@type\":\"WebPage\",\"@id\":\"http:\/\/blog.universofamilia.com\/pt_pt\/contacto\/\",\"url\":\"http:\/\/blog.universofamilia.com\/pt_pt\/contacto\/\",\"name\":\"Contacto - Blog Universo Fam\u00edlia\",\"isPartOf\":{\"@id\":\"https:\/\/blog.universofamilia.com\/#website\"},\"datePublished\":\"2024-12-24T18:41:31+00:00\",\"dateModified\":\"2025-10-27T18:35:05+00:00\",\"description\":\"Contacto\",\"breadcrumb\":{\"@id\":\"http:\/\/blog.universofamilia.com\/pt_pt\/contacto\/#breadcrumb\"},\"inLanguage\":\"sk-SK\",\"potentialAction\":[{\"@type\":\"ReadAction\",\"target\":[\"http:\/\/blog.universofamilia.com\/pt_pt\/contacto\/\"]}]},{\"@type\":\"BreadcrumbList\",\"@id\":\"http:\/\/blog.universofamilia.com\/pt_pt\/contacto\/#breadcrumb\",\"itemListElement\":[{\"@type\":\"ListItem\",\"position\":1,\"name\":\"Home\",\"item\":\"https:\/\/blog.universofamilia.com\/\"},{\"@type\":\"ListItem\",\"position\":2,\"name\":\"Contacto\"}]},{\"@type\":\"WebSite\",\"@id\":\"https:\/\/blog.universofamilia.com\/#website\",\"url\":\"https:\/\/blog.universofamilia.com\/\",\"name\":\"Blog Universo Fam\u00edlia\",\"description\":\"\",\"potentialAction\":[{\"@type\":\"SearchAction\",\"target\":{\"@type\":\"EntryPoint\",\"urlTemplate\":\"https:\/\/blog.universofamilia.com\/?s={search_term_string}\"},\"query-input\":\"required name=search_term_string\"}],\"inLanguage\":\"sk-SK\"}]}<\/script>\n<!-- \/ Yoast SEO plugin. -->","yoast_head_json":{"title":"Contacto - Blog Universo Fam\u00edlia","description":"Contacto","robots":{"index":"index","follow":"follow","max-snippet":"max-snippet:-1","max-image-preview":"max-image-preview:large","max-video-preview":"max-video-preview:-1"},"canonical":"http:\/\/blog.universofamilia.com\/sk\/contacto\/","og_locale":"sk_SK","og_type":"article","og_title":"Contacto - Blog Universo Fam\u00edlia","og_description":"Contacto","og_url":"http:\/\/blog.universofamilia.com\/sk\/contacto\/","og_site_name":"Blog Universo Fam\u00edlia","article_modified_time":"2025-10-27T18:35:05+00:00","twitter_card":"summary_large_image","twitter_misc":{"Est. reading time":"1 min\u00fata"},"schema":{"@context":"https:\/\/schema.org","@graph":[{"@type":"WebPage","@id":"http:\/\/blog.universofamilia.com\/pt_pt\/contacto\/","url":"http:\/\/blog.universofamilia.com\/pt_pt\/contacto\/","name":"Contacto - Blog Universo Fam\u00edlia","isPartOf":{"@id":"https:\/\/blog.universofamilia.com\/#website"},"datePublished":"2024-12-24T18:41:31+00:00","dateModified":"2025-10-27T18:35:05+00:00","description":"Contacto","breadcrumb":{"@id":"http:\/\/blog.universofamilia.com\/pt_pt\/contacto\/#breadcrumb"},"inLanguage":"sk-SK","potentialAction":[{"@type":"ReadAction","target":["http:\/\/blog.universofamilia.com\/pt_pt\/contacto\/"]}]},{"@type":"BreadcrumbList","@id":"http:\/\/blog.universofamilia.com\/pt_pt\/contacto\/#breadcrumb","itemListElement":[{"@type":"ListItem","position":1,"name":"Home","item":"https:\/\/blog.universofamilia.com\/"},{"@type":"ListItem","position":2,"name":"Contacto"}]},{"@type":"WebSite","@id":"https:\/\/blog.universofamilia.com\/#website","url":"https:\/\/blog.universofamilia.com\/","name":"Blog Universo Fam\u00edlia","description":"","potentialAction":[{"@type":"SearchAction","target":{"@type":"EntryPoint","urlTemplate":"https:\/\/blog.universofamilia.com\/?s={search_term_string}"},"query-input":"required name=search_term_string"}],"inLanguage":"sk-SK"}]}},"_links":{"self":[{"href":"http:\/\/blog.universofamilia.com\/sk\/wp-json\/wp\/v2\/pages\/31"}],"collection":[{"href":"http:\/\/blog.universofamilia.com\/sk\/wp-json\/wp\/v2\/pages"}],"about":[{"href":"http:\/\/blog.universofamilia.com\/sk\/wp-json\/wp\/v2\/types\/page"}],"author":[{"embeddable":true,"href":"http:\/\/blog.universofamilia.com\/sk\/wp-json\/wp\/v2\/users\/139"}],"replies":[{"embeddable":true,"href":"http:\/\/blog.universofamilia.com\/sk\/wp-json\/wp\/v2\/comments?post=31"}],"version-history":[{"count":3,"href":"http:\/\/blog.universofamilia.com\/sk\/wp-json\/wp\/v2\/pages\/31\/revisions"}],"predecessor-version":[{"id":975,"href":"http:\/\/blog.universofamilia.com\/sk\/wp-json\/wp\/v2\/pages\/31\/revisions\/975"}],"wp:attachment":[{"href":"http:\/\/blog.universofamilia.com\/sk\/wp-json\/wp\/v2\/media?parent=31"}],"curies":[{"name":"wp","href":"https:\/\/api.w.org\/{rel}","templated":true}]}}