{"id":36,"date":"2024-12-24T18:43:12","date_gmt":"2024-12-24T18:43:12","guid":{"rendered":"https:\/\/blog.universofamilia.com\/?page_id=36"},"modified":"2025-10-27T18:44:48","modified_gmt":"2025-10-27T18:44:48","slug":"politica-de-privacidad","status":"publish","type":"page","link":"http:\/\/blog.universofamilia.com\/pt_pt\/politica-de-privacidad\/","title":{"rendered":"pol\u00edtica de Privacidade"},"content":{"rendered":"<p>Su privacidad es importante para nosotros. La pol\u00edtica de Blog Universo Fam\u00edlia es respetar su privacidad con respecto a cualquier informaci\u00f3n que recopilemos de usted en el sitio web&nbsp;<a href=\"http:\/\/blog.universofamilia.com\/pt_pt\/\">do Blog Universo Fam\u00edlia<\/a>&nbsp;y en otros sitios web que poseemos y operamos.<\/p>\n\n\n\n<p>Solo solicitamos informaci\u00f3n personal cuando realmente la necesitamos para prestarle un servicio. La recopilamos por medios justos y l\u00edcitos, con su conocimiento y consentimiento. Tambi\u00e9n le informamos por qu\u00e9 la recopilamos y c\u00f3mo la utilizaremos.<\/p>\n\n\n\n<p>Solo conservamos la informaci\u00f3n recopilada el tiempo necesario para brindarle el servicio solicitado. Los datos que almacenamos los protegemos mediante medios comercialmente aceptables para evitar p\u00e9rdidas y robos, as\u00ed como el acceso, la divulgaci\u00f3n, la copia, el uso o la modificaci\u00f3n no autorizados.<\/p>\n\n\n\n<p>No compartimos informaci\u00f3n de identificaci\u00f3n personal p\u00fablicamente ni con terceros, excepto cuando lo exige la ley.<\/p>\n\n\n\n<p>Nuestro sitio web puede contener enlaces a sitios externos que no operamos. Tenga en cuenta que no tenemos control sobre el contenido ni las pr\u00e1cticas de estos sitios, y no nos hacemos responsables de sus respectivas&nbsp;&nbsp;<a href=\"https:\/\/politicaprivacidade.com\/\" rel=\"noreferrer noopener\" target=\"_blank\">pol\u00edticas de privacidade<\/a>&nbsp;.<\/p>\n\n\n\n<p>Usted es libre de rechazar nuestra solicitud de su informaci\u00f3n personal, con el entendimiento de que es posible que no podamos brindarle algunos de los servicios deseados.<\/p>\n\n\n\n<p>Su uso continuado de nuestro sitio web se considerar\u00e1 como una aceptaci\u00f3n de nuestras pr\u00e1cticas de privacidad e informaci\u00f3n personal. Si tiene alguna pregunta sobre c\u00f3mo gestionamos los datos de usuario y la informaci\u00f3n personal, p\u00f3ngase en contacto con nosotros.<\/p>\n\n\n\n<ul>\n<li>El servicio Google AdSense que utilizamos para mostrar publicidad utiliza una cookie de <a href=\"https:\/\/myadcenter.google.com\/home?sasb=true&amp;ref=ad-settings\">DoubleClick<\/a> para mostrar anuncios m\u00e1s relevantes en la web y limitar la cantidad de veces que se le muestra un anuncio determinado.<\/li>\n\n\n\n<li>Para obtener m\u00e1s informaci\u00f3n sobre Google AdSense, consulta las preguntas frecuentes oficiales sobre <a href=\"https:\/\/policies.google.com\/technologies\/partner-sites\">privacidad de Google AdSense<\/a>.<\/li>\n\n\n\n<li>Utilizamos publicidad para compensar los costes de funcionamiento de este sitio web y financiar su desarrollo futuro. Las cookies de publicidad comportamental que utiliza este sitio web est\u00e1n dise\u00f1adas para garantizar que le ofrezcamos la publicidad m\u00e1s relevante posible, rastreando an\u00f3nimamente sus intereses y presentando contenido similar que pueda ser de su inter\u00e9s.<\/li>\n\n\n\n<li>Varios socios hacen publicidad en nuestro nombre, y las cookies de seguimiento de afiliados simplemente nos permiten ver si nuestros clientes han llegado al sitio a trav\u00e9s de uno de los sitios de nuestros socios para que podamos acreditarlos adecuadamente y, cuando corresponda, permitir que nuestros socios afiliados brinden cualquier incentivo que puedan brindarle por realizar una compra.<\/li>\n<\/ul>\n\n\n\n<h3 class=\"wp-block-heading\">Engajamento do usu\u00e1rio<\/h3>\n\n\n\n<p>El usuario se compromete a hacer un uso adecuado de los contenidos e informaci\u00f3n que el Blog Universo Fam\u00edlia ofrece en el sitio web y, a t\u00edtulo enunciativo pero no limitativo:<\/p>\n\n\n\n<ul>\n<li>A) No incurrir en actividades ilegales o contrarias a la buena fe y al orden p\u00fablico;<\/li>\n\n\n\n<li>B) No difundir propaganda o contenidos de car\u00e1cter racista, xen\u00f3fobo, de juegos de azar, cualquier tipo de pornograf\u00eda ilegal, de apolog\u00eda del terrorismo o atentatorio contra los derechos humanos;<\/li>\n\n\n\n<li>C) No provocar da\u00f1os en los sistemas f\u00edsicos (hardware) y l\u00f3gicos (software) del Blog Universo Fam\u00edlia, de sus proveedores o de terceras personas, introducir o difundir en la red virus inform\u00e1ticos o cualesquiera otros sistemas f\u00edsicos o l\u00f3gicos que sean susceptibles de provocar los da\u00f1os anteriormente mencionados.<\/li>\n<\/ul>\n\n\n\n<h3 class=\"wp-block-heading\">Mais informa\u00e7\u00f5es<\/h3>\n\n\n\n<p>Esperamos que esto haya aclarado las cosas para usted y, como se mencion\u00f3 anteriormente, si hay algo que no est\u00e1 seguro si necesita o no, generalmente es m\u00e1s seguro dejar las cookies habilitadas en caso de que interact\u00fae con una de las funciones que utiliza en nuestro sitio.<\/p>\n\n\n\n<p>Esta pol\u00edtica entra en vigor a partir del 27 de octubre de 2025 a las 18:14.<\/p>","protected":false},"excerpt":{"rendered":"<p>Su privacidad es importante para nosotros. La pol\u00edtica de Blog Universo Fam\u00edlia es respetar su privacidad con respecto a cualquier informaci\u00f3n que recopilemos de usted en el sitio web&nbsp;de Blog Universo Fam\u00edlia&nbsp;y en otros sitios web que poseemos y operamos. Solo solicitamos informaci\u00f3n personal cuando realmente la necesitamos para prestarle un servicio. La recopilamos por [&hellip;]<\/p>","protected":false},"author":219,"featured_media":0,"parent":0,"menu_order":0,"comment_status":"closed","ping_status":"closed","template":"page-nosidebar.php","meta":{"footnotes":""},"yoast_head":"<!-- This site is optimized with the Yoast SEO plugin v23.3 - https:\/\/yoast.com\/wordpress\/plugins\/seo\/ -->\n<title>Pol\u00edtica de Privacidad - Blog Universo Fam\u00edlia<\/title>\n<meta name=\"description\" content=\"Pol\u00edtica de privacidad. Su privacidad es importante para nosotros. Es pol\u00edtica de Blog Universo Fam\u00edlia respetar su privacidad en relaci\u00f3n...\" \/>\n<meta name=\"robots\" content=\"index, follow, max-snippet:-1, max-image-preview:large, max-video-preview:-1\" \/>\n<link rel=\"canonical\" href=\"http:\/\/blog.universofamilia.com\/pt_pt\/politica-de-privacidad\/\" \/>\n<meta property=\"og:locale\" content=\"pt_PT\" \/>\n<meta property=\"og:type\" content=\"article\" \/>\n<meta property=\"og:title\" content=\"Pol\u00edtica de Privacidad - Blog Universo Fam\u00edlia\" \/>\n<meta property=\"og:description\" content=\"Pol\u00edtica de privacidad. Su privacidad es importante para nosotros. Es pol\u00edtica de Blog Universo Fam\u00edlia respetar su privacidad en relaci\u00f3n...\" \/>\n<meta property=\"og:url\" content=\"http:\/\/blog.universofamilia.com\/pt_pt\/politica-de-privacidad\/\" \/>\n<meta property=\"og:site_name\" content=\"Blog Universo Fam\u00edlia\" \/>\n<meta property=\"article:modified_time\" content=\"2025-10-27T18:44:48+00:00\" \/>\n<meta name=\"twitter:card\" content=\"summary_large_image\" \/>\n<meta name=\"twitter:label1\" content=\"Est. reading time\" \/>\n\t<meta name=\"twitter:data1\" content=\"4 minutos\" \/>\n<script type=\"application\/ld+json\" class=\"yoast-schema-graph\">{\"@context\":\"https:\/\/schema.org\",\"@graph\":[{\"@type\":\"WebPage\",\"@id\":\"http:\/\/blog.universofamilia.com\/pt_pt\/politica-de-privacidad\/\",\"url\":\"http:\/\/blog.universofamilia.com\/pt_pt\/politica-de-privacidad\/\",\"name\":\"Pol\u00edtica de Privacidad - Blog Universo Fam\u00edlia\",\"isPartOf\":{\"@id\":\"https:\/\/blog.universofamilia.com\/#website\"},\"datePublished\":\"2024-12-24T18:43:12+00:00\",\"dateModified\":\"2025-10-27T18:44:48+00:00\",\"description\":\"Pol\u00edtica de privacidad. Su privacidad es importante para nosotros. Es pol\u00edtica de Blog Universo Fam\u00edlia respetar su privacidad en relaci\u00f3n...\",\"breadcrumb\":{\"@id\":\"http:\/\/blog.universofamilia.com\/pt_pt\/politica-de-privacidad\/#breadcrumb\"},\"inLanguage\":\"pt-PT\",\"potentialAction\":[{\"@type\":\"ReadAction\",\"target\":[\"http:\/\/blog.universofamilia.com\/pt_pt\/politica-de-privacidad\/\"]}]},{\"@type\":\"BreadcrumbList\",\"@id\":\"http:\/\/blog.universofamilia.com\/pt_pt\/politica-de-privacidad\/#breadcrumb\",\"itemListElement\":[{\"@type\":\"ListItem\",\"position\":1,\"name\":\"Home\",\"item\":\"https:\/\/blog.universofamilia.com\/\"},{\"@type\":\"ListItem\",\"position\":2,\"name\":\"Pol\u00edtica de Privacidad\"}]},{\"@type\":\"WebSite\",\"@id\":\"https:\/\/blog.universofamilia.com\/#website\",\"url\":\"https:\/\/blog.universofamilia.com\/\",\"name\":\"Blog Universo Fam\u00edlia\",\"description\":\"\",\"potentialAction\":[{\"@type\":\"SearchAction\",\"target\":{\"@type\":\"EntryPoint\",\"urlTemplate\":\"https:\/\/blog.universofamilia.com\/?s={search_term_string}\"},\"query-input\":\"required name=search_term_string\"}],\"inLanguage\":\"pt-PT\"}]}<\/script>\n<!-- \/ Yoast SEO plugin. -->","yoast_head_json":{"title":"Pol\u00edtica de Privacidad - Blog Universo Fam\u00edlia","description":"Pol\u00edtica de privacidad. Su privacidad es importante para nosotros. Es pol\u00edtica de Blog Universo Fam\u00edlia respetar su privacidad en relaci\u00f3n...","robots":{"index":"index","follow":"follow","max-snippet":"max-snippet:-1","max-image-preview":"max-image-preview:large","max-video-preview":"max-video-preview:-1"},"canonical":"http:\/\/blog.universofamilia.com\/pt_pt\/politica-de-privacidad\/","og_locale":"pt_PT","og_type":"article","og_title":"Pol\u00edtica de Privacidad - Blog Universo Fam\u00edlia","og_description":"Pol\u00edtica de privacidad. Su privacidad es importante para nosotros. Es pol\u00edtica de Blog Universo Fam\u00edlia respetar su privacidad en relaci\u00f3n...","og_url":"http:\/\/blog.universofamilia.com\/pt_pt\/politica-de-privacidad\/","og_site_name":"Blog Universo Fam\u00edlia","article_modified_time":"2025-10-27T18:44:48+00:00","twitter_card":"summary_large_image","twitter_misc":{"Est. reading time":"4 minutos"},"schema":{"@context":"https:\/\/schema.org","@graph":[{"@type":"WebPage","@id":"http:\/\/blog.universofamilia.com\/pt_pt\/politica-de-privacidad\/","url":"http:\/\/blog.universofamilia.com\/pt_pt\/politica-de-privacidad\/","name":"Pol\u00edtica de Privacidad - Blog Universo Fam\u00edlia","isPartOf":{"@id":"https:\/\/blog.universofamilia.com\/#website"},"datePublished":"2024-12-24T18:43:12+00:00","dateModified":"2025-10-27T18:44:48+00:00","description":"Pol\u00edtica de privacidad. Su privacidad es importante para nosotros. Es pol\u00edtica de Blog Universo Fam\u00edlia respetar su privacidad en relaci\u00f3n...","breadcrumb":{"@id":"http:\/\/blog.universofamilia.com\/pt_pt\/politica-de-privacidad\/#breadcrumb"},"inLanguage":"pt-PT","potentialAction":[{"@type":"ReadAction","target":["http:\/\/blog.universofamilia.com\/pt_pt\/politica-de-privacidad\/"]}]},{"@type":"BreadcrumbList","@id":"http:\/\/blog.universofamilia.com\/pt_pt\/politica-de-privacidad\/#breadcrumb","itemListElement":[{"@type":"ListItem","position":1,"name":"Home","item":"https:\/\/blog.universofamilia.com\/"},{"@type":"ListItem","position":2,"name":"Pol\u00edtica de Privacidad"}]},{"@type":"WebSite","@id":"https:\/\/blog.universofamilia.com\/#website","url":"https:\/\/blog.universofamilia.com\/","name":"Blog Universo Fam\u00edlia","description":"","potentialAction":[{"@type":"SearchAction","target":{"@type":"EntryPoint","urlTemplate":"https:\/\/blog.universofamilia.com\/?s={search_term_string}"},"query-input":"required name=search_term_string"}],"inLanguage":"pt-PT"}]}},"_links":{"self":[{"href":"http:\/\/blog.universofamilia.com\/pt_pt\/wp-json\/wp\/v2\/pages\/36"}],"collection":[{"href":"http:\/\/blog.universofamilia.com\/pt_pt\/wp-json\/wp\/v2\/pages"}],"about":[{"href":"http:\/\/blog.universofamilia.com\/pt_pt\/wp-json\/wp\/v2\/types\/page"}],"author":[{"embeddable":true,"href":"http:\/\/blog.universofamilia.com\/pt_pt\/wp-json\/wp\/v2\/users\/219"}],"replies":[{"embeddable":true,"href":"http:\/\/blog.universofamilia.com\/pt_pt\/wp-json\/wp\/v2\/comments?post=36"}],"version-history":[{"count":4,"href":"http:\/\/blog.universofamilia.com\/pt_pt\/wp-json\/wp\/v2\/pages\/36\/revisions"}],"predecessor-version":[{"id":1326,"href":"http:\/\/blog.universofamilia.com\/pt_pt\/wp-json\/wp\/v2\/pages\/36\/revisions\/1326"}],"wp:attachment":[{"href":"http:\/\/blog.universofamilia.com\/pt_pt\/wp-json\/wp\/v2\/media?parent=36"}],"curies":[{"name":"wp","href":"https:\/\/api.w.org\/{rel}","templated":true}]}}