{"id":34,"date":"2024-12-24T18:42:05","date_gmt":"2024-12-24T18:42:05","guid":{"rendered":"https:\/\/blog.universofamilia.com\/?page_id=34"},"modified":"2025-10-27T18:34:19","modified_gmt":"2025-10-27T18:34:19","slug":"quienes-somos","status":"publish","type":"page","link":"http:\/\/blog.universofamilia.com\/pl\/quienes-somos\/","title":{"rendered":"Kim jeste\u015bmy"},"content":{"rendered":"<p>Witamy w <strong>Blog Rodzinnego Wszech\u015bwiata<\/strong>, przestrze\u0144 stworzona, by Ci\u0119 inspirowa\u0107, wspiera\u0107 i oferowa\u0107 wysokiej jako\u015bci tre\u015bci, kt\u00f3re wzbogac\u0105 Twoje codzienne \u017cycie. Nasz blog powsta\u0142 z pasji do odkrywania \u015bwiata w jego r\u00f3\u017cnych wymiarach i dzielenia si\u0119 wyj\u0105tkowymi do\u015bwiadczeniami, kt\u00f3re \u0142\u0105cz\u0105 Twoj\u0105 rodzin\u0119.<\/p>\n\n\n\n<h3 class=\"wp-block-heading\">Co znajdziesz na blogu Family Universe?<\/h3>\n\n\n\n<h4 class=\"wp-block-heading\"><strong>Mi\u0119dzynarodowe kierunki<\/strong><\/h4>\n\n\n\n<p>Zabierzemy Ci\u0119 w podr\u00f3\u017c do najwspanialszych zak\u0105tk\u00f3w planety. Od idyllicznych pla\u017c po miasta przesi\u0105kni\u0119te histori\u0105 i kultur\u0105 \u2013 znajdziesz tu pomys\u0142y na kolejne rodzinne przygody. Przygotuj si\u0119 na marzenia, planowanie i odkrywanie z naszymi przewodnikami i rekomendacjami.<\/p>\n\n\n\n<h4 class=\"wp-block-heading\"><strong>Do\u015bwiadczenia gastronomiczne<\/strong><\/h4>\n\n\n\n<p>Smak to r\u00f3wnie\u017c spos\u00f3b podr\u00f3\u017cowania. W tej kategorii dzielimy si\u0119 przepisami, recenzjami restauracji i najbardziej kultowymi daniami z r\u00f3\u017cnych kultur. Od domowej kuchni po kulinarne doznania, chcemy pobudzi\u0107 Twoje podniebienie i pom\u00f3c Ci cieszy\u0107 si\u0119 ka\u017cdym k\u0119sem.<\/p>\n\n\n\n<h4 class=\"wp-block-heading\"><strong>Technologia<\/strong><\/h4>\n\n\n\n<p>Wiemy, \u017ce technologia jest nieod\u0142\u0105cznym elementem wsp\u00f3\u0142czesnego \u017cycia. Dlatego w tej sekcji oferujemy porady, rekomendacje urz\u0105dze\u0144 i trendy, aby by\u0107 na bie\u017c\u0105co. Chcemy pom\u00f3c Ci wykorzysta\u0107 technologi\u0119 do poprawy jako\u015bci \u017cycia Twojego i Twojej rodziny.<\/p>\n\n\n\n<p>W <strong>Blog Rodzinnego Wszech\u015bwiata<\/strong>Nasz\u0105 misj\u0105 jest \u0142\u0105czenie si\u0119 z Wami poprzez historie, porady i informacje, kt\u00f3re wzbogac\u0105 Wasz \u015bwiat i \u015bwiat Waszej rodziny. Dzi\u0119kujemy, \u017ce jeste\u015bcie cz\u0119\u015bci\u0105 tej spo\u0142eczno\u015bci! Zapraszamy do odkrywania, cieszenia si\u0119 i dzielenia z nami tej wspania\u0142ej przygody.<\/p>","protected":false},"excerpt":{"rendered":"<p>Bienvenidos a Blog Universo Familia, un espacio creado para inspirarte, acompa\u00f1arte y ofrecerte contenido de calidad para enriquecer tu d\u00eda a d\u00eda. Nuestro blog nace con la pasi\u00f3n de explorar el mundo en sus diferentes dimensiones y compartir contigo experiencias \u00fanicas que conecten con tu familia. \u00bfQu\u00e9 encontrar\u00e1s en Blog Universo Familia? Destinos Internacionales Te [&hellip;]<\/p>","protected":false},"author":218,"featured_media":0,"parent":0,"menu_order":0,"comment_status":"closed","ping_status":"closed","template":"page-nosidebar.php","meta":{"footnotes":""},"yoast_head":"<!-- This site is optimized with the Yoast SEO plugin v23.3 - https:\/\/yoast.com\/wordpress\/plugins\/seo\/ -->\n<title>Qui\u00e9nes somos - Blog Universo Fam\u00edlia<\/title>\n<meta name=\"robots\" content=\"index, follow, max-snippet:-1, max-image-preview:large, max-video-preview:-1\" \/>\n<link rel=\"canonical\" href=\"http:\/\/blog.universofamilia.com\/pl\/quienes-somos\/\" \/>\n<meta property=\"og:locale\" content=\"pl_PL\" \/>\n<meta property=\"og:type\" content=\"article\" \/>\n<meta property=\"og:title\" content=\"Qui\u00e9nes somos - Blog Universo Fam\u00edlia\" \/>\n<meta property=\"og:description\" content=\"Bienvenidos a Blog Universo Familia, un espacio creado para inspirarte, acompa\u00f1arte y ofrecerte contenido de calidad para enriquecer tu d\u00eda a d\u00eda. Nuestro blog nace con la pasi\u00f3n de explorar el mundo en sus diferentes dimensiones y compartir contigo experiencias \u00fanicas que conecten con tu familia. \u00bfQu\u00e9 encontrar\u00e1s en Blog Universo Familia? Destinos Internacionales Te [&hellip;]\" \/>\n<meta property=\"og:url\" content=\"http:\/\/blog.universofamilia.com\/pl\/quienes-somos\/\" \/>\n<meta property=\"og:site_name\" content=\"Blog Universo Fam\u00edlia\" \/>\n<meta property=\"article:modified_time\" content=\"2025-10-27T18:34:19+00:00\" \/>\n<meta name=\"twitter:card\" content=\"summary_large_image\" \/>\n<meta name=\"twitter:label1\" content=\"Est. reading time\" \/>\n\t<meta name=\"twitter:data1\" content=\"2 minuty\" \/>\n<script type=\"application\/ld+json\" class=\"yoast-schema-graph\">{\"@context\":\"https:\/\/schema.org\",\"@graph\":[{\"@type\":\"WebPage\",\"@id\":\"http:\/\/blog.universofamilia.com\/pl\/quienes-somos\/\",\"url\":\"http:\/\/blog.universofamilia.com\/pl\/quienes-somos\/\",\"name\":\"Qui\u00e9nes somos - Blog Universo Fam\u00edlia\",\"isPartOf\":{\"@id\":\"https:\/\/blog.universofamilia.com\/#website\"},\"datePublished\":\"2024-12-24T18:42:05+00:00\",\"dateModified\":\"2025-10-27T18:34:19+00:00\",\"breadcrumb\":{\"@id\":\"http:\/\/blog.universofamilia.com\/pl\/quienes-somos\/#breadcrumb\"},\"inLanguage\":\"pl-PL\",\"potentialAction\":[{\"@type\":\"ReadAction\",\"target\":[\"http:\/\/blog.universofamilia.com\/pl\/quienes-somos\/\"]}]},{\"@type\":\"BreadcrumbList\",\"@id\":\"http:\/\/blog.universofamilia.com\/pl\/quienes-somos\/#breadcrumb\",\"itemListElement\":[{\"@type\":\"ListItem\",\"position\":1,\"name\":\"Home\",\"item\":\"https:\/\/blog.universofamilia.com\/\"},{\"@type\":\"ListItem\",\"position\":2,\"name\":\"Qui\u00e9nes somos\"}]},{\"@type\":\"WebSite\",\"@id\":\"https:\/\/blog.universofamilia.com\/#website\",\"url\":\"https:\/\/blog.universofamilia.com\/\",\"name\":\"Blog Universo Fam\u00edlia\",\"description\":\"\",\"potentialAction\":[{\"@type\":\"SearchAction\",\"target\":{\"@type\":\"EntryPoint\",\"urlTemplate\":\"https:\/\/blog.universofamilia.com\/?s={search_term_string}\"},\"query-input\":\"required name=search_term_string\"}],\"inLanguage\":\"pl-PL\"}]}<\/script>\n<!-- \/ Yoast SEO plugin. -->","yoast_head_json":{"title":"Qui\u00e9nes somos - Blog Universo Fam\u00edlia","robots":{"index":"index","follow":"follow","max-snippet":"max-snippet:-1","max-image-preview":"max-image-preview:large","max-video-preview":"max-video-preview:-1"},"canonical":"http:\/\/blog.universofamilia.com\/pl\/quienes-somos\/","og_locale":"pl_PL","og_type":"article","og_title":"Qui\u00e9nes somos - Blog Universo Fam\u00edlia","og_description":"Bienvenidos a Blog Universo Familia, un espacio creado para inspirarte, acompa\u00f1arte y ofrecerte contenido de calidad para enriquecer tu d\u00eda a d\u00eda. Nuestro blog nace con la pasi\u00f3n de explorar el mundo en sus diferentes dimensiones y compartir contigo experiencias \u00fanicas que conecten con tu familia. \u00bfQu\u00e9 encontrar\u00e1s en Blog Universo Familia? Destinos Internacionales Te [&hellip;]","og_url":"http:\/\/blog.universofamilia.com\/pl\/quienes-somos\/","og_site_name":"Blog Universo Fam\u00edlia","article_modified_time":"2025-10-27T18:34:19+00:00","twitter_card":"summary_large_image","twitter_misc":{"Est. reading time":"2 minuty"},"schema":{"@context":"https:\/\/schema.org","@graph":[{"@type":"WebPage","@id":"http:\/\/blog.universofamilia.com\/pl\/quienes-somos\/","url":"http:\/\/blog.universofamilia.com\/pl\/quienes-somos\/","name":"Qui\u00e9nes somos - Blog Universo Fam\u00edlia","isPartOf":{"@id":"https:\/\/blog.universofamilia.com\/#website"},"datePublished":"2024-12-24T18:42:05+00:00","dateModified":"2025-10-27T18:34:19+00:00","breadcrumb":{"@id":"http:\/\/blog.universofamilia.com\/pl\/quienes-somos\/#breadcrumb"},"inLanguage":"pl-PL","potentialAction":[{"@type":"ReadAction","target":["http:\/\/blog.universofamilia.com\/pl\/quienes-somos\/"]}]},{"@type":"BreadcrumbList","@id":"http:\/\/blog.universofamilia.com\/pl\/quienes-somos\/#breadcrumb","itemListElement":[{"@type":"ListItem","position":1,"name":"Home","item":"https:\/\/blog.universofamilia.com\/"},{"@type":"ListItem","position":2,"name":"Qui\u00e9nes somos"}]},{"@type":"WebSite","@id":"https:\/\/blog.universofamilia.com\/#website","url":"https:\/\/blog.universofamilia.com\/","name":"Blog Universo Fam\u00edlia","description":"","potentialAction":[{"@type":"SearchAction","target":{"@type":"EntryPoint","urlTemplate":"https:\/\/blog.universofamilia.com\/?s={search_term_string}"},"query-input":"required name=search_term_string"}],"inLanguage":"pl-PL"}]}},"_links":{"self":[{"href":"http:\/\/blog.universofamilia.com\/pl\/wp-json\/wp\/v2\/pages\/34"}],"collection":[{"href":"http:\/\/blog.universofamilia.com\/pl\/wp-json\/wp\/v2\/pages"}],"about":[{"href":"http:\/\/blog.universofamilia.com\/pl\/wp-json\/wp\/v2\/types\/page"}],"author":[{"embeddable":true,"href":"http:\/\/blog.universofamilia.com\/pl\/wp-json\/wp\/v2\/users\/218"}],"replies":[{"embeddable":true,"href":"http:\/\/blog.universofamilia.com\/pl\/wp-json\/wp\/v2\/comments?post=34"}],"version-history":[{"count":1,"href":"http:\/\/blog.universofamilia.com\/pl\/wp-json\/wp\/v2\/pages\/34\/revisions"}],"predecessor-version":[{"id":1324,"href":"http:\/\/blog.universofamilia.com\/pl\/wp-json\/wp\/v2\/pages\/34\/revisions\/1324"}],"wp:attachment":[{"href":"http:\/\/blog.universofamilia.com\/pl\/wp-json\/wp\/v2\/media?parent=34"}],"curies":[{"name":"wp","href":"https:\/\/api.w.org\/{rel}","templated":true}]}}