{"id":34,"date":"2024-12-24T18:42:05","date_gmt":"2024-12-24T18:42:05","guid":{"rendered":"https:\/\/blog.universofamilia.com\/?page_id=34"},"modified":"2025-10-27T18:34:19","modified_gmt":"2025-10-27T18:34:19","slug":"quienes-somos","status":"publish","type":"page","link":"http:\/\/blog.universofamilia.com\/id\/quienes-somos\/","title":{"rendered":"Siapakah kami"},"content":{"rendered":"<p>Selamat Datang di <strong>Blog Keluarga Semesta<\/strong>, sebuah ruang yang diciptakan untuk menginspirasi, mendukung, dan menawarkan konten berkualitas untuk memperkaya kehidupan sehari-hari Anda. Blog kami lahir dengan semangat untuk menjelajahi dunia dalam berbagai dimensinya dan berbagi pengalaman unik yang terhubung dengan keluarga Anda.<\/p>\n\n\n\n<h3 class=\"wp-block-heading\">Apa yang akan Anda temukan di Blog Family Universe?<\/h3>\n\n\n\n<h4 class=\"wp-block-heading\"><strong>Tujuan Internasional<\/strong><\/h4>\n\n\n\n<p>Kami akan mengajak Anda menjelajahi sudut-sudut terindah di dunia. Dari pantai-pantai indah hingga kota-kota yang kaya akan sejarah dan budaya, Anda akan menemukan ide untuk petualangan keluarga Anda berikutnya di sini. Bersiaplah untuk bermimpi, merencanakan, dan menjelajah bersama panduan dan rekomendasi kami.<\/p>\n\n\n\n<h4 class=\"wp-block-heading\"><strong>Pengalaman Gastronomi<\/strong><\/h4>\n\n\n\n<p>Rasa juga merupakan cara untuk bepergian. Dalam kategori ini, kami berbagi resep, ulasan restoran, dan hidangan paling ikonis dari berbagai budaya. Dari masakan rumahan hingga pengalaman gourmet, kami ingin membangkitkan selera Anda dan membantu Anda menikmati setiap gigitannya.<\/p>\n\n\n\n<h4 class=\"wp-block-heading\"><strong>Teknologi<\/strong><\/h4>\n\n\n\n<p>Kami tahu bahwa teknologi merupakan bagian penting dari kehidupan modern. Oleh karena itu, di bagian ini, kami menawarkan kiat, rekomendasi perangkat, dan tren agar Anda tetap mendapatkan informasi terbaru. Kami ingin membantu Anda memanfaatkan teknologi untuk meningkatkan kualitas hidup Anda dan keluarga.<\/p>\n\n\n\n<p>Di dalam <strong>Blog Keluarga Semesta<\/strong>Misi kami adalah terhubung dengan Anda melalui kisah, saran, dan informasi yang memperkaya dunia Anda dan keluarga Anda. Terima kasih telah menjadi bagian dari komunitas ini! Kami mengundang Anda untuk menjelajahi, menikmati, dan berbagi petualangan luar biasa ini bersama kami.<\/p>","protected":false},"excerpt":{"rendered":"<p>Bienvenidos a Blog Universo Familia, un espacio creado para inspirarte, acompa\u00f1arte y ofrecerte contenido de calidad para enriquecer tu d\u00eda a d\u00eda. Nuestro blog nace con la pasi\u00f3n de explorar el mundo en sus diferentes dimensiones y compartir contigo experiencias \u00fanicas que conecten con tu familia. \u00bfQu\u00e9 encontrar\u00e1s en Blog Universo Familia? Destinos Internacionales Te [&hellip;]<\/p>","protected":false},"author":218,"featured_media":0,"parent":0,"menu_order":0,"comment_status":"closed","ping_status":"closed","template":"page-nosidebar.php","meta":{"footnotes":""},"yoast_head":"<!-- This site is optimized with the Yoast SEO plugin v23.3 - https:\/\/yoast.com\/wordpress\/plugins\/seo\/ -->\n<title>Qui\u00e9nes somos - Blog Universo Fam\u00edlia<\/title>\n<meta name=\"robots\" content=\"index, follow, max-snippet:-1, max-image-preview:large, max-video-preview:-1\" \/>\n<link rel=\"canonical\" href=\"http:\/\/blog.universofamilia.com\/id\/quienes-somos\/\" \/>\n<meta property=\"og:locale\" content=\"id_ID\" \/>\n<meta property=\"og:type\" content=\"article\" \/>\n<meta property=\"og:title\" content=\"Qui\u00e9nes somos - Blog Universo Fam\u00edlia\" \/>\n<meta property=\"og:description\" content=\"Bienvenidos a Blog Universo Familia, un espacio creado para inspirarte, acompa\u00f1arte y ofrecerte contenido de calidad para enriquecer tu d\u00eda a d\u00eda. Nuestro blog nace con la pasi\u00f3n de explorar el mundo en sus diferentes dimensiones y compartir contigo experiencias \u00fanicas que conecten con tu familia. \u00bfQu\u00e9 encontrar\u00e1s en Blog Universo Familia? Destinos Internacionales Te [&hellip;]\" \/>\n<meta property=\"og:url\" content=\"http:\/\/blog.universofamilia.com\/id\/quienes-somos\/\" \/>\n<meta property=\"og:site_name\" content=\"Blog Universo Fam\u00edlia\" \/>\n<meta property=\"article:modified_time\" content=\"2025-10-27T18:34:19+00:00\" \/>\n<meta name=\"twitter:card\" content=\"summary_large_image\" \/>\n<meta name=\"twitter:label1\" content=\"Est. reading time\" \/>\n\t<meta name=\"twitter:data1\" content=\"2 menit\" \/>\n<script type=\"application\/ld+json\" class=\"yoast-schema-graph\">{\"@context\":\"https:\/\/schema.org\",\"@graph\":[{\"@type\":\"WebPage\",\"@id\":\"http:\/\/blog.universofamilia.com\/pl\/quienes-somos\/\",\"url\":\"http:\/\/blog.universofamilia.com\/pl\/quienes-somos\/\",\"name\":\"Qui\u00e9nes somos - Blog Universo Fam\u00edlia\",\"isPartOf\":{\"@id\":\"https:\/\/blog.universofamilia.com\/#website\"},\"datePublished\":\"2024-12-24T18:42:05+00:00\",\"dateModified\":\"2025-10-27T18:34:19+00:00\",\"breadcrumb\":{\"@id\":\"http:\/\/blog.universofamilia.com\/pl\/quienes-somos\/#breadcrumb\"},\"inLanguage\":\"id\",\"potentialAction\":[{\"@type\":\"ReadAction\",\"target\":[\"http:\/\/blog.universofamilia.com\/pl\/quienes-somos\/\"]}]},{\"@type\":\"BreadcrumbList\",\"@id\":\"http:\/\/blog.universofamilia.com\/pl\/quienes-somos\/#breadcrumb\",\"itemListElement\":[{\"@type\":\"ListItem\",\"position\":1,\"name\":\"Home\",\"item\":\"https:\/\/blog.universofamilia.com\/\"},{\"@type\":\"ListItem\",\"position\":2,\"name\":\"Qui\u00e9nes somos\"}]},{\"@type\":\"WebSite\",\"@id\":\"https:\/\/blog.universofamilia.com\/#website\",\"url\":\"https:\/\/blog.universofamilia.com\/\",\"name\":\"Blog Universo Fam\u00edlia\",\"description\":\"\",\"potentialAction\":[{\"@type\":\"SearchAction\",\"target\":{\"@type\":\"EntryPoint\",\"urlTemplate\":\"https:\/\/blog.universofamilia.com\/?s={search_term_string}\"},\"query-input\":\"required name=search_term_string\"}],\"inLanguage\":\"id\"}]}<\/script>\n<!-- \/ Yoast SEO plugin. -->","yoast_head_json":{"title":"Qui\u00e9nes somos - Blog Universo Fam\u00edlia","robots":{"index":"index","follow":"follow","max-snippet":"max-snippet:-1","max-image-preview":"max-image-preview:large","max-video-preview":"max-video-preview:-1"},"canonical":"http:\/\/blog.universofamilia.com\/id\/quienes-somos\/","og_locale":"id_ID","og_type":"article","og_title":"Qui\u00e9nes somos - Blog Universo Fam\u00edlia","og_description":"Bienvenidos a Blog Universo Familia, un espacio creado para inspirarte, acompa\u00f1arte y ofrecerte contenido de calidad para enriquecer tu d\u00eda a d\u00eda. Nuestro blog nace con la pasi\u00f3n de explorar el mundo en sus diferentes dimensiones y compartir contigo experiencias \u00fanicas que conecten con tu familia. \u00bfQu\u00e9 encontrar\u00e1s en Blog Universo Familia? Destinos Internacionales Te [&hellip;]","og_url":"http:\/\/blog.universofamilia.com\/id\/quienes-somos\/","og_site_name":"Blog Universo Fam\u00edlia","article_modified_time":"2025-10-27T18:34:19+00:00","twitter_card":"summary_large_image","twitter_misc":{"Est. reading time":"2 menit"},"schema":{"@context":"https:\/\/schema.org","@graph":[{"@type":"WebPage","@id":"http:\/\/blog.universofamilia.com\/pl\/quienes-somos\/","url":"http:\/\/blog.universofamilia.com\/pl\/quienes-somos\/","name":"Qui\u00e9nes somos - Blog Universo Fam\u00edlia","isPartOf":{"@id":"https:\/\/blog.universofamilia.com\/#website"},"datePublished":"2024-12-24T18:42:05+00:00","dateModified":"2025-10-27T18:34:19+00:00","breadcrumb":{"@id":"http:\/\/blog.universofamilia.com\/pl\/quienes-somos\/#breadcrumb"},"inLanguage":"id","potentialAction":[{"@type":"ReadAction","target":["http:\/\/blog.universofamilia.com\/pl\/quienes-somos\/"]}]},{"@type":"BreadcrumbList","@id":"http:\/\/blog.universofamilia.com\/pl\/quienes-somos\/#breadcrumb","itemListElement":[{"@type":"ListItem","position":1,"name":"Home","item":"https:\/\/blog.universofamilia.com\/"},{"@type":"ListItem","position":2,"name":"Qui\u00e9nes somos"}]},{"@type":"WebSite","@id":"https:\/\/blog.universofamilia.com\/#website","url":"https:\/\/blog.universofamilia.com\/","name":"Blog Universo Fam\u00edlia","description":"","potentialAction":[{"@type":"SearchAction","target":{"@type":"EntryPoint","urlTemplate":"https:\/\/blog.universofamilia.com\/?s={search_term_string}"},"query-input":"required name=search_term_string"}],"inLanguage":"id"}]}},"_links":{"self":[{"href":"http:\/\/blog.universofamilia.com\/id\/wp-json\/wp\/v2\/pages\/34"}],"collection":[{"href":"http:\/\/blog.universofamilia.com\/id\/wp-json\/wp\/v2\/pages"}],"about":[{"href":"http:\/\/blog.universofamilia.com\/id\/wp-json\/wp\/v2\/types\/page"}],"author":[{"embeddable":true,"href":"http:\/\/blog.universofamilia.com\/id\/wp-json\/wp\/v2\/users\/218"}],"replies":[{"embeddable":true,"href":"http:\/\/blog.universofamilia.com\/id\/wp-json\/wp\/v2\/comments?post=34"}],"version-history":[{"count":1,"href":"http:\/\/blog.universofamilia.com\/id\/wp-json\/wp\/v2\/pages\/34\/revisions"}],"predecessor-version":[{"id":1324,"href":"http:\/\/blog.universofamilia.com\/id\/wp-json\/wp\/v2\/pages\/34\/revisions\/1324"}],"wp:attachment":[{"href":"http:\/\/blog.universofamilia.com\/id\/wp-json\/wp\/v2\/media?parent=34"}],"curies":[{"name":"wp","href":"https:\/\/api.w.org\/{rel}","templated":true}]}}