{"id":34,"date":"2024-12-24T18:42:05","date_gmt":"2024-12-24T18:42:05","guid":{"rendered":"https:\/\/blog.universofamilia.com\/?page_id=34"},"modified":"2025-10-27T18:34:19","modified_gmt":"2025-10-27T18:34:19","slug":"quienes-somos","status":"publish","type":"page","link":"http:\/\/blog.universofamilia.com\/hr\/quienes-somos\/","title":{"rendered":"Tko smo mi"},"content":{"rendered":"<p>Dobrodo\u0161li u <strong>Blog Obiteljskog svemira<\/strong>, prostor stvoren da vas inspirira, podr\u017ei i ponudi kvalitetan sadr\u017eaj koji \u0107e obogatiti va\u0161 svakodnevni \u017eivot. Na\u0161 blog nastao je sa stra\u0161\u0107u da istra\u017eimo svijet u njegovim razli\u010ditim dimenzijama i podijelimo jedinstvena iskustva koja povezuju va\u0161u obitelj.<\/p>\n\n\n\n<h3 class=\"wp-block-heading\">\u0160to \u0107ete prona\u0107i na blogu Obiteljski svemir?<\/h3>\n\n\n\n<h4 class=\"wp-block-heading\"><strong>Me\u0111unarodne destinacije<\/strong><\/h4>\n\n\n\n<p>Povest \u0107emo vas na putovanje u najljep\u0161e kutke planeta. Od idili\u010dnih pla\u017ea do gradova bogatih povije\u0161\u0107u i kulturom, ovdje \u0107ete otkriti ideje za svoje sljede\u0107e obiteljske avanture. Pripremite se za sanjarenje, planiranje i istra\u017eivanje uz na\u0161e vodi\u010de i preporuke.<\/p>\n\n\n\n<h4 class=\"wp-block-heading\"><strong>Gastronomski do\u017eivljaji<\/strong><\/h4>\n\n\n\n<p>Okus je ujedno i na\u010din putovanja. U ovoj kategoriji dijelimo recepte, recenzije restorana i najpoznatija jela iz razli\u010ditih kultura. Od doma\u0107e kuhinje do gurmanskih iskustava, \u017eelimo probuditi va\u0161e nepce i pomo\u0107i vam da u\u017eivate u svakom zalogaju.<\/p>\n\n\n\n<h4 class=\"wp-block-heading\"><strong>Tehnologija<\/strong><\/h4>\n\n\n\n<p>Znamo da je tehnologija bitan dio modernog \u017eivota. Zato u ovom odjeljku nudimo savjete, preporuke za ure\u0111aje i trendove kako biste bili u tijeku s najnovijim informacijama. \u017delimo vam pomo\u0107i da koristite tehnologiju za pobolj\u0161anje kvalitete svog \u017eivota i \u017eivota svoje obitelji.<\/p>\n\n\n\n<p>U <strong>Blog Obiteljskog svemira<\/strong>Na\u0161a je misija povezati se s vama kroz pri\u010de, savjete i informacije koje oboga\u0107uju va\u0161 svijet i svijet va\u0161e obitelji. Hvala vam \u0161to ste dio ove zajednice! Pozivamo vas da istra\u017eite, u\u017eivate i podijelite ovu sjajnu avanturu s nama.<\/p>","protected":false},"excerpt":{"rendered":"<p>Bienvenidos a Blog Universo Familia, un espacio creado para inspirarte, acompa\u00f1arte y ofrecerte contenido de calidad para enriquecer tu d\u00eda a d\u00eda. Nuestro blog nace con la pasi\u00f3n de explorar el mundo en sus diferentes dimensiones y compartir contigo experiencias \u00fanicas que conecten con tu familia. \u00bfQu\u00e9 encontrar\u00e1s en Blog Universo Familia? Destinos Internacionales Te [&hellip;]<\/p>","protected":false},"author":218,"featured_media":0,"parent":0,"menu_order":0,"comment_status":"closed","ping_status":"closed","template":"page-nosidebar.php","meta":{"footnotes":""},"yoast_head":"<!-- This site is optimized with the Yoast SEO plugin v23.3 - https:\/\/yoast.com\/wordpress\/plugins\/seo\/ -->\n<title>Qui\u00e9nes somos - Blog Universo Fam\u00edlia<\/title>\n<meta name=\"robots\" content=\"index, follow, max-snippet:-1, max-image-preview:large, max-video-preview:-1\" \/>\n<link rel=\"canonical\" href=\"http:\/\/blog.universofamilia.com\/hr\/quienes-somos\/\" \/>\n<meta property=\"og:locale\" content=\"hr_HR\" \/>\n<meta property=\"og:type\" content=\"article\" \/>\n<meta property=\"og:title\" content=\"Qui\u00e9nes somos - Blog Universo Fam\u00edlia\" \/>\n<meta property=\"og:description\" content=\"Bienvenidos a Blog Universo Familia, un espacio creado para inspirarte, acompa\u00f1arte y ofrecerte contenido de calidad para enriquecer tu d\u00eda a d\u00eda. Nuestro blog nace con la pasi\u00f3n de explorar el mundo en sus diferentes dimensiones y compartir contigo experiencias \u00fanicas que conecten con tu familia. \u00bfQu\u00e9 encontrar\u00e1s en Blog Universo Familia? Destinos Internacionales Te [&hellip;]\" \/>\n<meta property=\"og:url\" content=\"http:\/\/blog.universofamilia.com\/hr\/quienes-somos\/\" \/>\n<meta property=\"og:site_name\" content=\"Blog Universo Fam\u00edlia\" \/>\n<meta property=\"article:modified_time\" content=\"2025-10-27T18:34:19+00:00\" \/>\n<meta name=\"twitter:card\" content=\"summary_large_image\" \/>\n<meta name=\"twitter:label1\" content=\"Est. reading time\" \/>\n\t<meta name=\"twitter:data1\" content=\"2 minute\" \/>\n<script type=\"application\/ld+json\" class=\"yoast-schema-graph\">{\"@context\":\"https:\/\/schema.org\",\"@graph\":[{\"@type\":\"WebPage\",\"@id\":\"http:\/\/blog.universofamilia.com\/pl\/quienes-somos\/\",\"url\":\"http:\/\/blog.universofamilia.com\/pl\/quienes-somos\/\",\"name\":\"Qui\u00e9nes somos - Blog Universo Fam\u00edlia\",\"isPartOf\":{\"@id\":\"https:\/\/blog.universofamilia.com\/#website\"},\"datePublished\":\"2024-12-24T18:42:05+00:00\",\"dateModified\":\"2025-10-27T18:34:19+00:00\",\"breadcrumb\":{\"@id\":\"http:\/\/blog.universofamilia.com\/pl\/quienes-somos\/#breadcrumb\"},\"inLanguage\":\"hr\",\"potentialAction\":[{\"@type\":\"ReadAction\",\"target\":[\"http:\/\/blog.universofamilia.com\/pl\/quienes-somos\/\"]}]},{\"@type\":\"BreadcrumbList\",\"@id\":\"http:\/\/blog.universofamilia.com\/pl\/quienes-somos\/#breadcrumb\",\"itemListElement\":[{\"@type\":\"ListItem\",\"position\":1,\"name\":\"Home\",\"item\":\"https:\/\/blog.universofamilia.com\/\"},{\"@type\":\"ListItem\",\"position\":2,\"name\":\"Qui\u00e9nes somos\"}]},{\"@type\":\"WebSite\",\"@id\":\"https:\/\/blog.universofamilia.com\/#website\",\"url\":\"https:\/\/blog.universofamilia.com\/\",\"name\":\"Blog Universo Fam\u00edlia\",\"description\":\"\",\"potentialAction\":[{\"@type\":\"SearchAction\",\"target\":{\"@type\":\"EntryPoint\",\"urlTemplate\":\"https:\/\/blog.universofamilia.com\/?s={search_term_string}\"},\"query-input\":\"required name=search_term_string\"}],\"inLanguage\":\"hr\"}]}<\/script>\n<!-- \/ Yoast SEO plugin. -->","yoast_head_json":{"title":"Qui\u00e9nes somos - Blog Universo Fam\u00edlia","robots":{"index":"index","follow":"follow","max-snippet":"max-snippet:-1","max-image-preview":"max-image-preview:large","max-video-preview":"max-video-preview:-1"},"canonical":"http:\/\/blog.universofamilia.com\/hr\/quienes-somos\/","og_locale":"hr_HR","og_type":"article","og_title":"Qui\u00e9nes somos - Blog Universo Fam\u00edlia","og_description":"Bienvenidos a Blog Universo Familia, un espacio creado para inspirarte, acompa\u00f1arte y ofrecerte contenido de calidad para enriquecer tu d\u00eda a d\u00eda. Nuestro blog nace con la pasi\u00f3n de explorar el mundo en sus diferentes dimensiones y compartir contigo experiencias \u00fanicas que conecten con tu familia. \u00bfQu\u00e9 encontrar\u00e1s en Blog Universo Familia? Destinos Internacionales Te [&hellip;]","og_url":"http:\/\/blog.universofamilia.com\/hr\/quienes-somos\/","og_site_name":"Blog Universo Fam\u00edlia","article_modified_time":"2025-10-27T18:34:19+00:00","twitter_card":"summary_large_image","twitter_misc":{"Est. reading time":"2 minute"},"schema":{"@context":"https:\/\/schema.org","@graph":[{"@type":"WebPage","@id":"http:\/\/blog.universofamilia.com\/pl\/quienes-somos\/","url":"http:\/\/blog.universofamilia.com\/pl\/quienes-somos\/","name":"Qui\u00e9nes somos - Blog Universo Fam\u00edlia","isPartOf":{"@id":"https:\/\/blog.universofamilia.com\/#website"},"datePublished":"2024-12-24T18:42:05+00:00","dateModified":"2025-10-27T18:34:19+00:00","breadcrumb":{"@id":"http:\/\/blog.universofamilia.com\/pl\/quienes-somos\/#breadcrumb"},"inLanguage":"hr","potentialAction":[{"@type":"ReadAction","target":["http:\/\/blog.universofamilia.com\/pl\/quienes-somos\/"]}]},{"@type":"BreadcrumbList","@id":"http:\/\/blog.universofamilia.com\/pl\/quienes-somos\/#breadcrumb","itemListElement":[{"@type":"ListItem","position":1,"name":"Home","item":"https:\/\/blog.universofamilia.com\/"},{"@type":"ListItem","position":2,"name":"Qui\u00e9nes somos"}]},{"@type":"WebSite","@id":"https:\/\/blog.universofamilia.com\/#website","url":"https:\/\/blog.universofamilia.com\/","name":"Blog Universo Fam\u00edlia","description":"","potentialAction":[{"@type":"SearchAction","target":{"@type":"EntryPoint","urlTemplate":"https:\/\/blog.universofamilia.com\/?s={search_term_string}"},"query-input":"required name=search_term_string"}],"inLanguage":"hr"}]}},"_links":{"self":[{"href":"http:\/\/blog.universofamilia.com\/hr\/wp-json\/wp\/v2\/pages\/34"}],"collection":[{"href":"http:\/\/blog.universofamilia.com\/hr\/wp-json\/wp\/v2\/pages"}],"about":[{"href":"http:\/\/blog.universofamilia.com\/hr\/wp-json\/wp\/v2\/types\/page"}],"author":[{"embeddable":true,"href":"http:\/\/blog.universofamilia.com\/hr\/wp-json\/wp\/v2\/users\/218"}],"replies":[{"embeddable":true,"href":"http:\/\/blog.universofamilia.com\/hr\/wp-json\/wp\/v2\/comments?post=34"}],"version-history":[{"count":1,"href":"http:\/\/blog.universofamilia.com\/hr\/wp-json\/wp\/v2\/pages\/34\/revisions"}],"predecessor-version":[{"id":1324,"href":"http:\/\/blog.universofamilia.com\/hr\/wp-json\/wp\/v2\/pages\/34\/revisions\/1324"}],"wp:attachment":[{"href":"http:\/\/blog.universofamilia.com\/hr\/wp-json\/wp\/v2\/media?parent=34"}],"curies":[{"name":"wp","href":"https:\/\/api.w.org\/{rel}","templated":true}]}}