{"id":34,"date":"2024-12-24T18:42:05","date_gmt":"2024-12-24T18:42:05","guid":{"rendered":"https:\/\/blog.universofamilia.com\/?page_id=34"},"modified":"2025-10-27T18:34:19","modified_gmt":"2025-10-27T18:34:19","slug":"quienes-somos","status":"publish","type":"page","link":"http:\/\/blog.universofamilia.com\/cs\/quienes-somos\/","title":{"rendered":"Kdo jsme"},"content":{"rendered":"<p>V\u00edtejte v <strong>Blog Rodinn\u00e9ho vesm\u00edru<\/strong>, prostor vytvo\u0159en\u00fd pro va\u0161i inspiraci, podporu a nab\u00eddku kvalitn\u00edho obsahu, kter\u00fd obohat\u00ed v\u00e1\u0161 ka\u017edodenn\u00ed \u017eivot. N\u00e1\u0161 blog vznikl s v\u00e1\u0161n\u00ed objevovat sv\u011bt v jeho r\u016fzn\u00fdch dimenz\u00edch a sd\u00edlet jedine\u010dn\u00e9 z\u00e1\u017eitky, kter\u00e9 spojuj\u00ed va\u0161i rodinu.<\/p>\n\n\n\n<h3 class=\"wp-block-heading\">Co najdete na blogu Rodinn\u00fd vesm\u00edr?<\/h3>\n\n\n\n<h4 class=\"wp-block-heading\"><strong>Mezin\u00e1rodn\u00ed destinace<\/strong><\/h4>\n\n\n\n<p>Vezmeme v\u00e1s na cestu do nej\u00fa\u017easn\u011bj\u0161\u00edch kout\u016f planety. Od idylick\u00fdch pl\u00e1\u017e\u00ed a\u017e po m\u011bsta opl\u00fdvaj\u00edc\u00ed histori\u00ed a kulturou, zde objev\u00edte n\u00e1pady na va\u0161e dal\u0161\u00ed rodinn\u00e9 dobrodru\u017estv\u00ed. P\u0159ipravte se sn\u00edt, pl\u00e1novat a objevovat s na\u0161imi pr\u016fvodci a doporu\u010den\u00edmi.<\/p>\n\n\n\n<h4 class=\"wp-block-heading\"><strong>Gastronomick\u00e9 z\u00e1\u017eitky<\/strong><\/h4>\n\n\n\n<p>Chu\u0165 je tak\u00e9 zp\u016fsob cestov\u00e1n\u00ed. V t\u00e9to kategorii sd\u00edl\u00edme recepty, recenze restaurac\u00ed a nejikoni\u010dt\u011bj\u0161\u00ed pokrmy z r\u016fzn\u00fdch kultur. Od dom\u00e1c\u00ed kuchyn\u011b a\u017e po gurm\u00e1nsk\u00e9 z\u00e1\u017eitky chceme probudit va\u0161e chu\u0165ov\u00e9 poh\u00e1rky a pomoci v\u00e1m vychutnat si ka\u017ed\u00e9 sousto.<\/p>\n\n\n\n<h4 class=\"wp-block-heading\"><strong>Technologie<\/strong><\/h4>\n\n\n\n<p>V\u00edme, \u017ee technologie jsou ned\u00edlnou sou\u010d\u00e1st\u00ed modern\u00edho \u017eivota. Proto v t\u00e9to sekci nab\u00edz\u00edme tipy, doporu\u010den\u00ed za\u0159\u00edzen\u00ed a trendy, abyste byli v obraze. Chceme v\u00e1m pomoci pou\u017e\u00edvat technologie ke zlep\u0161en\u00ed kvality va\u0161eho \u017eivota a \u017eivota va\u0161\u00ed rodiny.<\/p>\n\n\n\n<p>V <strong>Blog Rodinn\u00e9ho vesm\u00edru<\/strong>Na\u0161\u00edm posl\u00e1n\u00edm je spojit se s v\u00e1mi prost\u0159ednictv\u00edm p\u0159\u00edb\u011bh\u016f, rad a informac\u00ed, kter\u00e9 obohacuj\u00ed v\u00e1\u0161 sv\u011bt a sv\u011bt va\u0161\u00ed rodiny. D\u011bkujeme, \u017ee jste sou\u010d\u00e1st\u00ed t\u00e9to komunity! Zveme v\u00e1s, abyste s n\u00e1mi toto skv\u011bl\u00e9 dobrodru\u017estv\u00ed prozkoumali, u\u017eili si ho a sd\u00edleli.<\/p>","protected":false},"excerpt":{"rendered":"<p>Bienvenidos a Blog Universo Familia, un espacio creado para inspirarte, acompa\u00f1arte y ofrecerte contenido de calidad para enriquecer tu d\u00eda a d\u00eda. Nuestro blog nace con la pasi\u00f3n de explorar el mundo en sus diferentes dimensiones y compartir contigo experiencias \u00fanicas que conecten con tu familia. \u00bfQu\u00e9 encontrar\u00e1s en Blog Universo Familia? Destinos Internacionales Te [&hellip;]<\/p>","protected":false},"author":218,"featured_media":0,"parent":0,"menu_order":0,"comment_status":"closed","ping_status":"closed","template":"page-nosidebar.php","meta":{"footnotes":""},"yoast_head":"<!-- This site is optimized with the Yoast SEO plugin v23.3 - https:\/\/yoast.com\/wordpress\/plugins\/seo\/ -->\n<title>Qui\u00e9nes somos - Blog Universo Fam\u00edlia<\/title>\n<meta name=\"robots\" content=\"index, follow, max-snippet:-1, max-image-preview:large, max-video-preview:-1\" \/>\n<link rel=\"canonical\" href=\"http:\/\/blog.universofamilia.com\/cs\/quienes-somos\/\" \/>\n<meta property=\"og:locale\" content=\"cs_CZ\" \/>\n<meta property=\"og:type\" content=\"article\" \/>\n<meta property=\"og:title\" content=\"Qui\u00e9nes somos - Blog Universo Fam\u00edlia\" \/>\n<meta property=\"og:description\" content=\"Bienvenidos a Blog Universo Familia, un espacio creado para inspirarte, acompa\u00f1arte y ofrecerte contenido de calidad para enriquecer tu d\u00eda a d\u00eda. Nuestro blog nace con la pasi\u00f3n de explorar el mundo en sus diferentes dimensiones y compartir contigo experiencias \u00fanicas que conecten con tu familia. \u00bfQu\u00e9 encontrar\u00e1s en Blog Universo Familia? Destinos Internacionales Te [&hellip;]\" \/>\n<meta property=\"og:url\" content=\"http:\/\/blog.universofamilia.com\/cs\/quienes-somos\/\" \/>\n<meta property=\"og:site_name\" content=\"Blog Universo Fam\u00edlia\" \/>\n<meta property=\"article:modified_time\" content=\"2025-10-27T18:34:19+00:00\" \/>\n<meta name=\"twitter:card\" content=\"summary_large_image\" \/>\n<meta name=\"twitter:label1\" content=\"Est. reading time\" \/>\n\t<meta name=\"twitter:data1\" content=\"2 minuty\" \/>\n<script type=\"application\/ld+json\" class=\"yoast-schema-graph\">{\"@context\":\"https:\/\/schema.org\",\"@graph\":[{\"@type\":\"WebPage\",\"@id\":\"http:\/\/blog.universofamilia.com\/pl\/quienes-somos\/\",\"url\":\"http:\/\/blog.universofamilia.com\/pl\/quienes-somos\/\",\"name\":\"Qui\u00e9nes somos - Blog Universo Fam\u00edlia\",\"isPartOf\":{\"@id\":\"https:\/\/blog.universofamilia.com\/#website\"},\"datePublished\":\"2024-12-24T18:42:05+00:00\",\"dateModified\":\"2025-10-27T18:34:19+00:00\",\"breadcrumb\":{\"@id\":\"http:\/\/blog.universofamilia.com\/pl\/quienes-somos\/#breadcrumb\"},\"inLanguage\":\"cs\",\"potentialAction\":[{\"@type\":\"ReadAction\",\"target\":[\"http:\/\/blog.universofamilia.com\/pl\/quienes-somos\/\"]}]},{\"@type\":\"BreadcrumbList\",\"@id\":\"http:\/\/blog.universofamilia.com\/pl\/quienes-somos\/#breadcrumb\",\"itemListElement\":[{\"@type\":\"ListItem\",\"position\":1,\"name\":\"Home\",\"item\":\"https:\/\/blog.universofamilia.com\/\"},{\"@type\":\"ListItem\",\"position\":2,\"name\":\"Qui\u00e9nes somos\"}]},{\"@type\":\"WebSite\",\"@id\":\"https:\/\/blog.universofamilia.com\/#website\",\"url\":\"https:\/\/blog.universofamilia.com\/\",\"name\":\"Blog Universo Fam\u00edlia\",\"description\":\"\",\"potentialAction\":[{\"@type\":\"SearchAction\",\"target\":{\"@type\":\"EntryPoint\",\"urlTemplate\":\"https:\/\/blog.universofamilia.com\/?s={search_term_string}\"},\"query-input\":\"required name=search_term_string\"}],\"inLanguage\":\"cs\"}]}<\/script>\n<!-- \/ Yoast SEO plugin. -->","yoast_head_json":{"title":"Qui\u00e9nes somos - Blog Universo Fam\u00edlia","robots":{"index":"index","follow":"follow","max-snippet":"max-snippet:-1","max-image-preview":"max-image-preview:large","max-video-preview":"max-video-preview:-1"},"canonical":"http:\/\/blog.universofamilia.com\/cs\/quienes-somos\/","og_locale":"cs_CZ","og_type":"article","og_title":"Qui\u00e9nes somos - Blog Universo Fam\u00edlia","og_description":"Bienvenidos a Blog Universo Familia, un espacio creado para inspirarte, acompa\u00f1arte y ofrecerte contenido de calidad para enriquecer tu d\u00eda a d\u00eda. Nuestro blog nace con la pasi\u00f3n de explorar el mundo en sus diferentes dimensiones y compartir contigo experiencias \u00fanicas que conecten con tu familia. \u00bfQu\u00e9 encontrar\u00e1s en Blog Universo Familia? Destinos Internacionales Te [&hellip;]","og_url":"http:\/\/blog.universofamilia.com\/cs\/quienes-somos\/","og_site_name":"Blog Universo Fam\u00edlia","article_modified_time":"2025-10-27T18:34:19+00:00","twitter_card":"summary_large_image","twitter_misc":{"Est. reading time":"2 minuty"},"schema":{"@context":"https:\/\/schema.org","@graph":[{"@type":"WebPage","@id":"http:\/\/blog.universofamilia.com\/pl\/quienes-somos\/","url":"http:\/\/blog.universofamilia.com\/pl\/quienes-somos\/","name":"Qui\u00e9nes somos - Blog Universo Fam\u00edlia","isPartOf":{"@id":"https:\/\/blog.universofamilia.com\/#website"},"datePublished":"2024-12-24T18:42:05+00:00","dateModified":"2025-10-27T18:34:19+00:00","breadcrumb":{"@id":"http:\/\/blog.universofamilia.com\/pl\/quienes-somos\/#breadcrumb"},"inLanguage":"cs","potentialAction":[{"@type":"ReadAction","target":["http:\/\/blog.universofamilia.com\/pl\/quienes-somos\/"]}]},{"@type":"BreadcrumbList","@id":"http:\/\/blog.universofamilia.com\/pl\/quienes-somos\/#breadcrumb","itemListElement":[{"@type":"ListItem","position":1,"name":"Home","item":"https:\/\/blog.universofamilia.com\/"},{"@type":"ListItem","position":2,"name":"Qui\u00e9nes somos"}]},{"@type":"WebSite","@id":"https:\/\/blog.universofamilia.com\/#website","url":"https:\/\/blog.universofamilia.com\/","name":"Blog Universo Fam\u00edlia","description":"","potentialAction":[{"@type":"SearchAction","target":{"@type":"EntryPoint","urlTemplate":"https:\/\/blog.universofamilia.com\/?s={search_term_string}"},"query-input":"required name=search_term_string"}],"inLanguage":"cs"}]}},"_links":{"self":[{"href":"http:\/\/blog.universofamilia.com\/cs\/wp-json\/wp\/v2\/pages\/34"}],"collection":[{"href":"http:\/\/blog.universofamilia.com\/cs\/wp-json\/wp\/v2\/pages"}],"about":[{"href":"http:\/\/blog.universofamilia.com\/cs\/wp-json\/wp\/v2\/types\/page"}],"author":[{"embeddable":true,"href":"http:\/\/blog.universofamilia.com\/cs\/wp-json\/wp\/v2\/users\/218"}],"replies":[{"embeddable":true,"href":"http:\/\/blog.universofamilia.com\/cs\/wp-json\/wp\/v2\/comments?post=34"}],"version-history":[{"count":1,"href":"http:\/\/blog.universofamilia.com\/cs\/wp-json\/wp\/v2\/pages\/34\/revisions"}],"predecessor-version":[{"id":1324,"href":"http:\/\/blog.universofamilia.com\/cs\/wp-json\/wp\/v2\/pages\/34\/revisions\/1324"}],"wp:attachment":[{"href":"http:\/\/blog.universofamilia.com\/cs\/wp-json\/wp\/v2\/media?parent=34"}],"curies":[{"name":"wp","href":"https:\/\/api.w.org\/{rel}","templated":true}]}}